{"id":19517,"date":"2015-05-12T12:22:45","date_gmt":"2015-05-12T12:22:45","guid":{"rendered":"https:\/\/www.ev-esm.org\/home\/"},"modified":"2026-03-09T11:41:21","modified_gmt":"2026-03-09T10:41:21","slug":"home","status":"publish","type":"page","link":"https:\/\/ev-esm.org\/de\/","title":{"rendered":"Home"},"content":{"rendered":"<div class=\"wpb-content-wrapper\"><p>[vc_row css_animation=&#8220;&#8220; row_type=&#8220;row&#8220; use_row_as_full_screen_section=&#8220;no&#8220; type=&#8220;full_width&#8220; angled_section=&#8220;no&#8220; text_align=&#8220;left&#8220; background_image_as_pattern=&#8220;without_pattern&#8220; z_index=&#8220;&#8220;][vc_column][rev_slider_vc alias=&#8220;home&#8220;][vc_column_text]<\/p>\n<p>&nbsp;<\/p>\n<p>[\/vc_column_text]<div class=\"qode-giwt\">\n    <div class=\"qode-giwt-inner qode-type1-gradient-bottom-to-top-text-hover\">\n                    <a class=\"qode-iwt-link\" href=\"https:\/\/ev-esm.org\/de\/ruf-anmeldung-osterferien-2026\/\" target=\"_self\">\n                    <span class=\"qode-giwt-icon-holder\">\n                <span data-type=\"normal\"  class=\"qode_icon_shortcode  q_font_awsome_icon fa-lg  \" style=\" \"><i class=\"qode_icon_font_awesome fa  qode_icon_element\" style=\"color: #1e73be;\" ><\/i><\/span>            <\/span>\n                    <\/a>\n                <div class=\"qode-giwt-content-holder\">\n            <div class=\"qode-giwt-title-holder\">\n                <h6 style=\"color: #1e73be\">\n                                            <a class=\"qode-iwt-link\" style=\"color: #1e73be\" href=\"https:\/\/ev-esm.org\/de\/ruf-anmeldung-osterferien-2026\/\" target=\"_self\">\n                                            NEU: RUF - Anmeldung Osterferien 2026                                            <\/a>\n                                    <\/h6>\n            <\/div>\n        <\/div>\n    <\/div>\n<\/div>[\/vc_column][\/vc_row][vc_row css_animation=&#8220;&#8220; row_type=&#8220;row&#8220; use_row_as_full_screen_section=&#8220;no&#8220; type=&#8220;grid&#8220; angled_section=&#8220;no&#8220; text_align=&#8220;left&#8220; background_image_as_pattern=&#8220;without_pattern&#8220; z_index=&#8220;&#8220;][vc_column][vc_column_text]<\/p>\n<h3><\/h3>\n<p>&nbsp;<\/p>\n<h3 style=\"text-align: center;\">ELTERNVEREINIGUNG DER EUROP\u00c4ISCHEN SCHULE M\u00dcNCHEN<\/h3>\n<p>&nbsp;<\/p>\n<p>&nbsp;<\/p>\n<p style=\"text-align: center;\">Die Elternvereinigung der Europ\u00e4ischen Schule M\u00fcnchen (EV-ESM) ist eine freiwillige gemeinn\u00fctzige Organisation, die sich aus Mitgliedern der ESM-Elternschaft zusammensetzt. Ziel ist es, das Wohlergehen und die Bildung aller ESM-Sch\u00fcler zu f\u00f6rdern.<\/p>\n<p>[\/vc_column_text][vc_empty_space height=&#8220;46px&#8220;][\/vc_column][\/vc_row][vc_row css_animation=&#8220;&#8220; row_type=&#8220;row&#8220; use_row_as_full_screen_section=&#8220;no&#8220; type=&#8220;grid&#8220; angled_section=&#8220;no&#8220; text_align=&#8220;left&#8220; background_image_as_pattern=&#8220;without_pattern&#8220; z_index=&#8220;&#8220;][vc_column][vc_column_text]<\/p>\n<h3 style=\"text-align: center;\">DIENSTLEISTUNGEN<\/h3>\n<p>[\/vc_column_text][vc_empty_space height=&#8220;46px&#8220;][vc_column_text]<\/p>\n<p style=\"text-align: center;\">Bei unseren Aufgaben liegt der Schwerpunkt auf qualitativ hochwertigen Dienstleistungen, die von freiwilligen Vorstandsmitgliedern verwaltet und von den Mitarbeiter\/innen des EV-ESM-B\u00fcros in diesen vier Bereichen koordiniert werden.<\/p>\n<p>[\/vc_column_text][\/vc_column][\/vc_row][vc_row css_animation=&#8220;&#8220; row_type=&#8220;row&#8220; use_row_as_full_screen_section=&#8220;no&#8220; type=&#8220;grid&#8220; angled_section=&#8220;no&#8220; text_align=&#8220;left&#8220; background_image_as_pattern=&#8220;without_pattern&#8220; z_index=&#8220;&#8220;][vc_column width=&#8220;1\/4&#8243;][vc_empty_space height=&#8220;87px&#8220;][vc_single_image image=&#8220;17020&#8243; img_size=&#8220;64&#215;60&#8243; alignment=&#8220;center&#8220; onclick=&#8220;custom_link&#8220; qode_css_animation=&#8220;element_from_fade&#8220; link=&#8220;https:\/\/www.ev-esm.org\/de\/canteen\/&#8220;][vc_empty_space height=&#8220;12px&#8220;][vc_column_text]<\/p>\n<h4 style=\"text-align: center;\"><a href=\"https:\/\/www.ev-esm.org\/de\/canteen\/\">KANTINE<\/a><\/h4>\n<p>[\/vc_column_text][vc_empty_space height=&#8220;26px&#8220;][vc_column_text]<\/p>\n<p style=\"text-align: center;\">Wir sind f\u00fcr die Kantinen- und Cafeteria-Dienstleistungen in den ESM-R\u00e4umlichkeiten verantwortlich. Gemeinsam mit der Schule und der \u00f6rtlichen Firma Gr\u00f6bl bem\u00fchen wir uns um eine Kultur der gesunden und bewussten Ern\u00e4hrung.<\/p>\n<p>[\/vc_column_text][\/vc_column][vc_column width=&#8220;1\/4&#8243;][vc_empty_space height=&#8220;87px&#8220;][vc_single_image image=&#8220;16494&#8243; img_size=&#8220;71&#215;60&#8243; alignment=&#8220;center&#8220; onclick=&#8220;custom_link&#8220; qode_css_animation=&#8220;element_from_fade&#8220; link=&#8220;https:\/\/www.ev-esm.org\/de\/services\/extra-curricular-activities\/&#8220;][vc_empty_space height=&#8220;12px&#8220;][vc_column_text]<\/p>\n<h4 style=\"text-align: center;\"><a href=\"https:\/\/www.ev-esm.org\/de\/services\/extra-curricular-activities\/\">NEBENSCHULAKTIVIT\u00c4TEN<\/a><\/h4>\n<p>[\/vc_column_text][vc_empty_space height=&#8220;26px&#8220;][vc_column_text]<\/p>\n<p style=\"text-align: center;\">Wir organisieren eine Vielzahl von Nebenschulaktivit\u00e4ten f\u00fcr ESM-Sch\u00fcler\/innen jeden Alters.<\/p>\n<p style=\"text-align: center;\">In unserem Angebot finden Sie Sprache, Musik, Sport, Kreativit\u00e4t, Akademie und andere Kurse.<\/p>\n<p>[\/vc_column_text][\/vc_column][vc_column width=&#8220;1\/4&#8243;][vc_empty_space height=&#8220;87px&#8220;][vc_single_image image=&#8220;15597&#8243; img_size=&#8220;36&#215;65&#8243; alignment=&#8220;center&#8220; onclick=&#8220;custom_link&#8220; qode_css_animation=&#8220;element_from_fade&#8220; link=&#8220;https:\/\/www.ev-esm.org\/de\/garderie\/&#8220;][vc_empty_space height=&#8220;12px&#8220;][vc_column_text]<\/p>\n<h4 style=\"text-align: center;\"><a href=\"https:\/\/www.ev-esm.org\/de\/nachmittagsbetreuung\/\">NACHMITTAGSBETREUUNG<\/a><\/h4>\n<p>[\/vc_column_text][vc_empty_space height=&#8220;26px&#8220;][vc_column_text]<\/p>\n<p style=\"text-align: center;\">Wir kooperieren mit einem Dienstleister, der die Betreuung nach der Schule f\u00fcr Kinder im Kindergarten und in der Grundschule anbieten.<\/p>\n<p style=\"text-align: center;\">In der Nachmittagsbetreuung erhalten Ihre Kinder ein Zusatzprogramm zum regul\u00e4ren Schulunterricht.<\/p>\n<p>[\/vc_column_text][\/vc_column][vc_column width=&#8220;1\/4&#8243;][vc_empty_space height=&#8220;87px&#8220;][vc_single_image image=&#8220;15595&#8243; img_size=&#8220;56&#215;60&#8243; alignment=&#8220;center&#8220; onclick=&#8220;custom_link&#8220; qode_css_animation=&#8220;element_from_fade&#8220; link=&#8220;https:\/\/www.ev-esm.org\/de\/transport\/&#8220;][vc_empty_space height=&#8220;12px&#8220;][vc_column_text]<\/p>\n<h4 style=\"text-align: center;\"><a href=\"https:\/\/www.ev-esm.org\/de\/transport\/\">TRANSPORT<\/a><\/h4>\n<p>[\/vc_column_text][vc_empty_space height=&#8220;26px&#8220;][vc_column_text]<\/p>\n<p style=\"text-align: center;\">Unser Ziel ist einfach: ein sicherer Transport Ihrer Kinder zur und von der Schule. Wir arbeiten eng mit der Stadt M\u00fcnchen und einer Reihe von Busunternehmen zusammen, um einen reibungslosen und zeitnahen Service zu gew\u00e4hrleisten.<\/p>\n<p>[\/vc_column_text][\/vc_column][\/vc_row][vc_row css_animation=&#8220;&#8220; row_type=&#8220;row&#8220; use_row_as_full_screen_section=&#8220;no&#8220; type=&#8220;full_width&#8220; angled_section=&#8220;no&#8220; text_align=&#8220;left&#8220; background_image_as_pattern=&#8220;without_pattern&#8220;][vc_column][vc_empty_space height=&#8220;87px&#8220;][\/vc_column][\/vc_row][vc_row css_animation=&#8220;&#8220; row_type=&#8220;row&#8220; use_row_as_full_screen_section=&#8220;no&#8220; type=&#8220;full_width&#8220; angled_section=&#8220;no&#8220; text_align=&#8220;left&#8220; background_image_as_pattern=&#8220;without_pattern&#8220; css=&#8220;.vc_custom_1548856096790{background-color: #006fb8 !important;}&#8220; z_index=&#8220;&#8220;][vc_column][vc_row_inner row_type=&#8220;row&#8220; type=&#8220;grid&#8220; text_align=&#8220;left&#8220; css_animation=&#8220;element_from_left&#8220; padding_top=&#8220;52&#8243; padding_bottom=&#8220;52&#8243;][vc_column_inner width=&#8220;2\/3&#8243;][vc_column_text]<\/p>\n<p style=\"font-size: 24px; line-height: 50px;\"><span style=\"color: #ffffff;\">For more information<\/span><\/p>\n<p>[\/vc_column_text][\/vc_column_inner][vc_column_inner width=&#8220;1\/3&#8243;]<a  itemprop=\"url\" href=\"mailto:office@ev-esm.org\" target=\"_self\"  class=\"qbutton  center default\" style=\"color: #000000; background-color: #ffffff;\">Contact Us<\/a>[\/vc_column_inner][\/vc_row_inner][\/vc_column][\/vc_row][vc_row css_animation=&#8220;&#8220; row_type=&#8220;row&#8220; use_row_as_full_screen_section=&#8220;no&#8220; type=&#8220;full_width&#8220; angled_section=&#8220;no&#8220; text_align=&#8220;left&#8220; background_image_as_pattern=&#8220;without_pattern&#8220;][vc_column][vc_empty_space height=&#8220;87px&#8220;][\/vc_column][\/vc_row][vc_row css_animation=&#8220;&#8220; row_type=&#8220;row&#8220; use_row_as_full_screen_section=&#8220;no&#8220; type=&#8220;full_width&#8220; angled_section=&#8220;no&#8220; text_align=&#8220;left&#8220; background_image_as_pattern=&#8220;without_pattern&#8220;][vc_column][vc_empty_space height=&#8220;87px&#8220;][\/vc_column][\/vc_row][vc_row css_animation=&#8220;&#8220; row_type=&#8220;row&#8220; use_row_as_full_screen_section=&#8220;no&#8220; type=&#8220;full_width&#8220; angled_section=&#8220;no&#8220; text_align=&#8220;left&#8220; background_image_as_pattern=&#8220;without_pattern&#8220; css=&#8220;.vc_custom_1554457065620{padding-top: 100px !important;padding-bottom: 100px !important;background-image: url(https:\/\/com21.ev-esm.org\/wp-content\/uploads\/2019\/04\/banner.jpg?id=15692) !important;}&#8220; z_index=&#8220;&#8220;][vc_column width=&#8220;1\/6&#8243;][\/vc_column][vc_column width=&#8220;2\/3&#8243;][vc_column_text]<\/p>\n<h1 class=\"quoteText\">\u201cIch\u00a0unterrichte\u00a0meine\u00a0Sch\u00fcler\u00a0nie;<\/h1>\n<h1 class=\"quoteText\">ich\u00a0versuche\u00a0nur,\u00a0Bedingungen\u00a0zu\u00a0schaffen,<\/h1>\n<h1 class=\"quoteText\">unter\u00a0denen\u00a0sie\u00a0lernen\u00a0 k\u00f6nnen.\u201d<\/h1>\n<h1 class=\"quoteText\"><span class=\"authorOrTitle\">Albert Einstein<\/span><\/h1>\n<p>[\/vc_column_text][\/vc_column][vc_column width=&#8220;1\/6&#8243;][\/vc_column][\/vc_row]<\/p>\n<\/div>","protected":false},"excerpt":{"rendered":"<p>[vc_row css_animation=&#8220;&#8220; row_type=&#8220;row&#8220; use_row_as_full_screen_section=&#8220;no&#8220; type=&#8220;full_width&#8220; angled_section=&#8220;no&#8220; text_align=&#8220;left&#8220; background_image_as_pattern=&#8220;without_pattern&#8220; z_index=&#8220;&#8220;][vc_column][rev_slider_vc alias=&#8220;home&#8220;][vc_column_text] &nbsp; [\/vc_column_text][\/vc_column][\/vc_row][vc_row css_animation=&#8220;&#8220; row_type=&#8220;row&#8220; use_row_as_full_screen_section=&#8220;no&#8220; type=&#8220;grid&#8220; angled_section=&#8220;no&#8220; text_align=&#8220;left&#8220; background_image_as_pattern=&#8220;without_pattern&#8220; z_index=&#8220;&#8220;][vc_column][vc_column_text] &nbsp; ELTERNVEREINIGUNG DER EUROP\u00c4ISCHEN SCHULE M\u00dcNCHEN &nbsp; &nbsp; Die Elternvereinigung der Europ\u00e4ischen Schule M\u00fcnchen (EV-ESM) ist eine freiwillige gemeinn\u00fctzige Organisation, die sich aus Mitgliedern der ESM-Elternschaft zusammensetzt. Ziel ist es, das Wohlergehen und die Bildung aller ESM-Sch\u00fcler zu f\u00f6rdern. [\/vc_column_text][vc_empty_space height=&#8220;46px&#8220;][\/vc_column][\/vc_row][vc_row css_animation=&#8220;&#8220; row_type=&#8220;row&#8220; use_row_as_full_screen_section=&#8220;no&#8220; type=&#8220;grid&#8220; angled_section=&#8220;no&#8220; text_align=&#8220;left&#8220; background_image_as_pattern=&#8220;without_pattern&#8220; z_index=&#8220;&#8220;][vc_column][vc_column_text] DIENSTLEISTUNGEN [\/vc_column_text][vc_empty_space height=&#8220;46px&#8220;][vc_column_text] Bei unseren Aufgaben liegt der Schwerpunkt auf qualitativ hochwertigen Dienstleistungen, die von freiwilligen Vorstandsmitgliedern verwaltet und von den Mitarbeiter\/innen des EV-ESM-B\u00fcros in diesen vier Bereichen koordiniert werden. [\/vc_column_text][\/vc_column][\/vc_row][vc_row css_animation=&#8220;&#8220; row_type=&#8220;row&#8220; use_row_as_full_screen_section=&#8220;no&#8220; type=&#8220;grid&#8220; angled_section=&#8220;no&#8220; text_align=&#8220;left&#8220; background_image_as_pattern=&#8220;without_pattern&#8220; z_index=&#8220;&#8220;][vc_column width=&#8220;1\/4&#8243;][vc_empty_space height=&#8220;87px&#8220;][vc_single_image image=&#8220;17020&#8243; img_size=&#8220;64&#215;60&#8243; alignment=&#8220;center&#8220; onclick=&#8220;custom_link&#8220; qode_css_animation=&#8220;element_from_fade&#8220; link=&#8220;https:\/\/www.ev-esm.org\/de\/canteen\/&#8220;][vc_empty_space height=&#8220;12px&#8220;][vc_column_text] KANTINE [\/vc_column_text][vc_empty_space height=&#8220;26px&#8220;][vc_column_text] Wir sind f\u00fcr die Kantinen- und Cafeteria-Dienstleistungen in den ESM-R\u00e4umlichkeiten verantwortlich. Gemeinsam mit der Schule und der \u00f6rtlichen Firma Gr\u00f6bl bem\u00fchen wir uns um eine Kultur der gesunden und bewussten&#8230;<\/p>\n","protected":false},"author":1,"featured_media":0,"parent":0,"menu_order":0,"comment_status":"open","ping_status":"open","template":"full_width.php","meta":{"footnotes":""},"_links":{"self":[{"href":"https:\/\/ev-esm.org\/de\/wp-json\/wp\/v2\/pages\/19517"}],"collection":[{"href":"https:\/\/ev-esm.org\/de\/wp-json\/wp\/v2\/pages"}],"about":[{"href":"https:\/\/ev-esm.org\/de\/wp-json\/wp\/v2\/types\/page"}],"author":[{"embeddable":true,"href":"https:\/\/ev-esm.org\/de\/wp-json\/wp\/v2\/users\/1"}],"replies":[{"embeddable":true,"href":"https:\/\/ev-esm.org\/de\/wp-json\/wp\/v2\/comments?post=19517"}],"version-history":[{"count":139,"href":"https:\/\/ev-esm.org\/de\/wp-json\/wp\/v2\/pages\/19517\/revisions"}],"predecessor-version":[{"id":25037,"href":"https:\/\/ev-esm.org\/de\/wp-json\/wp\/v2\/pages\/19517\/revisions\/25037"}],"wp:attachment":[{"href":"https:\/\/ev-esm.org\/de\/wp-json\/wp\/v2\/media?parent=19517"}],"curies":[{"name":"wp","href":"https:\/\/api.w.org\/{rel}","templated":true}]}}