{"id":19453,"date":"2021-01-22T10:49:18","date_gmt":"2021-01-22T09:49:18","guid":{"rendered":"https:\/\/www.ev-esm.org\/?page_id=19453"},"modified":"2025-09-09T10:22:42","modified_gmt":"2025-09-09T08:22:42","slug":"programm","status":"publish","type":"page","link":"https:\/\/ev-esm.org\/de\/dienstleistungen\/nebenschulaktivitaeten\/programm\/","title":{"rendered":"Informationen zur Buchung und der Kursen"},"content":{"rendered":"<div class=\"wpb-content-wrapper\"><p>[vc_row css_animation=&#8220;&#8220; row_type=&#8220;row&#8220; use_row_as_full_screen_section=&#8220;no&#8220; type=&#8220;full_width&#8220; angled_section=&#8220;no&#8220; text_align=&#8220;left&#8220; background_image_as_pattern=&#8220;without_pattern&#8220;][vc_column][vc_column_text]<\/p>\n<div>\n<h3><strong>Informationen zur Buchung und der Kursen\u00a0<\/strong><\/h3>\n<\/div>\n<p>&nbsp;<\/p>\n<h4><span lang=\"DE\">INFORMATION ZUM SCHULJAHR 2025\/26<\/span><\/h4>\n<p>&nbsp;<\/p>\n<p style=\"text-align: left;\"><a href=\"http:\/\/ev-esm.org\/wp-content\/uploads\/2025\/05\/Kursangebot-2025_26-KG-Stand-21.05.2025.pdf\">NSA-Kursangebot 2025\/26 KG<\/a><\/p>\n<p><a href=\"http:\/\/ev-esm.org\/wp-content\/uploads\/2025\/05\/Kursangebot-2025_26-GS-Stand-21.05.2025.pdf\">NSA-Kursangebot 2025\/26 GS<\/a><\/p>\n<p><a href=\"http:\/\/ev-esm.org\/wp-content\/uploads\/2025\/05\/Kursangebot-2025_26-HS-Stand-21.05.2025.pdf\">NSA-Kursangebot 2025\/26 HS<\/a><\/p>\n<p>&nbsp;<\/p>\n<p>Die Buchungen werden am 03.06.2025 um 9:00 Uhr freigeschaltet.<br \/>\nBitte loggen Sie sich bereits jetzt im Buchungssystem ein um ihre Daten zu aktualisieren und Ihren Zugang zu testen.<\/p>\n<p>&nbsp;<\/p>\n<p>Falls ihr Kind das Schuljahr wiederholen wird, informieren Sie bitte das Office: <a href=\"mailto:office@ev-esm.org\">office@ev-esm.org<\/a><\/p>\n<p>&nbsp;<\/p>\n<p>&nbsp;<\/p>\n<p>&nbsp;<\/p>\n<div>\n<div>\n<div>\n<div>\n<h4><span lang=\"DE\">NEBENSCHULAKTIVIT\u00c4T BUCHEN<\/span><\/h4>\n<p>Bitte lesen Sie die <a href=\"https:\/\/ev-esm.org\/de\/dokumente\/offizielle-dokumente\/\" target=\"_blank\" rel=\"noopener noreferrer\">Teilnahmebedingungen NSA der EV-ESM.<\/a> <span lang=\"DE\">Melden Sie sich in unserem EV-ESM Booking System auf <\/span><a href=\"http:\/\/ev-esm-booking.org\/\"><span lang=\"DE\">ev-esm-booking.org<\/span><\/a><span lang=\"DE\">\u00a0an.<\/span><\/p>\n<p>&nbsp;<\/p>\n<p><span lang=\"DE\">Falls Sie sich im laufendem Schuljahr noch nicht im Buchungssystem eingeloggt haben, m\u00fcssen Sie zun\u00e4chst die Klassenabgabe Ihres Kindes\/Kinder best\u00e4tigen.\u00a0<\/span><\/p>\n<p>&nbsp;<\/p>\n<p><span lang=\"DE\">Unter<em> Dienstleistungen<\/em> im linken Men\u00fc gehen Sie bitte zu <em>Buchungen verwalten<\/em> und w\u00e4hlen Sie die <em>Nebenschulaktivit\u00e4ten<\/em> aus. <\/span><span lang=\"DE\">Bitte pr\u00fcfen Sie, welches Schuljahr Ihnen angezeigt wird (blaues Feld rechts oben). Falls n\u00f6tig wechseln Sie zu dem Schuljahr f\u00fcr das Sie eine Nebenschulaktivit\u00e4t buchen wollen.<\/span><\/p>\n<p>&nbsp;<\/p>\n<p>Auf dieser Seite werden Ihnen all Ihre Kinder mit allen vorhanden Buchungen angezeigt. <span lang=\"DE\">Klicken Sie auf <em>Neu Buchung<\/em> neben dem Kind, f\u00fcr das Sie einen Kurs buchen wollen. Sie sehen dann die vollst\u00e4ndige Liste der buchbaren Kurse. Die Kurse, die f\u00fcr die Altersstufe Ihres Kindes geeignet sind, werden oben angezeigt, die ungeeignete unten. Klicken Sie auf den gew\u00fcnschten Kurs, um die Details anzuzeigen. Sie k\u00f6nnen auf der Detailseite unten buchen.<\/span><\/p>\n<p>&nbsp;<\/p>\n<p><span lang=\"DE\">Nachdem Sie die Buchung abgeschlossen haben, erhalten Sie eine automatische Benachrichtigung per E-Mail. <\/span><span lang=\"DE\">Sie k\u00f6nnen den Status Ihrer Buchung jederzeit im EV-ESM Booking System \u00fcberpr\u00fcfen.<\/span><\/p>\n<\/div>\n<\/div>\n<\/div>\n<p>&nbsp;<\/p>\n<p>&nbsp;<\/p>\n<div>\n<p style=\"font-weight: 400;\"><strong>ALLGEMEINE INFORMATIONEN<\/strong><\/p>\n<p style=\"font-weight: 400;\">Bitte beachten Sie, dass verbindliche Informationen \u00fcber die angebotenen Kurse nur im EV-ESM Booking System vorliegen. Seit der Vorabinformation auf der Homepage der EV-ESM \u00fcber das Kursangebot k\u00f6nnen sich \u00c4nderungen ergeben haben.<\/p>\n<p>&nbsp;<\/p>\n<p style=\"font-weight: 400;\">Falls Ihr Kind im n\u00e4chsten Schuljahr nicht in die n\u00e4chste Schulklasse vorr\u00fcckt, sondern ein Schuljahr wiederholt oder \u00fcberspringt, informieren Sie uns bitte per email dar\u00fcber. Sonst kann es passieren, dass wir Ihre Buchung aufgrund der falschen Jahrgangsstufeninformation ablehnen (z.B. wenn Ihr Kind ein Jahr l\u00e4nger im Kindergarten bleibt).<\/p>\n<p>&nbsp;<\/p>\n<p style=\"font-weight: 400;\">Die Kurse in der ESM starten in der Regel Ende September\/Anfang Oktober, Musikkurse und externe Kurse oft fr\u00fcher. Den jeweiligen Start des Kurses sehen Sie in der Kursdetailinformation.<\/p>\n<p>&nbsp;<\/p>\n<\/div>\n<div>\n<h4><\/h4>\n<div>\n<h4 class=\"xxxmsonormal\"><span lang=\"DE\">KINDERGARTEN UND GRUNDSCHULE<\/span><\/h4>\n<p class=\"xxxmsonormal\"><span lang=\"DE\">\u2022 Die Kurse der Hausaufgabenakademie starten Anfang September\u00a0<\/span><\/p>\n<p class=\"xxxmsonormal\"><span lang=\"DE\">\u2022 Die meisten Kurse haben 30 Kurseinheiten und decken somit den gr\u00f6\u00dften Teil des Schuljahres ab<\/span><\/p>\n<p class=\"xxxmsonormal\"><span lang=\"DE\">\u2022 Halbjahreskurse sind auf 13 oder 15 Einheiten ausgelegt<\/span><\/p>\n<p class=\"xxxmsonormal\"><span lang=\"DE\">\u2022 Die Kurse an den kurzen Schultagen starten um 12:50 oder 14:00, an langen Tagen um 16:00<\/span><\/p>\n<p class=\"xxxmsonormal\"><span lang=\"DE\">\u2022 WICHTIG: Die Kinder der Kindergartens und der Grundschule d\u00fcrfen sich nach Schulschluss nicht unbeaufsichtigt auf dem Schulgel\u00e4nde aufhalten. Eine Kursbuchung ist daher nur m\u00f6glich, wenn Sie verbindlich eine der folgenden M\u00f6glichkeiten f\u00fcr die Zeit bis zum Start der NSA w\u00e4hlen:<\/span><\/p>\n<p class=\"xxxmsonormal\"><span lang=\"DE\">\u00a0\u00a0 &#8211; Nachmittagsbetreuung bei R.U.F. (bis mindestens bis 14:00 f\u00fcr die Kurse die um 12:50 oder 14:00 starten und bis mindestens 16:00 f\u00fcr die Kurse die um 14:20 oder s<\/span><span lang=\"DE\">p\u00e4ter starten)<\/span><\/p>\n<p class=\"xxxmsonormal\"><span lang=\"DE\">\u00a0\u00a0 &#8211; Hausaufgabenakademiekurs bis zum Kursstart. <\/span><span lang=\"DE\">Diese Angebote starten direkt nach Schulschluss. Die Kinder essen gemeinsam mit R.U.F. oder der HAA in der Kantine oder als Kaltesser das selbst mitgebrachtes Essen.<\/span><\/p>\n<p class=\"xxxmsonormal\"><span lang=\"DE\">\u00a0\u00a0 &#8211; Falls Ihr Kind Schulunterricht der ESM hat, der bis zum Kursstart dauert (z.B. Swals Unterricht oder Support), so kann auch ein Kurs direkt im Anschluss daran besucht werden. Beachten Sie aber: Falls der Schulunterricht entf\u00e4llt, kann Ihr Kind nicht unbeaufsichtigt in der Schule bis zum Kursstart warten, sondern muss die Schule verlassen.<\/span><\/p>\n<p class=\"xxxmsonormal\"><span lang=\"DE\">\u2022 Sch\u00fcler, die das Schulgel\u00e4nde verlassen haben, k\u00f6nnen nachmittags nicht zur\u00fcckkommen, um eine NSA zu besuchen.<\/span><\/p>\n<p>&nbsp;<\/p>\n<h4><\/h4>\n<h4 class=\"xxxmsonormal\"><span lang=\"DE\">H\u00d6HERE SCHULE<\/span><\/h4>\n<p class=\"xxxmsonormal\"><span lang=\"DE\">\u2022 Die Kurse umfassen in der Regel 25 Einheiten. Am Schuljahresende stehen viele Kursr\u00e4ume wegen der Abschlusspr\u00fcfungen nicht mehr zur Verf\u00fcgung.<\/span><\/p>\n<p class=\"xxxmsonormal\"><span lang=\"DE\">\u2022 Halbjahreskurse sind auf 13 oder 15 Einheiten ausgelegt.<\/span><\/p>\n<p>&nbsp;<\/p>\n<h4><\/h4>\n<h4 class=\"xxxmsonormal\"><span lang=\"DE\">MUSIKKURSE<\/span><\/h4>\n<p><span lang=\"DE\">\u2022 Musikkurse k\u00f6nnen auch w\u00e4hrend des Schuljahres gebucht werden. Der Preis und die Stundenanzahl wird dann entsprechend angepasst.<\/span><\/p>\n<p><span lang=\"DE\">\u2022 Beratung \u00fcber die verschiedenen Musikkurse und Instrumente, sowie Informationen zu Leihe und Kauf von Instrumenten gibt Frau Katharina Stegemann. Zu erreichen unter: <a href=\"mailto:institut@monsperg.eu\">institut@monsperg.eu<\/a><\/span><\/p>\n<p>Das Musikangebot, die Anmeldung und die Buchung der Musikkurse:\u00a0 <a href=\"https:\/\/www.monsperg-institut.eu\/\">https:\/\/www.monsperg-institut.eu\/<\/a><\/p>\n<h4><\/h4>\n<\/div>\n<\/div>\n<p>&nbsp;<\/p>\n<p>&nbsp;<\/p>\n<p class=\"xxxmsonormal\">\n<\/div>\n<p>[\/vc_column_text][\/vc_column][\/vc_row]<\/p>\n<\/div>","protected":false},"excerpt":{"rendered":"<p>[vc_row css_animation=&#8220;&#8220; row_type=&#8220;row&#8220; use_row_as_full_screen_section=&#8220;no&#8220; type=&#8220;full_width&#8220; angled_section=&#8220;no&#8220; text_align=&#8220;left&#8220; background_image_as_pattern=&#8220;without_pattern&#8220;][vc_column][vc_column_text] Informationen zur Buchung und der Kursen\u00a0 &nbsp; INFORMATION ZUM SCHULJAHR 2025\/26 &nbsp; NSA-Kursangebot 2025\/26 KG NSA-Kursangebot 2025\/26 GS NSA-Kursangebot 2025\/26 HS &nbsp; Die Buchungen werden am 03.06.2025 um 9:00 Uhr freigeschaltet. Bitte loggen Sie sich bereits jetzt im Buchungssystem ein um ihre Daten zu aktualisieren und Ihren Zugang zu testen. &nbsp; Falls ihr Kind das Schuljahr wiederholen wird, informieren Sie bitte das Office: office@ev-esm.org &nbsp; &nbsp; &nbsp; NEBENSCHULAKTIVIT\u00c4T BUCHEN Bitte lesen Sie die Teilnahmebedingungen NSA der EV-ESM. Melden Sie sich in unserem EV-ESM Booking System auf ev-esm-booking.org\u00a0an. &nbsp; Falls Sie sich im laufendem Schuljahr noch nicht im Buchungssystem eingeloggt haben, m\u00fcssen Sie zun\u00e4chst die Klassenabgabe Ihres Kindes\/Kinder best\u00e4tigen.\u00a0 &nbsp; Unter Dienstleistungen im linken Men\u00fc gehen Sie bitte zu Buchungen verwalten und w\u00e4hlen Sie die Nebenschulaktivit\u00e4ten aus. Bitte pr\u00fcfen Sie, welches Schuljahr Ihnen angezeigt wird (blaues Feld rechts oben). Falls n\u00f6tig wechseln Sie&#8230;<\/p>\n","protected":false},"author":3,"featured_media":0,"parent":17121,"menu_order":0,"comment_status":"closed","ping_status":"closed","template":"","meta":{"footnotes":""},"_links":{"self":[{"href":"https:\/\/ev-esm.org\/de\/wp-json\/wp\/v2\/pages\/19453"}],"collection":[{"href":"https:\/\/ev-esm.org\/de\/wp-json\/wp\/v2\/pages"}],"about":[{"href":"https:\/\/ev-esm.org\/de\/wp-json\/wp\/v2\/types\/page"}],"author":[{"embeddable":true,"href":"https:\/\/ev-esm.org\/de\/wp-json\/wp\/v2\/users\/3"}],"replies":[{"embeddable":true,"href":"https:\/\/ev-esm.org\/de\/wp-json\/wp\/v2\/comments?post=19453"}],"version-history":[{"count":96,"href":"https:\/\/ev-esm.org\/de\/wp-json\/wp\/v2\/pages\/19453\/revisions"}],"predecessor-version":[{"id":24773,"href":"https:\/\/ev-esm.org\/de\/wp-json\/wp\/v2\/pages\/19453\/revisions\/24773"}],"up":[{"embeddable":true,"href":"https:\/\/ev-esm.org\/de\/wp-json\/wp\/v2\/pages\/17121"}],"wp:attachment":[{"href":"https:\/\/ev-esm.org\/de\/wp-json\/wp\/v2\/media?parent=19453"}],"curies":[{"name":"wp","href":"https:\/\/api.w.org\/{rel}","templated":true}]}}