{"id":18933,"date":"2020-08-12T11:09:20","date_gmt":"2020-08-12T09:09:20","guid":{"rendered":"https:\/\/www.ev-esm.org\/?page_id=18933"},"modified":"2021-01-23T15:02:52","modified_gmt":"2021-01-23T14:02:52","slug":"dienstleistungen","status":"publish","type":"page","link":"https:\/\/ev-esm.org\/de\/dienstleistungen\/","title":{"rendered":"Dienstleistungen"},"content":{"rendered":"<div class=\"wpb-content-wrapper\"><p>[vc_row css_animation=&#8220;&#8220; row_type=&#8220;row&#8220; use_row_as_full_screen_section=&#8220;no&#8220; type=&#8220;full_width&#8220; angled_section=&#8220;no&#8220; text_align=&#8220;left&#8220; background_image_as_pattern=&#8220;without_pattern&#8220;][vc_column][vc_column_text]<\/p>\n<div class=\"QmZWSe\">\n<div class=\"DHcWmd\">\n<div id=\"tw-target\">\n<div id=\"kAz1tf\" class=\"g9WsWb\">\n<div id=\"tw-target-text-container\" class=\"tw-ta-container hide-focus-ring tw-nfl\" tabindex=\"0\">\n<p id=\"tw-target-text\" class=\"tw-data-text tw-text-large XcVN5d tw-ta\" dir=\"ltr\" data-placeholder=\"\u00dcbersetzung\"><span lang=\"de\">Die Elternvereinigung der Europ\u00e4ischen Schule M\u00fcnchen bietet seinen Mitgliedern folgende Dienstleistungen an:<\/span><\/p>\n<\/div>\n<p dir=\"ltr\" data-placeholder=\"\u00dcbersetzung\"><a href=\"https:\/\/www.ev-esm.org\/de\/dienstleistungen\/nachmittagsbetreuung\/\">Nachmittagsbetreuung<\/a><\/p>\n<p dir=\"ltr\" data-placeholder=\"\u00dcbersetzung\"><a href=\"https:\/\/www.ev-esm.org\/de\/dienstleistungen\/transport-german\/\">Transport<\/a><\/p>\n<p dir=\"ltr\" data-placeholder=\"\u00dcbersetzung\"><a href=\"https:\/\/www.ev-esm.org\/de\/dienstleistungen\/kantine\/\">Kantine<\/a><\/p>\n<p dir=\"ltr\" data-placeholder=\"\u00dcbersetzung\"><a href=\"https:\/\/www.ev-esm.org\/de\/dienstleistungen\/nebenschulaktivitaeten\/\">Nebenschulaktivit\u00e4ten<\/a><\/p>\n<\/div>\n<\/div>\n<\/div>\n<\/div>\n<p>[\/vc_column_text][\/vc_column][\/vc_row]<\/p>\n<\/div>","protected":false},"excerpt":{"rendered":"<p>[vc_row css_animation=&#8220;&#8220; row_type=&#8220;row&#8220; use_row_as_full_screen_section=&#8220;no&#8220; type=&#8220;full_width&#8220; angled_section=&#8220;no&#8220; text_align=&#8220;left&#8220; background_image_as_pattern=&#8220;without_pattern&#8220;][vc_column][vc_column_text] Die Elternvereinigung der Europ\u00e4ischen Schule M\u00fcnchen bietet seinen Mitgliedern folgende Dienstleistungen an: Nachmittagsbetreuung Transport Kantine Nebenschulaktivit\u00e4ten [\/vc_column_text][\/vc_column][\/vc_row]<\/p>\n","protected":false},"author":3,"featured_media":0,"parent":0,"menu_order":0,"comment_status":"closed","ping_status":"closed","template":"","meta":{"footnotes":""},"_links":{"self":[{"href":"https:\/\/ev-esm.org\/de\/wp-json\/wp\/v2\/pages\/18933"}],"collection":[{"href":"https:\/\/ev-esm.org\/de\/wp-json\/wp\/v2\/pages"}],"about":[{"href":"https:\/\/ev-esm.org\/de\/wp-json\/wp\/v2\/types\/page"}],"author":[{"embeddable":true,"href":"https:\/\/ev-esm.org\/de\/wp-json\/wp\/v2\/users\/3"}],"replies":[{"embeddable":true,"href":"https:\/\/ev-esm.org\/de\/wp-json\/wp\/v2\/comments?post=18933"}],"version-history":[{"count":4,"href":"https:\/\/ev-esm.org\/de\/wp-json\/wp\/v2\/pages\/18933\/revisions"}],"predecessor-version":[{"id":19726,"href":"https:\/\/ev-esm.org\/de\/wp-json\/wp\/v2\/pages\/18933\/revisions\/19726"}],"wp:attachment":[{"href":"https:\/\/ev-esm.org\/de\/wp-json\/wp\/v2\/media?parent=18933"}],"curies":[{"name":"wp","href":"https:\/\/api.w.org\/{rel}","templated":true}]}}