{"id":18929,"date":"2020-08-12T11:02:26","date_gmt":"2020-08-12T09:02:26","guid":{"rendered":"https:\/\/www.ev-esm.org\/?page_id=18929"},"modified":"2024-11-19T20:59:38","modified_gmt":"2024-11-19T19:59:38","slug":"datenschutzerklaerung","status":"publish","type":"page","link":"https:\/\/ev-esm.org\/de\/datenschutzerklaerung\/","title":{"rendered":"Datenschutzerkl\u00e4rung"},"content":{"rendered":"<div class=\"wpb-content-wrapper\"><p>[vc_row css_animation=&#8220;&#8220; row_type=&#8220;row&#8220; use_row_as_full_screen_section=&#8220;no&#8220; type=&#8220;full_width&#8220; angled_section=&#8220;no&#8220; text_align=&#8220;left&#8220; background_image_as_pattern=&#8220;without_pattern&#8220;][vc_column][vc_column_text]<\/p>\n<h3><strong>Datenschutzerkl\u00e4rung<\/strong><\/h3>\n<p>&nbsp;<\/p>\n<p>f\u00fcr die Services der Elternvereinigung der Europ\u00e4ischen Schule M\u00fcnchen e.V. (EV-ESM), wie Mitgliederverwaltung, Transport, Nachmittagsbetreuung, Nebenschulaktivit\u00e4ten (NSA) und Kantinenverpflegung.<\/p>\n<p>&nbsp;<\/p>\n<p><strong>1. Geltungsbereich:<\/strong><br \/>\nDiese Datenschutzerkl\u00e4rung gilt f\u00fcr die Websites der Elternvereinigung der Europ\u00e4ischen Schule M\u00fcnchen e.V. (<a href=\"https:\/\/www.ev-esm.org\/\" target=\"_blank\" rel=\"noopener noreferrer\">www.ev-esm.org<\/a>, <a href=\"https:\/\/ev-esm-booking.org\/\">www.ev-esm-booking.org<\/a>, und <a href=\"http:\/\/mitglieder.nsa-esm.org\/\" target=\"_blank\" rel=\"noopener noreferrer\">http:\/\/mitglieder.nsa-esm.org\/<\/a>), und f\u00fcr die \u00fcber diese Webseiten erhobenen personenbezogenen Daten. F\u00fcr Webseiten anderer Anbieter, auf die z.B. \u00fcber Links verwiesen wird, gelten die dortigen Datenschutzhinweise und -erkl\u00e4rungen.<\/p>\n<p>&nbsp;<\/p>\n<p><strong>2. Veranwortlicher:<\/strong><br \/>\nVerantwortlich ist die<br \/>\nElternvereinigung der Europ\u00e4ischen Schule M\u00fcnchen e.V.<br \/>\nAuguste-Kent-Platz 3, 81549 M\u00fcnchen<br \/>\nVorstandsvorsitzender: Katia Sittler<br \/>\nTelefon:+49 89 6281 64311<br \/>\nE-Mail: <a href=\"mailto:office@ev-esm.org\">office@ev-esm.org<\/a> &#8211; Ihre Daten werden verschl\u00fcsselt an uns \u00fcbertragen.<br \/>\nWir weisen darauf hin, dass die Daten\u00fcbertragung im Internet (z.B. bei der Kommunikation per E-Mail) Sicherheitsl\u00fccken aufweisen kann. Ein l\u00fcckenloser Schutz ist nicht m\u00f6glich.<\/p>\n<p>&nbsp;<\/p>\n<p><strong>3. Erhebung und Verarbeitung personenbezogener Daten:<\/strong><br \/>\nGem\u00e4\u00df Art. 4 DS-GVO sind personenbezogene Daten<br \/>\nalle Informationen, die sich auf eine identifizierte oder identifizierbare nat\u00fcrliche Person beziehen; als identifizierbar wird eine nat\u00fcrliche Person angesehen, die direkt oder indirekt, insbesondere mittels Zuordnung zu einer Kennung wie einem Namen, zu einer Kennnummer, zu Standortdaten, zu einer Online- Kennung oder zu einem oder mehreren besonderen Merkmalen identifiziert werden kann, die Ausdruck der physischen, physiologischen, genetischen, psychischen, wirtschaftlichen, kulturellen oder sozialen Identit\u00e4t dieser nat\u00fcrlichen Person sind.<br \/>\n<strong>Umfang und Zweck<\/strong>: Sie haben die M\u00f6glichkeit, sich auf unserer Website <a href=\"https:\/\/ev-esm-booking.org\/\">www.ev-esm-booking.org<\/a>\u00a0zu registrieren und anschlie\u00dfend \u00fcber die mitgeteilten Log-in-Daten auf Ihre Benutzerprofile zuzugreifen. Wir erheben, speichern und verarbeiten Ihre \u00fcbermittelten personenbezogenen Daten (zum Beispiel: Ihren Namen, Ihre Anschrift und Ihre Telefonnummer, Ihre E-Mail-Adresse, Ihre Bankverbindung), soweit dies f\u00fcr die Abwicklung von Anfragen, Auftr\u00e4gen oder der technischen Administration der Webseiten erforderlich ist und zu Zwecken, zu denen wir gesetzlich verpflichtet sind. So m\u00fcssen z. B. zur Abrechnung kostenpflichtiger Dienste Ihr Name und Ihre Anschrift etc. an den Abrechnungsdienstleister weitergegeben werden.<br \/>\n<strong>Die freiwillige Zurverf\u00fcgungstellung dieser Daten ist eine Einwilligung in die Nutzung der Daten im vorstehenden Sinne:<\/strong><br \/>\n<strong>Rechtsgrundlage<\/strong> f\u00fcr die Datenverarbeitung sind Art. 6 Abs. 1 S. 1 lit. a, b, c, f DS-GVO.<\/p>\n<p>a. Einwilligung in die Verarbeitung meiner personenbezogenen Daten:<\/p>\n<div>\n<p>1. Ich bin damit einverstanden, dass die personenbezogenen Daten, die von mir im Rahmen der Buchung von Dienstleistungen \u00fcber das Buchungssystem der EV-ESM erhoben werden, an folgende Dienstleister und an die Europ\u00e4ische Schule M\u00fcnchen (ESM) weitergeleitet und auf den Server der jeweiligen Dienstleister bzw. der ESM gespeichert werden: Il Cielo, R.U.F., Die Pauker, Landeshauptstadt M\u00fcnchen Referat f\u00fcr Bildung und Sport Gast- und Vertragsschulwesen, Kostenfreiheit des Schulweges RBS-GV, die beauftragten Transport- und Busfirmen und alle in deren R\u00e4umlichkeiten Nebenschulaktivit\u00e4ten stattfinden oder die solche f\u00fcr die EV-ESM anbieten wie Tennisschule Alexander Raschke, SVN M\u00fcnchen, Schwimmschule Team Sportkonzepte, Ph\u00f6nixbad, Konfuzius Institut, Ewto M\u00fcnchen, Irish Dance School Germany, Musikseminar der ESM, HHG und die jeweiligen Kursleiter.<br \/>\nIch bin ferner damit einverstanden, dass die EV-ESM diese Daten zur Begr\u00fcndung, Durchf\u00fchrung und Abwicklung meines Nutzungsverh\u00e4ltnisses mit Il Cielo, R.U.F., Die Pauker, Landeshauptstadt M\u00fcnchen Referat f\u00fcr Bildung und Sport Gast- und Vertragsschulwesen, Kostenfreiheit des Schulweges RBS-GV, die beauftragten Transport- und Busfirmen und alle in deren R\u00e4umlichkeiten Nebenschulaktivit\u00e4ten stattfinden oder die solche f\u00fcr die EV-ESM anbieten wie Tennisschule Alexander Raschke, SVN M\u00fcnchen, Schwimmschule Team Sportkonzepte, Ph\u00f6nixbad, Konfuzius Institut, Ewto M\u00fcnchen, Irish Dance School Germany, Musikseminar der ESM, HHG und die jeweiligen Kursleiter verwendet. Zu diesem Zwecke willigte ich auch in die \u00dcbermittlung meiner Daten zwischen folgenden Unternehmen ein: ESM, Il Cielo, R.U.F., die Pauker, Landeshauptstadt M\u00fcnchen Referat f\u00fcr Bildung und Sport Gast- und Vertragsschulwesen, Kostenfreiheit des Schulweges RBS-GV, die beauftragten Transport- und Busfirmen und alle in deren R\u00e4umlichkeiten Nebenschulaktivit\u00e4ten stattfinden oder die solche f\u00fcr die EV-ESM anbieten wie Tennisschule Alexander Raschke, SVN M\u00fcnchen, Schwimmschule Team Sportkonzepte, Ph\u00f6nixbad, Konfuzius Institut, Ewto M\u00fcnchen, Irish Dance School Germany, Musikseminar der ESM, HHG und die jeweiligen Kursleiter.<\/p>\n<p>2. Diese Einwilligungserkl\u00e4rung kann ich jederzeit mit der Wirkung f\u00fcr die Zukunft gegen\u00fcber der EV-ESM widerrufen.<\/p>\n<\/div>\n<p>&nbsp;<\/p>\n<p><strong>4. Cookies und Analysetool<\/strong><br \/>\na. Cookies:<br \/>\nUmfang: Wir setzen auf unserer Website Session-Cookies ein.<br \/>\nZweck der Verarbeitung: Wir setzen sogenannte Session-Cookies ein, um Sie f\u00fcr die Anmeldung (Log-in) und w\u00e4hrend der Sitzung (Session) als legitimen Nutzer identifizieren zu k\u00f6nnen.<br \/>\nDie Nutzung von Cookies muss also zugelassen werden, damit Sie unsere Webseiten nutzen k\u00f6nnen. Rechtsgrundlage: Art 6 Abs. 1 S. 1 lit. f<br \/>\nb. Dar\u00fcber hinaus verwenden wir kein Website-Tracking, Social Plug-ins, Google+, Webanalysedienste wie Google Analytics o. \u00e4.<\/p>\n<p>&nbsp;<\/p>\n<p><strong>5. Erhebung und Verarbeitung nicht personenbezogener Daten<\/strong><br \/>\nNutzungsdaten:<br \/>\n<strong>Umfang:<\/strong> Wenn Sie unsere Webseiten aufrufen, \u00fcbermitteln Sie (aus technischer Notwendigkeit heraus) \u00fcber Ihren Browser Daten an unseren Webserver. Folgende Daten werden w\u00e4hrend einer laufenden Verbindung zur Kommunikation zwischen Ihrem Browser und unserem Webserver in einem Logfile aufgezeichnet und bis zur automatisierten L\u00f6schung gespeichert:<br \/>\n\u2022 Datum und Uhrzeit des Zugriffs<br \/>\n\u2022 Name und Internetadresse der angeforderten Dateien<br \/>\n\u2022 Zugriffsstatus<br \/>\n\u2022 Webseite, von der aus die Dateien angefordert wurden (Referrer-URL)<br \/>\n\u2022 verwendeter Browser, verwendetes Betriebssystem, Name Ihres Access-Providers<br \/>\n\u2022 IP-Adresse des anfragenden Rechners<br \/>\n\u2022 \u00fcbertragene Datenmenge<br \/>\n<strong>Zweck der Verarbeitung:<\/strong> F\u00fcr die Nutzungsm\u00f6glichkeit unserer Website, aus Gr\u00fcnden der technischen Sicherheit und eines reibungslosen Verbindungsaufbaus werden diese Daten verarbeitet. Ein R\u00fcckschluss auf einzelne Personen ist uns anhand dieser Daten nicht m\u00f6glich. Eine Weitergabe an Dritte findet nicht statt.<br \/>\n<strong>Rechtsgrundlage<\/strong> f\u00fcr die Datenverarbeitung ist Art. 6 Abs. 1 S. 1 lit. f. Unser berechtigtes Interesse folgt aus dem oben genannten Zweck der Verarbeitung.<\/p>\n<p>&nbsp;<\/p>\n<p><strong>6. Weitergabe von Daten<\/strong><br \/>\nEine \u00dcbermittlung Ihrer Daten an Dritte zu anderen als den im Folgenden aufgef\u00fchrten Zwecken findet nicht statt. Wir geben Ihre Daten nur an Dritte weiter, wenn<br \/>\n&#8211; Sie ihre nach Art. 6 Abs. 1 S. 1 lit. a ausdr\u00fcckliche Einwilligung dazu erteilt haben<br \/>\n&#8211; die Weitergabe nach Art. 6 Abs. 1 S. 1 lit. f zur Geltendmachung, Aus\u00fcbung oder Verteidigung von Rechtsanspr\u00fcchen erforderlich ist und kein Grund zur Annahme besteht, dass Sie ein<br \/>\n\u00fcberwiegendes schutzw\u00fcrdiges Interesse an der Nichtweitergabe Ihrer Daten haben<br \/>\n&#8211; f\u00fcr den Fall, dass die Weitergabe nach Art. 6 Abs. 1 lit. b f\u00fcr die Abwicklung von<br \/>\nVertragsverh\u00e4ltnissen mit Ihnen erforderlich ist.<\/p>\n<p>&nbsp;<\/p>\n<p><strong>7. Ihre Rechte<\/strong><br \/>\nSie k\u00f6nnen der Verwendung Ihrer Daten ohne vorherige Einwilligung jederzeit mit Wirkung f\u00fcr die Zukunft widersprechen.<br \/>\nEine gegebenenfalls erteilte Einwilligung kann jederzeit, auch teilweise, mit Wirkung f\u00fcr die Zukunft widerrufen werden.<br \/>\nSie haben dar\u00fcber hinaus folgende Rechte:<br \/>\n<strong>Recht auf Auskunft:<\/strong><br \/>\nSie k\u00f6nnen Auskunft gem. Art. 15 DS-GVO \u00fcber Ihre von uns verarbeiteten personenbezogenen Daten verlangen. In Ihrem Auskunftsantrag sollten Sie Ihr Anliegen pr\u00e4zisieren, um uns das Zusammenstellen der erforderlichen Daten zu erleichtern. Die Information erfolgt in Textform. Kontakt, siehe oben.<br \/>\n<strong>Recht auf Berichtigung:<\/strong><br \/>\nSollten die Sie betreffenden Angaben nicht oder nicht mehr zutreffend sein, k\u00f6nnen Sie nach Art. 16 DS- GVO eine Berichtigung verlangen, soweit Sie selbst keinen Zugriff auf Ihre Daten haben. Sollten Ihre Daten unvollst\u00e4ndig sein, k\u00f6nnen Sie eine Vervollst\u00e4ndigung verlangen, soweit Ihnen selbst eine Vervollst\u00e4ndigung per Zugriff nicht m\u00f6glich ist.<br \/>\n<strong>Recht auf L\u00f6schung:<\/strong><br \/>\nSie k\u00f6nnen unter den Bedingungen des Art. 17 DS-GVO die L\u00f6schung Ihrer personenbezogenen Daten verlangen. Bestehen gesetzliche Rechte oder Verpflichtungen, die Daten weiter zu speichern, k\u00f6nnten diese dann nur gesperrt werden.<br \/>\nRecht auf Einschr\u00e4nkung der Verarbeitung:<br \/>\nSie haben im Rahmen der Vorgaben des Art. 18 DS-GVO das Recht, eine Einschr\u00e4nkung der Verarbeitung der Sie betreffenden Daten zu verlangen, soweit die Voraussetzungen dazu gegeben sind.<br \/>\n<strong>Recht auf Widerspruch:<\/strong><br \/>\nSie haben nach Art. 21 DS-GVO das Recht, aus Gr\u00fcnden, die sich aus Ihrer besonderen Situation ergeben, jederzeit der Verarbeitung der Sie betreffenden Daten zu widersprechen.<br \/>\n<strong>Ein Beschwerderecht bei einer Aufsichtsbeh\u00f6rde gem. Art 77 DS-GVO.<\/strong><\/p>\n<p>&nbsp;<\/p>\n<p><strong>8. \u00c4nderungen dieser Datenschutzerkl\u00e4rung<\/strong><br \/>\nJede \u00c4nderung der Datenschutzerkl\u00e4rung wird hier bekannt gegeben und gilt ab dem Ver\u00f6ffentlichungsdatum.<\/p>\n<p>Version 1.5 \/ Stand: 17.05.2021[\/vc_column_text][\/vc_column][\/vc_row]<\/p>\n<\/div>","protected":false},"excerpt":{"rendered":"<p>[vc_row css_animation=&#8220;&#8220; row_type=&#8220;row&#8220; use_row_as_full_screen_section=&#8220;no&#8220; type=&#8220;full_width&#8220; angled_section=&#8220;no&#8220; text_align=&#8220;left&#8220; background_image_as_pattern=&#8220;without_pattern&#8220;][vc_column][vc_column_text] Datenschutzerkl\u00e4rung &nbsp; f\u00fcr die Services der Elternvereinigung der Europ\u00e4ischen Schule M\u00fcnchen e.V. (EV-ESM), wie Mitgliederverwaltung, Transport, Nachmittagsbetreuung, Nebenschulaktivit\u00e4ten (NSA) und Kantinenverpflegung. &nbsp; 1. Geltungsbereich: Diese Datenschutzerkl\u00e4rung gilt f\u00fcr die Websites der Elternvereinigung der Europ\u00e4ischen Schule M\u00fcnchen e.V. (www.ev-esm.org, www.ev-esm-booking.org, und http:\/\/mitglieder.nsa-esm.org\/), und f\u00fcr die \u00fcber diese Webseiten erhobenen personenbezogenen Daten. F\u00fcr Webseiten anderer Anbieter, auf die z.B. \u00fcber Links verwiesen wird, gelten die dortigen Datenschutzhinweise und -erkl\u00e4rungen. &nbsp; 2. Veranwortlicher: Verantwortlich ist die Elternvereinigung der Europ\u00e4ischen Schule M\u00fcnchen e.V. Auguste-Kent-Platz 3, 81549 M\u00fcnchen Vorstandsvorsitzender: Katia Sittler Telefon:+49 89 6281 64311 E-Mail: office@ev-esm.org &#8211; Ihre Daten werden verschl\u00fcsselt an uns \u00fcbertragen. Wir weisen darauf hin, dass die Daten\u00fcbertragung im Internet (z.B. bei der Kommunikation per E-Mail) Sicherheitsl\u00fccken aufweisen kann. Ein l\u00fcckenloser Schutz ist nicht m\u00f6glich. &nbsp; 3. Erhebung und Verarbeitung personenbezogener Daten: Gem\u00e4\u00df Art. 4 DS-GVO sind personenbezogene Daten alle Informationen, die sich&#8230;<\/p>\n","protected":false},"author":3,"featured_media":0,"parent":0,"menu_order":0,"comment_status":"closed","ping_status":"open","template":"","meta":{"footnotes":""},"_links":{"self":[{"href":"https:\/\/ev-esm.org\/de\/wp-json\/wp\/v2\/pages\/18929"}],"collection":[{"href":"https:\/\/ev-esm.org\/de\/wp-json\/wp\/v2\/pages"}],"about":[{"href":"https:\/\/ev-esm.org\/de\/wp-json\/wp\/v2\/types\/page"}],"author":[{"embeddable":true,"href":"https:\/\/ev-esm.org\/de\/wp-json\/wp\/v2\/users\/3"}],"replies":[{"embeddable":true,"href":"https:\/\/ev-esm.org\/de\/wp-json\/wp\/v2\/comments?post=18929"}],"version-history":[{"count":12,"href":"https:\/\/ev-esm.org\/de\/wp-json\/wp\/v2\/pages\/18929\/revisions"}],"predecessor-version":[{"id":24255,"href":"https:\/\/ev-esm.org\/de\/wp-json\/wp\/v2\/pages\/18929\/revisions\/24255"}],"wp:attachment":[{"href":"https:\/\/ev-esm.org\/de\/wp-json\/wp\/v2\/media?parent=18929"}],"curies":[{"name":"wp","href":"https:\/\/api.w.org\/{rel}","templated":true}]}}