{"id":18904,"date":"2021-01-22T13:24:13","date_gmt":"2021-01-22T12:24:13","guid":{"rendered":"https:\/\/www.ev-esm.org\/?page_id=18904"},"modified":"2021-10-28T20:56:47","modified_gmt":"2021-10-28T18:56:47","slug":"franzoesisch","status":"publish","type":"page","link":"https:\/\/ev-esm.org\/de\/sprachsektionen\/franzoesisch\/","title":{"rendered":"Franz\u00f6sisch"},"content":{"rendered":"<div class=\"wpb-content-wrapper\"><p>[vc_row css_animation=&#8220;&#8220; row_type=&#8220;row&#8220; use_row_as_full_screen_section=&#8220;no&#8220; type=&#8220;full_width&#8220; angled_section=&#8220;no&#8220; text_align=&#8220;left&#8220; background_image_as_pattern=&#8220;without_pattern&#8220;][vc_column][vc_column_text]<\/p>\n<div class=\"n module-type-text diyfeLiveArea \">\n<p>Chaque section linguistique de l\u2019\u00e9cole est repr\u00e9sent\u00e9e \u00e0 l\u2019association des parents et aux conseils p\u00e9dagogiques de l\u2019\u00e9cole primaire et de l\u2019\u00e9cole secondaire.<\/p>\n<p>&nbsp;<\/p>\n<\/div>\n<div class=\"n module-type-text diyfeLiveArea \">\n<p>Le repr\u00e9sentant de la section francophone \u00e0 l\u2019association des parents de l\u2019\u00e9cole est \u00e9lu tous les deux ans.<\/p>\n<p>&nbsp;<\/p>\n<p>Ce poste est occup\u00e9 depuis octobre 2021 par <a href=\"mailto:fr.er-hs@ev-esm.org\">Vanessa Doublier<\/a>.<\/p>\n<p>&nbsp;<\/p>\n<p>Les repr\u00e9sentants aux conseils p\u00e9dagogiques de l\u2019\u00e9cole ont \u00e9t\u00e9 \u00e9lus pour un mandat de deux ans en octobre 2018, ils sont:<\/p>\n<ul>\n<li>Repr\u00e9sentante titulaire au conseil p\u00e9dagogique du primaire:\u00a0 <a href=\"mailto:fr.er-gs@ev-esm.org\">Muriel Lepage<\/a><\/li>\n<li>Repr\u00e9sentante titulaire au conseil p\u00e9dagogique du secondaire: <a href=\"mailto:fr.er-hs@ev-esm.org\">Vanessa Doublier<\/a><\/li>\n<li>Suppl\u00e9ant au conseil p\u00e9dagogique du primaire et secondaire: <a href=\"mailto:sekretariat.vorstand@ev-esm.org\">Elise Chapoy<\/a><\/li>\n<\/ul>\n<\/div>\n<div class=\"n module-type-text diyfeLiveArea \">\n<p>&nbsp;<\/p>\n<\/div>\n<p>[\/vc_column_text][\/vc_column][\/vc_row]<\/p>\n<\/div>","protected":false},"excerpt":{"rendered":"<p>[vc_row css_animation=&#8220;&#8220; row_type=&#8220;row&#8220; use_row_as_full_screen_section=&#8220;no&#8220; type=&#8220;full_width&#8220; angled_section=&#8220;no&#8220; text_align=&#8220;left&#8220; background_image_as_pattern=&#8220;without_pattern&#8220;][vc_column][vc_column_text] Chaque section linguistique de l\u2019\u00e9cole est repr\u00e9sent\u00e9e \u00e0 l\u2019association des parents et aux conseils p\u00e9dagogiques de l\u2019\u00e9cole primaire et de l\u2019\u00e9cole secondaire. &nbsp; Le repr\u00e9sentant de la section francophone \u00e0 l\u2019association des parents de l\u2019\u00e9cole est \u00e9lu tous les deux ans. &nbsp; Ce poste est occup\u00e9 depuis octobre 2021 par Vanessa Doublier. &nbsp; Les repr\u00e9sentants aux conseils p\u00e9dagogiques de l\u2019\u00e9cole ont \u00e9t\u00e9 \u00e9lus pour un mandat de deux ans en octobre 2018, ils sont: Repr\u00e9sentante titulaire au conseil p\u00e9dagogique du primaire:\u00a0 Muriel Lepage Repr\u00e9sentante titulaire au conseil p\u00e9dagogique du secondaire: Vanessa Doublier Suppl\u00e9ant au conseil p\u00e9dagogique du primaire et secondaire: Elise Chapoy &nbsp; [\/vc_column_text][\/vc_column][\/vc_row]<\/p>\n","protected":false},"author":3,"featured_media":0,"parent":18687,"menu_order":0,"comment_status":"closed","ping_status":"closed","template":"","meta":{"footnotes":""},"_links":{"self":[{"href":"https:\/\/ev-esm.org\/de\/wp-json\/wp\/v2\/pages\/18904"}],"collection":[{"href":"https:\/\/ev-esm.org\/de\/wp-json\/wp\/v2\/pages"}],"about":[{"href":"https:\/\/ev-esm.org\/de\/wp-json\/wp\/v2\/types\/page"}],"author":[{"embeddable":true,"href":"https:\/\/ev-esm.org\/de\/wp-json\/wp\/v2\/users\/3"}],"replies":[{"embeddable":true,"href":"https:\/\/ev-esm.org\/de\/wp-json\/wp\/v2\/comments?post=18904"}],"version-history":[{"count":5,"href":"https:\/\/ev-esm.org\/de\/wp-json\/wp\/v2\/pages\/18904\/revisions"}],"predecessor-version":[{"id":21571,"href":"https:\/\/ev-esm.org\/de\/wp-json\/wp\/v2\/pages\/18904\/revisions\/21571"}],"up":[{"embeddable":true,"href":"https:\/\/ev-esm.org\/de\/wp-json\/wp\/v2\/pages\/18687"}],"wp:attachment":[{"href":"https:\/\/ev-esm.org\/de\/wp-json\/wp\/v2\/media?parent=18904"}],"curies":[{"name":"wp","href":"https:\/\/api.w.org\/{rel}","templated":true}]}}