{"id":18897,"date":"2021-01-22T13:24:13","date_gmt":"2021-01-22T12:24:13","guid":{"rendered":"https:\/\/www.ev-esm.org\/?page_id=18897"},"modified":"2026-01-23T08:19:41","modified_gmt":"2026-01-23T07:19:41","slug":"nuetzliche-links","status":"publish","type":"page","link":"https:\/\/ev-esm.org\/de\/nuetzliche-links\/","title":{"rendered":"N\u00fctzliche Links"},"content":{"rendered":"<div class=\"wpb-content-wrapper\"><p>[vc_row css_animation=&#8220;&#8220; row_type=&#8220;row&#8220; use_row_as_full_screen_section=&#8220;no&#8220; type=&#8220;full_width&#8220; angled_section=&#8220;no&#8220; text_align=&#8220;left&#8220; background_image_as_pattern=&#8220;without_pattern&#8220;][vc_column][vc_column_text]<\/p>\n<h3>N\u00fctzliche links<\/h3>\n<p>&nbsp;<\/p>\n<p><a href=\"http:\/\/www.ev-esm-booking.org\">EV-ESM Booking System<\/a><\/p>\n<p><a href=\"https:\/\/esmunich.de\/home.html\" target=\"_blank\" rel=\"noopener noreferrer\">Europ\u00e4ische Schule M\u00fcnchen<\/a><\/p>\n<p><a href=\"https:\/\/esmunich.de\/en\/our-school\/contact\/schulfreie-tage.html\" target=\"_blank\" rel=\"noopener noreferrer\">ESM Schulkalender<\/a><\/p>\n<p><a href=\"https:\/\/www.eursc.eu\/en\" target=\"_blank\" rel=\"noopener noreferrer\">Schola Europea<\/a><\/p>\n<p><a href=\"http:\/\/interparents.eu\" target=\"_blank\" rel=\"noopener noreferrer\">Interparents<\/a><\/p>\n<p><a href=\"https:\/\/groebl-catering.meinessen.org\/Vorbesteller\/Default.aspx\" target=\"_blank\" rel=\"noopener noreferrer\">Gr\u00f6bl Catering (Login-Seite)<\/a><\/p>\n<p><a href=\"https:\/\/www.ruf-muc.de\" target=\"_blank\" rel=\"noopener noreferrer\">R.U.F.<\/a><\/p>\n<p><a href=\"https:\/\/www.die-pauker.de\/startseite\/\">Die Pauker<\/a><\/p>\n<h3><\/h3>\n<p>[\/vc_column_text][\/vc_column][\/vc_row]<\/p>\n<\/div>","protected":false},"excerpt":{"rendered":"<p>[vc_row css_animation=&#8220;&#8220; row_type=&#8220;row&#8220; use_row_as_full_screen_section=&#8220;no&#8220; type=&#8220;full_width&#8220; angled_section=&#8220;no&#8220; text_align=&#8220;left&#8220; background_image_as_pattern=&#8220;without_pattern&#8220;][vc_column][vc_column_text] N\u00fctzliche links &nbsp; EV-ESM Booking System Europ\u00e4ische Schule M\u00fcnchen ESM Schulkalender Schola Europea Interparents Gr\u00f6bl Catering (Login-Seite) R.U.F. Die Pauker [\/vc_column_text][\/vc_column][\/vc_row]<\/p>\n","protected":false},"author":3,"featured_media":0,"parent":0,"menu_order":0,"comment_status":"closed","ping_status":"closed","template":"","meta":{"footnotes":""},"_links":{"self":[{"href":"https:\/\/ev-esm.org\/de\/wp-json\/wp\/v2\/pages\/18897"}],"collection":[{"href":"https:\/\/ev-esm.org\/de\/wp-json\/wp\/v2\/pages"}],"about":[{"href":"https:\/\/ev-esm.org\/de\/wp-json\/wp\/v2\/types\/page"}],"author":[{"embeddable":true,"href":"https:\/\/ev-esm.org\/de\/wp-json\/wp\/v2\/users\/3"}],"replies":[{"embeddable":true,"href":"https:\/\/ev-esm.org\/de\/wp-json\/wp\/v2\/comments?post=18897"}],"version-history":[{"count":9,"href":"https:\/\/ev-esm.org\/de\/wp-json\/wp\/v2\/pages\/18897\/revisions"}],"predecessor-version":[{"id":25001,"href":"https:\/\/ev-esm.org\/de\/wp-json\/wp\/v2\/pages\/18897\/revisions\/25001"}],"wp:attachment":[{"href":"https:\/\/ev-esm.org\/de\/wp-json\/wp\/v2\/media?parent=18897"}],"curies":[{"name":"wp","href":"https:\/\/api.w.org\/{rel}","templated":true}]}}