{"id":18891,"date":"2021-01-22T13:24:13","date_gmt":"2021-01-22T12:24:13","guid":{"rendered":"https:\/\/www.ev-esm.org\/?page_id=18891"},"modified":"2021-01-22T13:24:13","modified_gmt":"2021-01-22T12:24:13","slug":"spanisch","status":"publish","type":"page","link":"https:\/\/ev-esm.org\/de\/sprachsektionen\/spanisch\/","title":{"rendered":"Spanisch"},"content":{"rendered":"<div class=\"wpb-content-wrapper\"><p>[vc_row css_animation=&#8220;&#8220; row_type=&#8220;row&#8220; use_row_as_full_screen_section=&#8220;no&#8220; type=&#8220;full_width&#8220; angled_section=&#8220;no&#8220; text_align=&#8220;left&#8220; background_image_as_pattern=&#8220;without_pattern&#8220;][vc_column][vc_column_text]<\/p>\n<div class=\"vc_row wpb_row section vc_row-fluid \">\n<div class=\" full_section_inner clearfix\">\n<div class=\"wpb_column vc_column_container vc_col-sm-12\">\n<div class=\"vc_column-inner\">\n<div class=\"wpb_wrapper\">\n<div class=\"wpb_text_column wpb_content_element \">\n<div class=\"wpb_wrapper\">\n<p>La Asociaci\u00f3n de Padres de la Escuela Europea de M\u00fanich es una organizaci\u00f3n sin \u00e1nimo de lucro que tiene como objetivo el soporte y bienestar de sus alumnos. Su funci\u00f3n no es comparable con aquella que cubren los representantes de padres en las escuelas nacionales, ya que se extiende adem\u00e1s a campos fundamentales para el correcto devenir del centro, como son la organizaci\u00f3n de las actividades extra escolares, el comedor o los transportes.<\/p>\n<p>&nbsp;<\/p>\n<p>La secci\u00f3n espa\u00f1ola de la Escuela Europea de M\u00fanich comprende concretamente el grupo de educaci\u00f3n infantil y los cursos de primero a quinto de primaria. En secundaria los alumnos se integran en la secci\u00f3n de su segunda lengua (L2) como SWALS (<em>Students Without a Language Section<\/em>).<\/p>\n<p>&nbsp;<\/p>\n<\/div>\n<\/div>\n<\/div>\n<\/div>\n<\/div>\n<\/div>\n<\/div>\n<div class=\"vc_row wpb_row section vc_row-fluid \">\n<div class=\" full_section_inner clearfix\">\n<div class=\"wpb_column vc_column_container vc_col-sm-12\">\n<div class=\"vc_column-inner\">\n<div class=\"vc_empty_space\"><\/div>\n<\/div>\n<\/div>\n<\/div>\n<\/div>\n<div class=\"vc_row wpb_row section vc_row-fluid \">\n<div class=\" full_section_inner clearfix\">\n<div class=\"wpb_column vc_column_container vc_col-sm-12\">\n<div class=\"vc_column-inner\">\n<div class=\"wpb_wrapper\">\n<div class=\"wpb_text_column wpb_content_element \">\n<div class=\"wpb_wrapper\">\n<p><strong>Los representantes de la secci\u00f3n espa\u00f1ola son:<\/strong><\/p>\n\n<table id=\"tablepress-7\" class=\"tablepress tablepress-id-7 tablepress-responsive\">\n<thead>\n<tr class=\"row-1 odd\">\n\t<th class=\"column-1\">Representante<\/th><th class=\"column-2\">Nombre<\/th><th class=\"column-3\">Correo electr\u00f3nico<\/th>\n<\/tr>\n<\/thead>\n<tbody class=\"row-hover\">\n<tr class=\"row-2 even\">\n\t<td class=\"column-1\">Junta<\/td><td class=\"column-2\">Paula Galiana<\/td><td class=\"column-3\"><a href=\"mailto:es.vorstand@ev-esm.org\">es.vorstand@ev-esm.org<\/a><\/td>\n<\/tr>\n<tr class=\"row-3 odd\">\n\t<td class=\"column-1\">Consejo educativo de primaria<\/td><td class=\"column-2\">Ascensi\u00f3n Barajas <\/td><td class=\"column-3\"><a href=\"mailto:es.er-gs@ev-esm.org\">es.er-gs@ev-esm.org<\/a><\/td>\n<\/tr>\n<\/tbody>\n<\/table>\n<!-- #tablepress-7 from cache -->\n<\/div>\n<\/div>\n<\/div>\n<\/div>\n<\/div>\n<\/div>\n<\/div>\n<p>[\/vc_column_text][\/vc_column][\/vc_row]<\/p>\n<\/div>","protected":false},"excerpt":{"rendered":"<p>[vc_row css_animation=&#8220;&#8220; row_type=&#8220;row&#8220; use_row_as_full_screen_section=&#8220;no&#8220; type=&#8220;full_width&#8220; angled_section=&#8220;no&#8220; text_align=&#8220;left&#8220; background_image_as_pattern=&#8220;without_pattern&#8220;][vc_column][vc_column_text] La Asociaci\u00f3n de Padres de la Escuela Europea de M\u00fanich es una organizaci\u00f3n sin \u00e1nimo de lucro que tiene como objetivo el soporte y bienestar de sus alumnos. Su funci\u00f3n no es comparable con aquella que cubren los representantes de padres en las escuelas nacionales, ya que se extiende adem\u00e1s a campos fundamentales para el correcto devenir del centro, como son la organizaci\u00f3n de las actividades extra escolares, el comedor o los transportes. &nbsp; La secci\u00f3n espa\u00f1ola de la Escuela Europea de M\u00fanich comprende concretamente el grupo de educaci\u00f3n infantil y los cursos de primero a quinto de primaria. En secundaria los alumnos se integran en la secci\u00f3n de su segunda lengua (L2) como SWALS (Students Without a Language Section). &nbsp; Los representantes de la secci\u00f3n espa\u00f1ola son: [\/vc_column_text][\/vc_column][\/vc_row]<\/p>\n","protected":false},"author":3,"featured_media":0,"parent":18687,"menu_order":0,"comment_status":"closed","ping_status":"closed","template":"","meta":{"footnotes":""},"_links":{"self":[{"href":"https:\/\/ev-esm.org\/de\/wp-json\/wp\/v2\/pages\/18891"}],"collection":[{"href":"https:\/\/ev-esm.org\/de\/wp-json\/wp\/v2\/pages"}],"about":[{"href":"https:\/\/ev-esm.org\/de\/wp-json\/wp\/v2\/types\/page"}],"author":[{"embeddable":true,"href":"https:\/\/ev-esm.org\/de\/wp-json\/wp\/v2\/users\/3"}],"replies":[{"embeddable":true,"href":"https:\/\/ev-esm.org\/de\/wp-json\/wp\/v2\/comments?post=18891"}],"version-history":[{"count":6,"href":"https:\/\/ev-esm.org\/de\/wp-json\/wp\/v2\/pages\/18891\/revisions"}],"predecessor-version":[{"id":22572,"href":"https:\/\/ev-esm.org\/de\/wp-json\/wp\/v2\/pages\/18891\/revisions\/22572"}],"up":[{"embeddable":true,"href":"https:\/\/ev-esm.org\/de\/wp-json\/wp\/v2\/pages\/18687"}],"wp:attachment":[{"href":"https:\/\/ev-esm.org\/de\/wp-json\/wp\/v2\/media?parent=18891"}],"curies":[{"name":"wp","href":"https:\/\/api.w.org\/{rel}","templated":true}]}}