{"id":18887,"date":"2021-01-22T13:24:12","date_gmt":"2021-01-22T12:24:12","guid":{"rendered":"https:\/\/www.ev-esm.org\/?page_id=18887"},"modified":"2024-02-01T11:05:00","modified_gmt":"2024-02-01T10:05:00","slug":"interparents","status":"publish","type":"page","link":"https:\/\/ev-esm.org\/de\/interparents\/","title":{"rendered":"InterParents"},"content":{"rendered":"<div class=\"wpb-content-wrapper\"><p>[vc_row css_animation=&#8220;&#8220; row_type=&#8220;row&#8220; use_row_as_full_screen_section=&#8220;no&#8220; type=&#8220;full_width&#8220; angled_section=&#8220;no&#8220; text_align=&#8220;left&#8220; background_image_as_pattern=&#8220;without_pattern&#8220;][vc_column][vc_column_text]<\/p>\n<div id=\"tw-target-text-container\" class=\"tw-ta-container hide-focus-ring tw-nfl\" tabindex=\"0\">\n<p id=\"tw-target-text\" class=\"tw-data-text tw-text-large XcVN5d tw-ta\" dir=\"ltr\" data-placeholder=\"\u00dcbersetzung\"><span lang=\"de\">InterParents ist der Dachverband der Elternverb\u00e4nde der Europ\u00e4ischen Schulen. <\/span><\/p>\n<p class=\"tw-data-text tw-text-large XcVN5d tw-ta\" dir=\"ltr\" data-placeholder=\"\u00dcbersetzung\"><span lang=\"de\">Es dient als \u201eStimme der Eltern\u201c zu allen Aspekten der Governance des Europ\u00e4ischen Schulsystems. Ihr Hauptzweck ist es, alle Eltern aller Sch\u00fcler der Europ\u00e4ischen Schulen im Gouverneursrat, seinen Aussch\u00fcssen und Arbeitsgruppen zu vertreten. InterParents nimmt \u00fcber unsere Delegierten an diesen Gruppen teil. Interparents erleichtert auch den Informationsaustausch und die Zusammenarbeit zwischen den Mitgliedsverb\u00e4nden. Die Arbeitsmethoden der InterParents basieren auf Partizipation, Konsultation, Kontinuit\u00e4t und Konsens unter den Vertretern aller Schulen, die sich mehrmals im Jahr treffen.<\/span><\/p>\n<\/div>\n<div id=\"tw-target-rmn-container\" class=\"tw-ta-container hide-focus-ring tw-nfl\">\n<pre id=\"tw-target-rmn\" class=\"tw-data-placeholder tw-text-small tw-ta\" dir=\"ltr\" data-placeholder=\"\"><\/pre>\n<\/div>\n<p>[\/vc_column_text][\/vc_column][\/vc_row]<\/p>\n<\/div>","protected":false},"excerpt":{"rendered":"<p>[vc_row css_animation=&#8220;&#8220; row_type=&#8220;row&#8220; use_row_as_full_screen_section=&#8220;no&#8220; type=&#8220;full_width&#8220; angled_section=&#8220;no&#8220; text_align=&#8220;left&#8220; background_image_as_pattern=&#8220;without_pattern&#8220;][vc_column][vc_column_text] InterParents ist der Dachverband der Elternverb\u00e4nde der Europ\u00e4ischen Schulen. Es dient als \u201eStimme der Eltern\u201c zu allen Aspekten der Governance des Europ\u00e4ischen Schulsystems. Ihr Hauptzweck ist es, alle Eltern aller Sch\u00fcler der Europ\u00e4ischen Schulen im Gouverneursrat, seinen Aussch\u00fcssen und Arbeitsgruppen zu vertreten. InterParents nimmt \u00fcber unsere Delegierten an diesen Gruppen teil. Interparents erleichtert auch den Informationsaustausch und die Zusammenarbeit zwischen den Mitgliedsverb\u00e4nden. Die Arbeitsmethoden der InterParents basieren auf Partizipation, Konsultation, Kontinuit\u00e4t und Konsens unter den Vertretern aller Schulen, die sich mehrmals im Jahr treffen. [\/vc_column_text][\/vc_column][\/vc_row]<\/p>\n","protected":false},"author":3,"featured_media":0,"parent":0,"menu_order":0,"comment_status":"closed","ping_status":"closed","template":"","meta":{"footnotes":""},"_links":{"self":[{"href":"https:\/\/ev-esm.org\/de\/wp-json\/wp\/v2\/pages\/18887"}],"collection":[{"href":"https:\/\/ev-esm.org\/de\/wp-json\/wp\/v2\/pages"}],"about":[{"href":"https:\/\/ev-esm.org\/de\/wp-json\/wp\/v2\/types\/page"}],"author":[{"embeddable":true,"href":"https:\/\/ev-esm.org\/de\/wp-json\/wp\/v2\/users\/3"}],"replies":[{"embeddable":true,"href":"https:\/\/ev-esm.org\/de\/wp-json\/wp\/v2\/comments?post=18887"}],"version-history":[{"count":3,"href":"https:\/\/ev-esm.org\/de\/wp-json\/wp\/v2\/pages\/18887\/revisions"}],"predecessor-version":[{"id":23856,"href":"https:\/\/ev-esm.org\/de\/wp-json\/wp\/v2\/pages\/18887\/revisions\/23856"}],"wp:attachment":[{"href":"https:\/\/ev-esm.org\/de\/wp-json\/wp\/v2\/media?parent=18887"}],"curies":[{"name":"wp","href":"https:\/\/api.w.org\/{rel}","templated":true}]}}