{"id":18882,"date":"2021-01-22T13:24:12","date_gmt":"2021-01-22T12:24:12","guid":{"rendered":"https:\/\/www.ev-esm.org\/?page_id=18882"},"modified":"2024-03-11T09:21:52","modified_gmt":"2024-03-11T08:21:52","slug":"impressum","status":"publish","type":"page","link":"https:\/\/ev-esm.org\/de\/impressum\/","title":{"rendered":"Impressum"},"content":{"rendered":"<div class=\"wpb-content-wrapper\"><p>[vc_row css_animation=&#8220;&#8220; row_type=&#8220;row&#8220; use_row_as_full_screen_section=&#8220;no&#8220; type=&#8220;full_width&#8220; angled_section=&#8220;no&#8220; text_align=&#8220;left&#8220; background_image_as_pattern=&#8220;without_pattern&#8220;][vc_column][vc_column_text]<\/p>\n<div class=\"QmZWSe\">\n<h4><strong><span lang=\"DE\">Elternvereinigung der Europ\u00e4ischen Schule M\u00fcnchen e.V.<\/span><\/strong><\/h4>\n<p>&nbsp;<\/p>\n<p>Auguste-Kent-Platz 3<\/p>\n<p>80335 Munich<\/p>\n<p>Germany<\/p>\n<p>&nbsp;<\/p>\n<p>Telephone:<\/p>\n<p>+49 (0) 89 6281 64311<\/p>\n<p>+49 (0) 176 2171 9798<\/p>\n<p>Email: <a href=\"mailto:office@ev-esm.org\">office@ev-esm.org<\/a><\/p>\n<p>&nbsp;<\/p>\n<p>Vorsitzende and Datenschutz: Katia Sittler<\/p>\n<p>Schatzmeister: Narjess Kraiem<\/p>\n<p>&nbsp;<\/p>\n<p>Registergericht: Amtsgericht M<span lang=\"DE\">\u00fcnchen<\/span><\/p>\n<p>Registernummer: VR 9748<\/p>\n<p>Bankverbindung:<\/p>\n<p>IBAN: DE24 7008 0000 0405 1920 00<\/p>\n<p>BIC: DRESDEFF700, Commerzbank Munich, Germany<\/p>\n<p>&nbsp;<\/p>\n<\/div>\n<div class=\"oSioSc\">\n<div id=\"tw-target\">\n<div id=\"kAz1tf\" class=\"g9WsWb\">\n<div id=\"tw-target-text-container\" class=\"tw-ta-container hide-focus-ring tw-nfl\" tabindex=\"0\">\n<p id=\"tw-target-text\" class=\"tw-data-text tw-text-large XcVN5d tw-ta\" dir=\"ltr\" data-placeholder=\"\u00dcbersetzung\"><span lang=\"de\">Trotz sorgf\u00e4ltiger Kontrolle wird keine Haftung f\u00fcr den Inhalt externer Links \u00fcbernommen. Die Betreiber der verlinkten Seiten sind allein f\u00fcr deren Inhalt verantwortlich.<\/span><\/p>\n<\/div>\n<\/div>\n<\/div>\n<\/div>\n<p>[\/vc_column_text][\/vc_column][\/vc_row]<\/p>\n<\/div>","protected":false},"excerpt":{"rendered":"<p>[vc_row css_animation=&#8220;&#8220; row_type=&#8220;row&#8220; use_row_as_full_screen_section=&#8220;no&#8220; type=&#8220;full_width&#8220; angled_section=&#8220;no&#8220; text_align=&#8220;left&#8220; background_image_as_pattern=&#8220;without_pattern&#8220;][vc_column][vc_column_text] Elternvereinigung der Europ\u00e4ischen Schule M\u00fcnchen e.V. &nbsp; Auguste-Kent-Platz 3 80335 Munich Germany &nbsp; Telephone: +49 (0) 89 6281 64311 +49 (0) 176 2171 9798 Email: office@ev-esm.org &nbsp; Vorsitzende and Datenschutz: Katia Sittler Schatzmeister: Narjess Kraiem &nbsp; Registergericht: Amtsgericht M\u00fcnchen Registernummer: VR 9748 Bankverbindung: IBAN: DE24 7008 0000 0405 1920 00 BIC: DRESDEFF700, Commerzbank Munich, Germany &nbsp; Trotz sorgf\u00e4ltiger Kontrolle wird keine Haftung f\u00fcr den Inhalt externer Links \u00fcbernommen. Die Betreiber der verlinkten Seiten sind allein f\u00fcr deren Inhalt verantwortlich. [\/vc_column_text][\/vc_column][\/vc_row]<\/p>\n","protected":false},"author":3,"featured_media":0,"parent":0,"menu_order":0,"comment_status":"closed","ping_status":"closed","template":"","meta":{"footnotes":""},"_links":{"self":[{"href":"https:\/\/ev-esm.org\/de\/wp-json\/wp\/v2\/pages\/18882"}],"collection":[{"href":"https:\/\/ev-esm.org\/de\/wp-json\/wp\/v2\/pages"}],"about":[{"href":"https:\/\/ev-esm.org\/de\/wp-json\/wp\/v2\/types\/page"}],"author":[{"embeddable":true,"href":"https:\/\/ev-esm.org\/de\/wp-json\/wp\/v2\/users\/3"}],"replies":[{"embeddable":true,"href":"https:\/\/ev-esm.org\/de\/wp-json\/wp\/v2\/comments?post=18882"}],"version-history":[{"count":4,"href":"https:\/\/ev-esm.org\/de\/wp-json\/wp\/v2\/pages\/18882\/revisions"}],"predecessor-version":[{"id":23897,"href":"https:\/\/ev-esm.org\/de\/wp-json\/wp\/v2\/pages\/18882\/revisions\/23897"}],"wp:attachment":[{"href":"https:\/\/ev-esm.org\/de\/wp-json\/wp\/v2\/media?parent=18882"}],"curies":[{"name":"wp","href":"https:\/\/api.w.org\/{rel}","templated":true}]}}