{"id":18866,"date":"2021-01-22T13:24:56","date_gmt":"2021-01-22T12:24:56","guid":{"rendered":"https:\/\/www.ev-esm.org\/?page_id=18866"},"modified":"2021-01-22T13:24:56","modified_gmt":"2021-01-22T12:24:56","slug":"mitgliederversammlung","status":"publish","type":"page","link":"https:\/\/ev-esm.org\/de\/verein\/mitgliederversammlung\/","title":{"rendered":"Mitgliederversammlung"},"content":{"rendered":"<div class=\"wpb-content-wrapper\"><p>[vc_row css_animation=&#8220;&#8220; row_type=&#8220;row&#8220; use_row_as_full_screen_section=&#8220;no&#8220; type=&#8220;full_width&#8220; angled_section=&#8220;no&#8220; text_align=&#8220;left&#8220; background_image_as_pattern=&#8220;without_pattern&#8220;][vc_column][vc_column_text]<\/p>\n<p id=\"tw-target-text\" class=\"tw-data-text tw-text-large XcVN5d tw-ta\" dir=\"ltr\" data-placeholder=\"\u00dcbersetzung\"><span lang=\"de\">Eine Allgemeine Mitgliederversammlung findet mindestens einmal im Jahr statt &#8211; normalerweise im Oktober.<\/span><\/p>\n<p>&nbsp;<\/p>\n<p class=\"tw-data-text tw-text-large XcVN5d tw-ta\" dir=\"ltr\" data-placeholder=\"\u00dcbersetzung\"><span lang=\"de\">Jede Mitgliederversammlung wird vom Vorstand mindestens 28 Tage im Voraus durch Ver\u00f6ffentlichung auf der offiziellen Website des Vereins mit einer vorl\u00e4ufigen Tagesordnung bekannt gegeben. Gleichzeitig werden die Mitglieder gebeten, bis 14 Tage vor der Mitgliederversammlung schriftlich Diskussionspunkte f\u00fcr die Tagesordnung der Sitzung einzureichen. Sp\u00e4ter eingegangene Vorschl\u00e4ge werden nicht zur Entscheidung angenommen. Falls n\u00f6tig, k\u00f6nnen sie zur Diskussion gestellt werden, wenn zwei Drittel der anwesenden Mitglieder dies entscheiden. Dar\u00fcber hinaus werden die Mitglieder gebeten, 14 Tage vor der Generalversammlung einen schriftlichen Antrag einzureichen, wenn sie sich f\u00fcr eine offene Position im Vorstand bewerben m\u00f6chten. Sp\u00e4testens 8 Tage vor der Sitzung gibt der Vorstand die endg\u00fcltige Tagesordnung bekannt und ver\u00f6ffentlicht alle relevanten Dokumente auf der offiziellen Website des Vereins.<\/span><\/p>\n<p class=\"tw-data-text tw-text-large XcVN5d tw-ta\" dir=\"ltr\" data-placeholder=\"\u00dcbersetzung\"><span lang=\"de\">Versp\u00e4tete Kandidaturen f\u00fcr offene Positionen im Vorstand werden nur zugelassen, wenn zwei Drittel der anwesenden Mitglieder dies beschlie\u00dfen.<\/span><\/p>\n<p>&nbsp;<\/p>\n<p class=\"tw-data-text tw-text-large XcVN5d tw-ta\" dir=\"ltr\" data-placeholder=\"\u00dcbersetzung\"><span lang=\"de\">Sofern nicht anders angegeben, beschlie\u00dft die Generalversammlung ihre Beschl\u00fcsse mit Stimmenmehrheit. Bei Stimmengleichheit hat der Vorsitzende die ausschlaggebende Stimme.<\/span><\/p>\n<p>&nbsp;<\/p>\n<p class=\"tw-data-text tw-text-large XcVN5d tw-ta\" dir=\"ltr\" data-placeholder=\"\u00dcbersetzung\"><span lang=\"de\">In der Mitgliederversammlung legt der Vorsitzende einen Bericht \u00fcber die Aktivit\u00e4ten des Vereins im vergangenen Gesch\u00e4ftsjahr sowie \u00fcber die finanzielle Situation des Vereins vor. Die Mitgliederversammlung genehmigt den Finanzbericht und das Budget.<\/span><\/p>\n<p>&nbsp;<\/p>\n<p class=\"tw-data-text tw-text-large XcVN5d tw-ta\" dir=\"ltr\" data-placeholder=\"\u00dcbersetzung\"><span lang=\"de\">Der Sekret\u00e4r des Vorstandes schreibt das Protokoll der Mitgliederversammlung, das dann auf der Website ver\u00f6ffentlicht wird. <\/span><\/p>\n<p>[\/vc_column_text][\/vc_column][\/vc_row]<\/p>\n<\/div>","protected":false},"excerpt":{"rendered":"<p>[vc_row css_animation=&#8220;&#8220; row_type=&#8220;row&#8220; use_row_as_full_screen_section=&#8220;no&#8220; type=&#8220;full_width&#8220; angled_section=&#8220;no&#8220; text_align=&#8220;left&#8220; background_image_as_pattern=&#8220;without_pattern&#8220;][vc_column][vc_column_text] Eine Allgemeine Mitgliederversammlung findet mindestens einmal im Jahr statt &#8211; normalerweise im Oktober. &nbsp; Jede Mitgliederversammlung wird vom Vorstand mindestens 28 Tage im Voraus durch Ver\u00f6ffentlichung auf der offiziellen Website des Vereins mit einer vorl\u00e4ufigen Tagesordnung bekannt gegeben. Gleichzeitig werden die Mitglieder gebeten, bis 14 Tage vor der Mitgliederversammlung schriftlich Diskussionspunkte f\u00fcr die Tagesordnung der Sitzung einzureichen. Sp\u00e4ter eingegangene Vorschl\u00e4ge werden nicht zur Entscheidung angenommen. Falls n\u00f6tig, k\u00f6nnen sie zur Diskussion gestellt werden, wenn zwei Drittel der anwesenden Mitglieder dies entscheiden. Dar\u00fcber hinaus werden die Mitglieder gebeten, 14 Tage vor der Generalversammlung einen schriftlichen Antrag einzureichen, wenn sie sich f\u00fcr eine offene Position im Vorstand bewerben m\u00f6chten. Sp\u00e4testens 8 Tage vor der Sitzung gibt der Vorstand die endg\u00fcltige Tagesordnung bekannt und ver\u00f6ffentlicht alle relevanten Dokumente auf der offiziellen Website des Vereins. Versp\u00e4tete Kandidaturen f\u00fcr offene Positionen im Vorstand werden nur zugelassen, wenn&#8230;<\/p>\n","protected":false},"author":3,"featured_media":0,"parent":18432,"menu_order":0,"comment_status":"closed","ping_status":"closed","template":"","meta":{"footnotes":""},"_links":{"self":[{"href":"https:\/\/ev-esm.org\/de\/wp-json\/wp\/v2\/pages\/18866"}],"collection":[{"href":"https:\/\/ev-esm.org\/de\/wp-json\/wp\/v2\/pages"}],"about":[{"href":"https:\/\/ev-esm.org\/de\/wp-json\/wp\/v2\/types\/page"}],"author":[{"embeddable":true,"href":"https:\/\/ev-esm.org\/de\/wp-json\/wp\/v2\/users\/3"}],"replies":[{"embeddable":true,"href":"https:\/\/ev-esm.org\/de\/wp-json\/wp\/v2\/comments?post=18866"}],"version-history":[{"count":5,"href":"https:\/\/ev-esm.org\/de\/wp-json\/wp\/v2\/pages\/18866\/revisions"}],"predecessor-version":[{"id":18872,"href":"https:\/\/ev-esm.org\/de\/wp-json\/wp\/v2\/pages\/18866\/revisions\/18872"}],"up":[{"embeddable":true,"href":"https:\/\/ev-esm.org\/de\/wp-json\/wp\/v2\/pages\/18432"}],"wp:attachment":[{"href":"https:\/\/ev-esm.org\/de\/wp-json\/wp\/v2\/media?parent=18866"}],"curies":[{"name":"wp","href":"https:\/\/api.w.org\/{rel}","templated":true}]}}