{"id":18861,"date":"2021-01-22T13:24:56","date_gmt":"2021-01-22T12:24:56","guid":{"rendered":"https:\/\/www.ev-esm.org\/?page_id=18861"},"modified":"2024-03-08T11:55:26","modified_gmt":"2024-03-08T10:55:26","slug":"erziehungsrat","status":"publish","type":"page","link":"https:\/\/ev-esm.org\/de\/verein\/erziehungsrat\/","title":{"rendered":"Erziehungsrat"},"content":{"rendered":"<div class=\"wpb-content-wrapper\"><p>[vc_row css_animation=&#8220;&#8220; row_type=&#8220;row&#8220; use_row_as_full_screen_section=&#8220;no&#8220; type=&#8220;full_width&#8220; angled_section=&#8220;no&#8220; text_align=&#8220;left&#8220; background_image_as_pattern=&#8220;without_pattern&#8220;][vc_column][vc_column_text]<\/p>\n<div>\n<div id=\"tw-target\">\n<div id=\"kAz1tf\">\n<div id=\"tw-target-text-container\" tabindex=\"0\">\n<p id=\"tw-target-text\" dir=\"ltr\" data-placeholder=\"\u00dcbersetzung\"><span lang=\"de\">Der<\/span><span lang=\"de\"> Erziehungsrat k\u00fcmmert sich um schulinternen Angelegenheiten. F\u00fcr den Primarbereich als auch f\u00fcr den Sekundarbereich, wird\u00a0 es sich aus Vertretern von Eltern, Lehrern und Sch\u00fclern zusammensetzt.<br \/>\nJedes Bildungskomitee versammelt sich regelm\u00e4\u00dfig mit dem Ziel, g\u00fcnstige Bedingungen f\u00fcr einen effizienten Unterricht zu schaffen und positive und anregende zwischenmenschliche Beziehungen im ESM zu f\u00f6rdern.<\/span><\/p>\n<p dir=\"ltr\" data-placeholder=\"\u00dcbersetzung\">\n<\/div>\n<p dir=\"ltr\" data-placeholder=\"\u00dcbersetzung\">\n<table id=\"tablepress-5\" class=\"tablepress tablepress-id-5 tablepress-responsive\">\n<thead>\n<tr class=\"row-1 odd\">\n\t<th class=\"column-1\">School<\/th><th class=\"column-2\">Language<br \/>\nsection<\/th><th class=\"column-3\">Name<\/th><th class=\"column-4\">Email<\/th>\n<\/tr>\n<\/thead>\n<tbody class=\"row-hover\">\n<tr class=\"row-2 even\">\n\t<td class=\"column-1\">Kindergarden<\/td><td class=\"column-2\">All<\/td><td class=\"column-3\">Panagiota Lazarou<\/td><td class=\"column-4\"><a href=\"mailto:kiga.er-gs@ev-esm.org\">kiga.er-gs@ev-esm.org<\/a><\/td>\n<\/tr>\n<tr class=\"row-3 odd\">\n\t<td class=\"column-1\">Primary<\/td><td class=\"column-2\">DE<\/td><td class=\"column-3\">Frederik F\u00f6rstner<br \/>\nKatja G\u00f6ttlich<\/td><td class=\"column-4\"><a href=\"mailto:de.er-gs@ev-esm.org\">de.er-gs@ev-esm.org<\/a><\/td>\n<\/tr>\n<tr class=\"row-4 even\">\n\t<td class=\"column-1\">Primary<\/td><td class=\"column-2\">EN<\/td><td class=\"column-3\">Mythily Venkatramen<\/td><td class=\"column-4\"><a href=\"mailto:en.er-gs@ev-esm.org\">en.er-gs@ev-esm.org<\/a><\/td>\n<\/tr>\n<tr class=\"row-5 odd\">\n\t<td class=\"column-1\">Primary<\/td><td class=\"column-2\">ES<\/td><td class=\"column-3\">Ascensi\u00f3n Barajas<\/td><td class=\"column-4\"><a href=\"mailto:es.er-gs@ev-esm.org\">es.er-gs@ev-esm.org<\/a><\/td>\n<\/tr>\n<tr class=\"row-6 even\">\n\t<td class=\"column-1\">Primary<\/td><td class=\"column-2\">FR<\/td><td class=\"column-3\">St\u00e9phane Nicolau<\/td><td class=\"column-4\"><a href=\"mailto:fr.er-gs@ev-esm.org\">fr.er-gs@ev-esm.org<\/a><\/td>\n<\/tr>\n<tr class=\"row-7 odd\">\n\t<td class=\"column-1\">Primary<\/td><td class=\"column-2\">GR<\/td><td class=\"column-3\">Dimitrios Katsoulas<\/td><td class=\"column-4\"><a href=\"mailto:gr.er-gs@ev-esm.org\">gr.er-gs@ev-esm.org<\/a><\/td>\n<\/tr>\n<tr class=\"row-8 even\">\n\t<td class=\"column-1\">Primary<\/td><td class=\"column-2\">IT<\/td><td class=\"column-3\">Mathias Falco<br \/>\nMatia Lunardon<\/td><td class=\"column-4\"><a href=\"mailto:it.er-gs@ev-esm.org\">it.er-gs@ev-esm.org<\/a><\/td>\n<\/tr>\n<tr class=\"row-9 odd\">\n\t<td class=\"column-1\">Primary<\/td><td class=\"column-2\">NL<\/td><td class=\"column-3\">Madeleine Vrielink<\/td><td class=\"column-4\"><a href=\"mailto:nl.er-gs@ev-esm.org\">nl.er-gs@ev-esm.org<\/a><\/td>\n<\/tr>\n<tr class=\"row-10 even\">\n\t<td class=\"column-1\">Primary<\/td><td class=\"column-2\">SWALS<\/td><td class=\"column-3\">Anna Kajzar<\/td><td class=\"column-4\"><a href=\"mailto:swals.er-gs@ev-esm.org\">swals.er-gs@ev-esm.org<\/a><\/td>\n<\/tr>\n<tr class=\"row-11 odd\">\n\t<td class=\"column-1\">Secondary<\/td><td class=\"column-2\">DE<\/td><td class=\"column-3\">Mathias M\u00fcller<br \/>\nAnja Fisher<\/td><td class=\"column-4\"><a href=\"mailto:de.er-hs@ev-esm.org\">de.er-hs@ev-esm.org<\/a><\/td>\n<\/tr>\n<tr class=\"row-12 even\">\n\t<td class=\"column-1\">Secondary<\/td><td class=\"column-2\">EN<\/td><td class=\"column-3\">Alain Camilleri<\/td><td class=\"column-4\"><a href=\"mailto:en.er-hs@ev-esm.org\">en.er-hs@ev-esm.org<\/a><\/td>\n<\/tr>\n<tr class=\"row-13 odd\">\n\t<td class=\"column-1\">Secondary<\/td><td class=\"column-2\">FR<\/td><td class=\"column-3\">Amal Benzina<\/td><td class=\"column-4\"><a href=\"mailto:fr.er-hs@ev-esm.org\">fr.er-hs@ev-esm.org<\/a><\/td>\n<\/tr>\n<tr class=\"row-14 even\">\n\t<td class=\"column-1\">Secondary<\/td><td class=\"column-2\">IT<\/td><td class=\"column-3\">Enrico Fedrigo<\/td><td class=\"column-4\"><a href=\"mailto:it.er-hs@ev-esm.org\">it.er-hs@ev-esm.org<\/a><\/td>\n<\/tr>\n<tr class=\"row-15 odd\">\n\t<td class=\"column-1\">Secondary<\/td><td class=\"column-2\">NL<\/td><td class=\"column-3\">Martha Bosma<\/td><td class=\"column-4\"><a href=\"mailto:nl.er-hs@ev-esm.org\">nl.er-hs@ev-esm.org<\/a><\/td>\n<\/tr>\n<tr class=\"row-16 even\">\n\t<td class=\"column-1\">Secondary<\/td><td class=\"column-2\">SWALS<\/td><td class=\"column-3\">Ines Lampreia<\/td><td class=\"column-4\"><a href=\"mailto:swals.er-hs@ev-esm.org\">swals.er-hs@ev-esm.org<\/a><\/td>\n<\/tr>\n<\/tbody>\n<\/table>\n<!-- #tablepress-5 from cache --><\/p>\n<\/div>\n<\/div>\n<\/div>\n<p>[\/vc_column_text][\/vc_column][\/vc_row]<\/p>\n<\/div>","protected":false},"excerpt":{"rendered":"<p>[vc_row css_animation=&#8220;&#8220; row_type=&#8220;row&#8220; use_row_as_full_screen_section=&#8220;no&#8220; type=&#8220;full_width&#8220; angled_section=&#8220;no&#8220; text_align=&#8220;left&#8220; background_image_as_pattern=&#8220;without_pattern&#8220;][vc_column][vc_column_text] Der Erziehungsrat k\u00fcmmert sich um schulinternen Angelegenheiten. F\u00fcr den Primarbereich als auch f\u00fcr den Sekundarbereich, wird\u00a0 es sich aus Vertretern von Eltern, Lehrern und Sch\u00fclern zusammensetzt. Jedes Bildungskomitee versammelt sich regelm\u00e4\u00dfig mit dem Ziel, g\u00fcnstige Bedingungen f\u00fcr einen effizienten Unterricht zu schaffen und positive und anregende zwischenmenschliche Beziehungen im ESM zu f\u00f6rdern. [\/vc_column_text][\/vc_column][\/vc_row]<\/p>\n","protected":false},"author":3,"featured_media":0,"parent":18432,"menu_order":0,"comment_status":"closed","ping_status":"closed","template":"","meta":{"footnotes":""},"_links":{"self":[{"href":"https:\/\/ev-esm.org\/de\/wp-json\/wp\/v2\/pages\/18861"}],"collection":[{"href":"https:\/\/ev-esm.org\/de\/wp-json\/wp\/v2\/pages"}],"about":[{"href":"https:\/\/ev-esm.org\/de\/wp-json\/wp\/v2\/types\/page"}],"author":[{"embeddable":true,"href":"https:\/\/ev-esm.org\/de\/wp-json\/wp\/v2\/users\/3"}],"replies":[{"embeddable":true,"href":"https:\/\/ev-esm.org\/de\/wp-json\/wp\/v2\/comments?post=18861"}],"version-history":[{"count":3,"href":"https:\/\/ev-esm.org\/de\/wp-json\/wp\/v2\/pages\/18861\/revisions"}],"predecessor-version":[{"id":23887,"href":"https:\/\/ev-esm.org\/de\/wp-json\/wp\/v2\/pages\/18861\/revisions\/23887"}],"up":[{"embeddable":true,"href":"https:\/\/ev-esm.org\/de\/wp-json\/wp\/v2\/pages\/18432"}],"wp:attachment":[{"href":"https:\/\/ev-esm.org\/de\/wp-json\/wp\/v2\/media?parent=18861"}],"curies":[{"name":"wp","href":"https:\/\/api.w.org\/{rel}","templated":true}]}}