{"id":18852,"date":"2020-07-08T16:10:51","date_gmt":"2020-07-08T14:10:51","guid":{"rendered":"https:\/\/www.ev-esm.org\/?page_id=18852"},"modified":"2026-05-05T13:51:30","modified_gmt":"2026-05-05T11:51:30","slug":"mvv-karte","status":"publish","type":"page","link":"https:\/\/ev-esm.org\/de\/mvv-karte\/","title":{"rendered":"MVV \/ 365-Euro-Ticket"},"content":{"rendered":"<div class=\"wpb-content-wrapper\"><p>[vc_row css_animation=&#8220;&#8220; row_type=&#8220;row&#8220; use_row_as_full_screen_section=&#8220;no&#8220; type=&#8220;full_width&#8220; angled_section=&#8220;no&#8220; text_align=&#8220;left&#8220; background_image_as_pattern=&#8220;without_pattern&#8220;][vc_column][vc_column_text]<\/p>\n<h2 data-section-id=\"4ml0ce\" data-start=\"249\" data-end=\"273\">MVV \/ 365-Euro-Ticket<\/h2>\n<p>&nbsp;<\/p>\n<p data-start=\"275\" data-end=\"428\">Das 365-Euro-Ticket ist eine Jahreskarte der <span style=\"color: #0000ff;\"><a style=\"color: #0000ff;\" href=\"http:\/\/www.mvg.de\" target=\"_blank\" rel=\"noopener\">M\u00fcnchner Verkehrsgesellschaft (MVG)<\/a><\/span> f\u00fcr Sch\u00fclerinnen und Sch\u00fcler und eine flexible Alternative zum Schulbus.<\/p>\n<p data-start=\"430\" data-end=\"544\">Es ist rund um die Uhr, an 365 Tagen <span style=\"text-decoration: underline;\">eines Schuljahres <\/span>und auch in der Freizeit im gesamten MVV-Gebiet g\u00fcltig.<\/p>\n<p>&nbsp;<\/p>\n<p>&nbsp;<\/p>\n<h3 data-section-id=\"1ssf6sh\" data-start=\"500\" data-end=\"522\">Wer ist berechtigt?<\/h3>\n<p>&nbsp;<\/p>\n<p data-start=\"524\" data-end=\"591\">Grunds\u00e4tzlich besteht eine Berechtigung bei folgenden Entfernungen:<\/p>\n<p>&nbsp;<\/p>\n<ul>\n<li>P1-P4: mehr als <strong data-start=\"611\" data-end=\"619\">2 km<\/strong><\/li>\n<li data-section-id=\"h5krxp\" data-start=\"622\" data-end=\"648\">ab P5-S5: mehr als <strong data-start=\"640\" data-end=\"648\">3 km <em><span style=\"text-decoration: underline;\">(S6\/S7: bitte RBS &amp; S6\/S7 Abs\u00e4tze lesen)<\/span><\/em><\/strong><\/li>\n<\/ul>\n<p>&nbsp;<\/p>\n<p data-start=\"650\" data-end=\"721\">Ma\u00dfgeblich ist der <strong data-start=\"669\" data-end=\"720\">k\u00fcrzeste fu\u00dfl\u00e4ufige Schulweg (einfache Strecke)<\/strong>.<\/p>\n<p data-start=\"723\" data-end=\"764\">Die Berechnung erfolgt in der Regel \u00fcber Google Maps oder das Rauminformationssystem Bayern (RISBy)<\/p>\n<p>&nbsp;<\/p>\n<p>&nbsp;<\/p>\n<h3 data-section-id=\"1i3e92n\" data-start=\"839\" data-end=\"876\">Familien im M\u00fcnchner Stadtgebiet (Postleitzahlen 80000-81999)<\/h3>\n<p>&nbsp;<\/p>\n<p data-start=\"907\" data-end=\"1038\">Wenn die Voraussetzungen erf\u00fcllt sind, werden die Kosten in der Regel durch die Stadt M\u00fcnchen bzw. den Freistaat Bayern \u00fcbernommen.<\/p>\n<p>&nbsp;<\/p>\n<p>&nbsp;<\/p>\n<h3 data-section-id=\"1p4g8os\" data-start=\"1045\" data-end=\"1083\">Familien au\u00dferhalb des Stadtgebiets<\/h3>\n<p>&nbsp;<\/p>\n<p data-start=\"1085\" data-end=\"1147\">Auch hier kann das 365-Euro-Ticket eine geeignete L\u00f6sung sein.<\/p>\n<ul>\n<li>Kostenbeteiligung: <strong data-start=\"1170\" data-end=\"1178\">20 %<\/strong><\/li>\n<li>Berechnung erfolgt auf Grundlage der st\u00e4dtischen Vorgaben<\/li>\n<li style=\"list-style-type: none;\"><\/li>\n<\/ul>\n<p>&nbsp;<\/p>\n<p>&nbsp;<\/p>\n<h3 data-section-id=\"848axm\" data-start=\"1249\" data-end=\"1282\">Wo erfolgt die Antragstellung?<\/h3>\n<p>&nbsp;<\/p>\n<p data-start=\"1284\" data-end=\"1370\">Die Antragstellung erfolgt je nach Wohnort und Jahrgang \u00fcber unterschiedliche Stellen:<\/p>\n<p>&nbsp;<\/p>\n<p>&nbsp;<\/p>\n<h3 data-section-id=\"kuw589\" data-start=\"1377\" data-end=\"1423\">Antrag \u00fcber die Elternvereinigung (EV-ESM):<\/h3>\n<p>&nbsp;<\/p>\n<p data-start=\"1425\" data-end=\"1600\">F\u00fcr Sch\u00fclerinnen und Sch\u00fcler mit Wohnsitz <strong data-start=\"1467\" data-end=\"1512\">im M\u00fcnchner Stadtgebiet (PLZ 80000\u201381999)<\/strong> und in den Jahrg\u00e4ngen <strong data-start=\"1535\" data-end=\"1548\">P1 bis S5<\/strong> erfolgt die Buchung \u00fcber das EV-ESM Booking System: <span style=\"text-decoration: underline;\"><span style=\"color: #0000ff;\"><a class=\"decorated-link\" style=\"color: #0000ff; text-decoration: underline;\" href=\"https:\/\/ev-esm-booking.org\/\" target=\"_blank\" rel=\"noopener\" data-start=\"1605\" data-end=\"1632\">https:\/\/ev-esm-booking.org\/<\/a><\/span><\/span><\/p>\n<p data-start=\"1425\" data-end=\"1600\"><em><span style=\"text-decoration: underline;\">(Falls Ihr Kind neu an der ESM ist oder Sie das Transportmittel wechseln, lesen Sie bitte die folgenden RBS-Abschnitte.)<\/span><\/em><\/p>\n<p>&nbsp;<\/p>\n<p>Unter Dienstleistungen im linken Men\u00fc gehen Sie bitte zu\u202f<em>Buchungen verwalten<\/em>\u202fund w\u00e4hlen Sie die Transportoption aus, die Sie buchen m\u00f6chten.<\/p>\n<ul>\n<li style=\"list-style-type: none;\">\n<ul>\n<li data-section-id=\"ryemm5\" data-start=\"106\" data-end=\"221\">Bitte stellen Sie sicher, dass in der\u00a0<span style=\"text-decoration: underline;\"><strong data-start=\"146\" data-end=\"204\">oberen rechten Ecke das richtige Schuljahr (2026\/2027)<\/strong><\/span>\u00a0ausgew\u00e4hlt ist<\/li>\n<li data-section-id=\"vzejnz\" data-start=\"222\" data-end=\"310\">Nach Abschluss der Buchung erhalten Sie eine\u00a0<strong data-start=\"269\" data-end=\"308\">automatische Best\u00e4tigung per E-Mail<\/strong><\/li>\n<li data-section-id=\"1ej59a2\" data-start=\"311\" data-end=\"396\">Den Status Ihrer Buchung k\u00f6nnen Sie\u00a0<strong data-start=\"349\" data-end=\"396\">jederzeit im EV-ESM Booking System einsehen<\/strong><\/li>\n<\/ul>\n<\/li>\n<\/ul>\n<p>&nbsp;<\/p>\n<p>&nbsp;<\/p>\n<h3 data-section-id=\"10th8wz\" data-start=\"1639\" data-end=\"1678\">Antrag \u00fcber die Stadt M\u00fcnchen (RBS):<\/h3>\n<p>&nbsp;<\/p>\n<p data-start=\"1680\" data-end=\"1776\"><em>Familien mit Wohnsitz au\u00dferhalb des M\u00fcnchners Stadtgebiets sowie berichtigte S6\/S7 Kindern, erwerben das 365-Euro-Ticket bitte eigenst\u00e4ndig an den bekannten Verkaufsstellen.<\/em><\/p>\n<p data-start=\"1680\" data-end=\"1776\">Die Kostenr\u00fcckerstattung erfolgt ausschlie\u00dflich \u00fcber das Referat f\u00fcr Bildung und Sport (RBS):<\/p>\n<p>&nbsp;<\/p>\n<p data-start=\"1680\" data-end=\"1776\"><span style=\"text-decoration: underline; color: #0000ff;\"><strong><a style=\"color: #0000ff; text-decoration: underline;\" href=\"https:\/\/service.muenchen.de\/intelliform\/forms\/01\/05\/05\/kostenfreiheit\/index\" target=\"_blank\" rel=\"noopener\">Fahrtkostenerstattung Schulweg \u2013 Gast- und Vertragsschulwesen, Kostenfreiheit des Schulweges \u2013 Landeshauptstadt M\u00fcnchen<\/a><\/strong><\/span><\/p>\n<p>&nbsp;<\/p>\n<p data-start=\"1680\" data-end=\"1776\">F\u00fcr folgende Gruppen erfolgt die Kostenr\u00fcckerstattung <strong data-start=\"1728\" data-end=\"1775\"><span style=\"text-decoration: underline;\"><span style=\"color: #0000ff; text-decoration: underline;\">ausschlie\u00dflich<\/span><\/span> \u00fcber die Stadt M\u00fcnchen (RBS)<\/strong>:<\/p>\n<p>&nbsp;<\/p>\n<ul>\n<li style=\"list-style-type: none;\">\n<ul>\n<li style=\"list-style-type: none;\">\n<ul>\n<li>Sch\u00fclerinnen und Sch\u00fcler mit Wohnsitz <span style=\"text-decoration: underline;\"><strong data-start=\"1818\" data-end=\"1857\">au\u00dferhalb des M\u00fcnchner Stadtgebiets<\/strong><\/span><\/li>\n<li><span style=\"text-decoration: underline;\">berechtigte<\/span> Sch\u00fclerinnen und Sch\u00fcler der Jahrg\u00e4nge <span style=\"text-decoration: underline;\"><strong data-start=\"1913\" data-end=\"1926\">S6 und S7<\/strong><\/span><\/li>\n<\/ul>\n<\/li>\n<\/ul>\n<\/li>\n<\/ul>\n<ul>\n<li style=\"list-style-type: none;\">\n<ul>\n<li style=\"list-style-type: none;\"><\/li>\n<\/ul>\n<\/li>\n<\/ul>\n<p>&nbsp;<\/p>\n<p>&nbsp;<\/p>\n<h3 data-section-id=\"zapd6e\" data-start=\"2164\" data-end=\"2211\">Zus\u00e4tzlicher Antrag \u00fcber die Stadt M\u00fcnchen (RBS):<\/h3>\n<p>&nbsp;<\/p>\n<p data-start=\"2213\" data-end=\"2295\">Ein zus\u00e4tzlich Antrag \u00fcber die Stadt M\u00fcnchen ist erforderlich insbesondere f\u00fcr:<\/p>\n<ul>\n<li style=\"list-style-type: none;\">\n<ul>\n<li style=\"list-style-type: none;\">\n<ul>\n<li>Alle neuen Sch\u00fclerinnen und Sch\u00fcler der ESM<\/li>\n<li>Sch\u00fclerinnen und Sch\u00fcler, die <strong data-start=\"2470\" data-end=\"2516\">erstmals \u00f6ffentliche Verkehrsmittel nutzen<\/strong><\/li>\n<li>Sch\u00fclerinnen und Sch\u00fcler, die auf ein anderes Verkehrsmittel wechseln (Bus \u21c4 MVV)<\/li>\n<li>Sch\u00fclerinnen und Sch\u00fcler bei jedem Umzug bzw. Adresswechsel\n<ul>\n<li style=\"list-style-type: none;\">\n<ul>\n<li style=\"list-style-type: none;\">\n<ul>\n<li style=\"list-style-type: none;\">\n<ul>\n<li style=\"list-style-type: none;\"><\/li>\n<\/ul>\n<\/li>\n<\/ul>\n<\/li>\n<\/ul>\n<\/li>\n<\/ul>\n<\/li>\n<li><span style=\"color: #0000ff;\"><strong><a style=\"color: #0000ff;\" href=\"https:\/\/stadt.muenchen.de\/service\/info\/gast-und-vertragsschulwesen-kostenfreiheit-des-schulweges\/1078362\/\" target=\"_blank\" rel=\"noopener\">Fahrtkostenerstattung Schulweg \u2013 Gast- und Vertragsschulwesen, Kostenfreiheit des Schulweges \u2013 Landeshauptstadt M\u00fcnchen<\/a><\/strong><\/span><\/li>\n<\/ul>\n<\/li>\n<\/ul>\n<\/li>\n<\/ul>\n<p>&nbsp;<\/p>\n<p>&nbsp;<\/p>\n<h3 data-section-id=\"10fahwt\" data-start=\"2675\" data-end=\"2710\">F\u00f6rderung &amp; Kostenr\u00fcckerstattung:<\/h3>\n<p>&nbsp;<\/p>\n<p data-start=\"2712\" data-end=\"2803\">Die Pr\u00fcfung einer m\u00f6glichen Kosten\u00fcbernahme oder Erstattung erfolgt \u00fcber die Stadt M\u00fcnchen.<\/p>\n<p>Bitte beachten Sie:<\/p>\n<ul>\n<li style=\"list-style-type: none;\">\n<ul>\n<li style=\"list-style-type: none;\">\n<ul>\n<li>Die Entscheidung liegt bei der Stadt<\/li>\n<li>Die Elternvereinigung ist an diesem Verfahren nicht beteiligt<\/li>\n<\/ul>\n<\/li>\n<\/ul>\n<\/li>\n<\/ul>\n<p>&nbsp;<\/p>\n<p>&nbsp;<\/p>\n<h3 data-section-id=\"1gjbus7\" data-start=\"2939\" data-end=\"2965\">Erstattung &amp; Unterlagen:<\/h3>\n<p>&nbsp;<\/p>\n<p data-start=\"2967\" data-end=\"3041\">F\u00fcr eine m\u00f6gliche Erstattung sollten folgende Nachweise aufbewahrt werden:<\/p>\n<ul>\n<li style=\"list-style-type: none;\">\n<ul>\n<li style=\"list-style-type: none;\">\n<ul>\n<li>Ticket \/ Rechnung<\/li>\n<li>Zahlungsnachweis (z.B. Kontoauszug)<\/li>\n<li>ggf. Schulbescheinigung<\/li>\n<li>ggf. Antragsunterlagen\n<ul>\n<li style=\"list-style-type: none;\">\n<ul>\n<li style=\"list-style-type: none;\">\n<ul>\n<li style=\"list-style-type: none;\"><\/li>\n<\/ul>\n<\/li>\n<\/ul>\n<\/li>\n<\/ul>\n<\/li>\n<\/ul>\n<\/li>\n<\/ul>\n<\/li>\n<\/ul>\n<p data-start=\"3161\" data-end=\"3240\">Welche Unterlagen im Einzelfall erforderlich sind, legt die Stadt M\u00fcnchen fest.<br \/>\nOhne entsprechende Nachweise kann eine Erstattung ggf. nicht erfolgen.<\/p>\n<p>&nbsp;<\/p>\n<p>&nbsp;<\/p>\n<h3 data-section-id=\"17lzjl7\" data-start=\"3319\" data-end=\"3340\">Schulbescheinigung:<\/h3>\n<p>&nbsp;<\/p>\n<p data-start=\"3342\" data-end=\"3461\">In bestimmten F\u00e4llen (z.B. f\u00fcr \u00e4ltere Jahrg\u00e4nge oder besondere Antr\u00e4ge) kann eine Schulbescheinigung erforderlich sein.<\/p>\n<p data-start=\"3463\" data-end=\"3559\">Diese wird von der Schule ausgestellt. Bitte wenden Sie sich bei Bedarf an die Schulrezeption.<\/p>\n<p>&nbsp;<\/p>\n<p>&nbsp;<\/p>\n<h3 data-section-id=\"5k2sek\" data-start=\"3566\" data-end=\"3587\">Versp\u00e4tete Antr\u00e4ge:<\/h3>\n<p>&nbsp;<\/p>\n<p data-start=\"3589\" data-end=\"3688\">Antr\u00e4ge nach Ablauf der Frist werden in der Regel erst im Zeitraum <strong data-start=\"3656\" data-end=\"3676\">Oktober\/November<\/strong> bearbeitet.<\/p>\n<p data-start=\"3690\" data-end=\"3780\">Bis zur Ausgabe des Tickets m\u00fcssen die Bef\u00f6rderungskosten zun\u00e4chst selbst getragen werden.<\/p>\n<p>&nbsp;<\/p>\n<p>&nbsp;<\/p>\n<h3 data-section-id=\"syz3cr\" data-start=\"4164\" data-end=\"4178\">Gastsch\u00fcler:<\/h3>\n<p>&nbsp;<\/p>\n<p data-start=\"4180\" data-end=\"4223\">Ein MVV-Ticket kann beantragt werden, wenn:<\/p>\n<ul>\n<li style=\"list-style-type: none;\">\n<ul>\n<li style=\"list-style-type: none;\">\n<ul>\n<li style=\"list-style-type: none;\">\n<ul>\n<li style=\"list-style-type: none;\">\n<ul>\n<li>die Mindestentfernung erf\u00fcllt ist<\/li>\n<li>die Gastfamilie Mitglied der EV-ESM ist<\/li>\n<li>der Aufenthalt mindestens 6 Monate betr\u00e4gt<\/li>\n<li style=\"list-style-type: none;\"><\/li>\n<\/ul>\n<\/li>\n<\/ul>\n<\/li>\n<\/ul>\n<\/li>\n<\/ul>\n<\/li>\n<\/ul>\n<p>&nbsp;<\/p>\n<p>&nbsp;<\/p>\n<h3 data-section-id=\"lwc623\" data-start=\"4360\" data-end=\"4370\">S6 \/ S7:<\/h3>\n<p>&nbsp;<\/p>\n<p data-start=\"4372\" data-end=\"4432\"><em>Familien von S6\/S7 Kindern erwerben das 365-Euro-Ticket bitte eigenst\u00e4ndig an den bekannten Verkaufsstellen.<\/em><br \/>\nDie Kostenr\u00fcckerstattung erfolgt ausschlie\u00dflich f\u00fcr berechtigte S6\/S7 Kinder \u00fcber das Referat f\u00fcr Bildung und Sport (RBS):<\/p>\n<p>&nbsp;<\/p>\n<p style=\"color: #0000ff;\"><strong><a style=\"color: #0000ff;\" href=\"https:\/\/stadt.muenchen.de\/service\/info\/gast-und-vertragsschulwesen-kostenfreiheit-des-schulweges\/1078362\/\" target=\"_blank\" rel=\"noopener\">Fahrtkostenerstattung Schulweg \u2013 Gast- und Vertragsschulwesen, Kostenfreiheit des Schulweges \u2013 Landeshauptstadt M\u00fcnchen<\/a><\/strong><\/p>\n<p>&nbsp;<\/p>\n<ul>\n<li data-start=\"4372\" data-end=\"4432\">F\u00fcr diese Jahrg\u00e4nge (S6\/S7) gelten besondere gesetzliche Regelungen.<\/li>\n<li data-start=\"4434\" data-end=\"4539\">Eine Erstattung ist m\u00f6glich, wenn bestimmte Voraussetzungen erf\u00fcllt sind:\n<ul>\n<li>\u00fcber 3km Schulweg + ab 3 Kinder im Haushalt<br \/>\noder<\/li>\n<li>\u00fcber 3km Schulweg + z.B. Familienbelastungsgrenze<\/li>\n<\/ul>\n<\/li>\n<\/ul>\n<p>&nbsp;<\/p>\n<p data-start=\"4541\" data-end=\"4593\">Bitte pr\u00fcfen Sie dies direkt \u00fcber die <span style=\"text-decoration: underline;\"><span style=\"color: #0000ff; text-decoration: underline;\"><a style=\"color: #0000ff; text-decoration: underline;\" href=\"https:\/\/stadt.muenchen.de\/service\/info\/gast-und-vertragsschulwesen-kostenfreiheit-des-schulweges\/1078362\/\" target=\"_blank\" rel=\"noopener\">Stadt M\u00fcnchen<\/a><\/span><\/span> &#8211; Rubrik: Fragen &amp; Antworten!<\/p>\n<p>&nbsp;<\/p>\n<p>&nbsp;<\/p>\n<h3 data-start=\"4356\" data-end=\"4385\"><strong data-start=\"4356\" data-end=\"4385\">Frist: <span style=\"color: #0000ff;\">05 &#8211; 22. Mai 2026<\/span><\/strong><\/h3>\n<p>&nbsp;<\/p>\n<p data-start=\"4683\" data-end=\"4795\">Nach Ablauf der Frist kann eine rechtzeitige Bearbeitung (Ticket zum Schuljahresbeginn) nicht garantiert werden.<\/p>\n<p>&nbsp;<\/p>\n<p>&nbsp;<\/p>\n<h3 data-section-id=\"cwwdib\" data-start=\"4802\" data-end=\"4829\">Verwaltungskostenbeitrag:<\/h3>\n<p>&nbsp;<\/p>\n<p data-start=\"4831\" data-end=\"4912\">F\u00fcr die Bearbeitung f\u00e4llt ein Beitrag von 15<strong data-start=\"4889\" data-end=\"4908\">\u00a0\u20ac pro Antrag<\/strong> an.<\/p>\n<p>&nbsp;<\/p>\n<p>&nbsp;<\/p>\n<h3 data-section-id=\"1f7zy8y\" data-start=\"4919\" data-end=\"4929\">Hinweis:<\/h3>\n<p>&nbsp;<\/p>\n<p data-start=\"4931\" data-end=\"4985\">Pro Kind kann nur <span style=\"text-decoration: underline;\">eine<\/span> Transportl\u00f6sung genutzt werden: Schulbus\/Personenbef\u00f6rderung <span style=\"color: #0000ff;\">oder <\/span>MVV\/365-Euro-Ticket<\/p>\n<p>[\/vc_column_text][\/vc_column][\/vc_row]<\/p>\n<\/div>","protected":false},"excerpt":{"rendered":"<p>[vc_row css_animation=&#8220;&#8220; row_type=&#8220;row&#8220; use_row_as_full_screen_section=&#8220;no&#8220; type=&#8220;full_width&#8220; angled_section=&#8220;no&#8220; text_align=&#8220;left&#8220; background_image_as_pattern=&#8220;without_pattern&#8220;][vc_column][vc_column_text] MVV \/ 365-Euro-Ticket &nbsp; Das 365-Euro-Ticket ist eine Jahreskarte der M\u00fcnchner Verkehrsgesellschaft (MVG) f\u00fcr Sch\u00fclerinnen und Sch\u00fcler und eine flexible Alternative zum Schulbus. Es ist rund um die Uhr, an 365 Tagen eines Schuljahres und auch in der Freizeit im gesamten MVV-Gebiet g\u00fcltig. &nbsp; &nbsp; Wer ist berechtigt? &nbsp; Grunds\u00e4tzlich besteht eine Berechtigung bei folgenden Entfernungen: &nbsp; P1-P4: mehr als 2 km ab P5-S5: mehr als 3 km (S6\/S7: bitte RBS &amp; S6\/S7 Abs\u00e4tze lesen) &nbsp; Ma\u00dfgeblich ist der k\u00fcrzeste fu\u00dfl\u00e4ufige Schulweg (einfache Strecke). Die Berechnung erfolgt in der Regel \u00fcber Google Maps oder das Rauminformationssystem Bayern (RISBy) &nbsp; &nbsp; Familien im M\u00fcnchner Stadtgebiet (Postleitzahlen 80000-81999) &nbsp; Wenn die Voraussetzungen erf\u00fcllt sind, werden die Kosten in der Regel durch die Stadt M\u00fcnchen bzw. den Freistaat Bayern \u00fcbernommen. &nbsp; &nbsp; Familien au\u00dferhalb des Stadtgebiets &nbsp; Auch hier kann das 365-Euro-Ticket eine geeignete L\u00f6sung&#8230;<\/p>\n","protected":false},"author":3,"featured_media":0,"parent":0,"menu_order":0,"comment_status":"closed","ping_status":"closed","template":"","meta":{"footnotes":""},"_links":{"self":[{"href":"https:\/\/ev-esm.org\/de\/wp-json\/wp\/v2\/pages\/18852"}],"collection":[{"href":"https:\/\/ev-esm.org\/de\/wp-json\/wp\/v2\/pages"}],"about":[{"href":"https:\/\/ev-esm.org\/de\/wp-json\/wp\/v2\/types\/page"}],"author":[{"embeddable":true,"href":"https:\/\/ev-esm.org\/de\/wp-json\/wp\/v2\/users\/3"}],"replies":[{"embeddable":true,"href":"https:\/\/ev-esm.org\/de\/wp-json\/wp\/v2\/comments?post=18852"}],"version-history":[{"count":90,"href":"https:\/\/ev-esm.org\/de\/wp-json\/wp\/v2\/pages\/18852\/revisions"}],"predecessor-version":[{"id":25247,"href":"https:\/\/ev-esm.org\/de\/wp-json\/wp\/v2\/pages\/18852\/revisions\/25247"}],"wp:attachment":[{"href":"https:\/\/ev-esm.org\/de\/wp-json\/wp\/v2\/media?parent=18852"}],"curies":[{"name":"wp","href":"https:\/\/api.w.org\/{rel}","templated":true}]}}