{"id":18676,"date":"2021-01-22T13:24:13","date_gmt":"2021-01-22T12:24:13","guid":{"rendered":"https:\/\/www.ev-esm.org\/?page_id=18676"},"modified":"2025-11-29T11:30:13","modified_gmt":"2025-11-29T10:30:13","slug":"deutsch","status":"publish","type":"page","link":"https:\/\/ev-esm.org\/de\/sprachsektionen\/deutsch\/","title":{"rendered":"Deutsch"},"content":{"rendered":"<div class=\"wpb-content-wrapper\"><p>[vc_row css_animation=&#8220;&#8220; row_type=&#8220;row&#8220; use_row_as_full_screen_section=&#8220;no&#8220; type=&#8220;full_width&#8220; angled_section=&#8220;no&#8220; text_align=&#8220;left&#8220; background_image_as_pattern=&#8220;without_pattern&#8220;][vc_column][vc_column_text]<\/p>\n<div class=\"container\">\n<div class=\"container_inner default_template_holder clearfix page_container_inner\">\n<div class=\"vc_row wpb_row section vc_row-fluid \">\n<div class=\" full_section_inner clearfix\">\n<div class=\"wpb_column vc_column_container vc_col-sm-12\">\n<div class=\"vc_column-inner\">\n<div class=\"wpb_wrapper\">\n<div class=\"wpb_text_column wpb_content_element \">\n<div class=\"wpb_wrapper\">\n<p>Die deutschsprachige Sektion an der Europ\u00e4ischen Schule M\u00fcnchen ist die zahlenm\u00e4\u00dfig gr\u00f6\u00dfte Sprachsektion an unserer Schule. Sie wird im Vorstand der Elternvereinigung durch <a href=\"de.vorstand@ev-esm.org\">Alin Stefaniu<\/a> vertreten.<\/p>\n<p>&nbsp;<\/p>\n<p><span lang=\"DE\">Als Elternvertreter im Erziehungsrat f\u00fcr die deutsche Sprachabteilung wurden gew\u00e4hlt:<\/span><\/p>\n<p>&nbsp;<\/p>\n<p>Grundschule: <a href=\"mailto:de.er-gs@ev-esm.org\">Frederik F\u00f6rster und Katja G\u00f6ttlich<\/a><br \/>\nH\u00f6here Schule: <a href=\"mailto:de.er-hs@ev-esm.org\">Mathias M\u00fcller und Anja Fischer<\/a><\/p>\n<p>Anbei eine Liste der Berichte zur Versammlung der DE-Sektion der EV-ESM:<\/p>\n<ul>\n<li><a href=\"https:\/\/www.ev-esm.org\/wp-content\/uploads\/2021\/09\/Versammlung-DE-Sprachsektion-2020.pdf\">Protokoll vom 29 September 2020<\/a><\/li>\n<li><a href=\"https:\/\/www.ev-esm.org\/wp-content\/uploads\/2019\/11\/2019-Protokoll-Sprachsektion-DE.pdf\">Protokoll vom 30 September 2019<\/a><\/li>\n<li><a href=\"https:\/\/www.ev-esm.org\/wp-content\/uploads\/2019\/11\/2018-Protokoll-DE-2018.pdf\">Protokoll vom 25 Oktober 2018<\/a><\/li>\n<li><a href=\"https:\/\/www.ev-esm.org\/wp-content\/uploads\/2019\/11\/2016-10-25-Besprechungsprotokoll-ER-2.pdf\">Protokoll vom 25 Oktober 2016<\/a><\/li>\n<li><a href=\"https:\/\/www.ev-esm.org\/wp-content\/uploads\/2019\/11\/Protokoll_vom_5_Oktober_2016.pdf\">Protokoll vom 5 Oktober 2016<\/a><\/li>\n<li><a href=\"https:\/\/www.ev-esm.org\/wp-content\/uploads\/2019\/11\/VersammlungDESprachabteilung2C22_09_2015.pdf\">Protokoll vom 22 September 2015<\/a><\/li>\n<li><a href=\"https:\/\/www.ev-esm.org\/wp-content\/uploads\/2019\/11\/ER-Protokoll-2014-10-16.pdf\">Protokoll vom 16 Oktober 2014<\/a><\/li>\n<li><a href=\"https:\/\/www.ev-esm.org\/wp-content\/uploads\/2019\/11\/ER-Protokoll-2013-10-01.pdf\">Protokoll vom 01 Oktober 2013<\/a><\/li>\n<li><a href=\"https:\/\/www.ev-esm.org\/wp-content\/uploads\/2019\/11\/ER-Protokoll-2011-09-13.pdf\">Protokoll vom 13 September 2011<\/a><\/li>\n<\/ul>\n<\/div>\n<\/div>\n<\/div>\n<\/div>\n<\/div>\n<\/div>\n<\/div>\n<\/div>\n<\/div>\n<p>[\/vc_column_text][\/vc_column][\/vc_row]<\/p>\n<\/div>","protected":false},"excerpt":{"rendered":"<p>[vc_row css_animation=&#8220;&#8220; row_type=&#8220;row&#8220; use_row_as_full_screen_section=&#8220;no&#8220; type=&#8220;full_width&#8220; angled_section=&#8220;no&#8220; text_align=&#8220;left&#8220; background_image_as_pattern=&#8220;without_pattern&#8220;][vc_column][vc_column_text] Die deutschsprachige Sektion an der Europ\u00e4ischen Schule M\u00fcnchen ist die zahlenm\u00e4\u00dfig gr\u00f6\u00dfte Sprachsektion an unserer Schule. Sie wird im Vorstand der Elternvereinigung durch Alin Stefaniu vertreten. &nbsp; Als Elternvertreter im Erziehungsrat f\u00fcr die deutsche Sprachabteilung wurden gew\u00e4hlt: &nbsp; Grundschule: Frederik F\u00f6rster und Katja G\u00f6ttlich H\u00f6here Schule: Mathias M\u00fcller und Anja Fischer Anbei eine Liste der Berichte zur Versammlung der DE-Sektion der EV-ESM: Protokoll vom 29 September 2020 Protokoll vom 30 September 2019 Protokoll vom 25 Oktober 2018 Protokoll vom 25 Oktober 2016 Protokoll vom 5 Oktober 2016 Protokoll vom 22 September 2015 Protokoll vom 16 Oktober 2014 Protokoll vom 01 Oktober 2013 Protokoll vom 13 September 2011 [\/vc_column_text][\/vc_column][\/vc_row]<\/p>\n","protected":false},"author":3,"featured_media":0,"parent":18687,"menu_order":0,"comment_status":"closed","ping_status":"closed","template":"","meta":{"footnotes":""},"_links":{"self":[{"href":"https:\/\/ev-esm.org\/de\/wp-json\/wp\/v2\/pages\/18676"}],"collection":[{"href":"https:\/\/ev-esm.org\/de\/wp-json\/wp\/v2\/pages"}],"about":[{"href":"https:\/\/ev-esm.org\/de\/wp-json\/wp\/v2\/types\/page"}],"author":[{"embeddable":true,"href":"https:\/\/ev-esm.org\/de\/wp-json\/wp\/v2\/users\/3"}],"replies":[{"embeddable":true,"href":"https:\/\/ev-esm.org\/de\/wp-json\/wp\/v2\/comments?post=18676"}],"version-history":[{"count":7,"href":"https:\/\/ev-esm.org\/de\/wp-json\/wp\/v2\/pages\/18676\/revisions"}],"predecessor-version":[{"id":24958,"href":"https:\/\/ev-esm.org\/de\/wp-json\/wp\/v2\/pages\/18676\/revisions\/24958"}],"up":[{"embeddable":true,"href":"https:\/\/ev-esm.org\/de\/wp-json\/wp\/v2\/pages\/18687"}],"wp:attachment":[{"href":"https:\/\/ev-esm.org\/de\/wp-json\/wp\/v2\/media?parent=18676"}],"curies":[{"name":"wp","href":"https:\/\/api.w.org\/{rel}","templated":true}]}}