{"id":18666,"date":"2021-01-22T13:23:15","date_gmt":"2021-01-22T12:23:15","guid":{"rendered":"https:\/\/www.ev-esm.org\/?page_id=18666"},"modified":"2025-05-26T10:57:00","modified_gmt":"2025-05-26T08:57:00","slug":"offizielle-dokumente","status":"publish","type":"page","link":"https:\/\/ev-esm.org\/de\/dokumente\/offizielle-dokumente\/","title":{"rendered":"Offizielle Dokumente"},"content":{"rendered":"<div class=\"wpb-content-wrapper\"><p>[vc_row css_animation=&#8220;&#8220; row_type=&#8220;row&#8220; use_row_as_full_screen_section=&#8220;no&#8220; type=&#8220;full_width&#8220; angled_section=&#8220;no&#8220; text_align=&#8220;left&#8220; background_image_as_pattern=&#8220;without_pattern&#8220;][vc_column][vc_column_text]<\/p>\n<div class=\"wpb_column vc_column_container vc_col-sm-12\">\n<div class=\"vc_column-inner\">\n<div class=\"wpb_wrapper\">\n<div class=\"wpb_text_column wpb_content_element \">\n<div class=\"wpb_wrapper\">\n<p>Offizielle Dokumente der Elternvereinigung der Europ\u00e4ischen Schule M\u00fcnchen:<\/p>\n<p>&nbsp;<\/p>\n<ul>\n<li><a href=\"https:\/\/www.ev-esm.org\/wp-content\/uploads\/2021\/02\/EV-ESM-Satzung.pdf\">Satzung der EV-ESM<\/a><\/li>\n<li><a href=\"https:\/\/www.ev-esm.org\/wp-content\/uploads\/2022\/10\/Gesch\u00e4ftsordnung-EV-ESM-18102022-1.pdf\" target=\"_blank\" rel=\"noopener noreferrer\">Gesch\u00e4ftsordnung des EV-ESM Vorstands<\/a><\/li>\n<li><a href=\"https:\/\/www.ev-esm.org\/wp-content\/uploads\/2022\/10\/Wahlordnung-Election-EV-ESM-18102022.pdf\" target=\"_blank\" rel=\"noopener noreferrer\">EV-ESM Wahlordnung<\/a><\/li>\n<li><a href=\"https:\/\/www.ev-esm.org\/wp-content\/uploads\/2022\/05\/AGB-Version-2.1-Stand-03.-Mai-2022.pdf\" target=\"_blank\" rel=\"noopener noreferrer\">Allgemeine Gesch\u00e4ftsbedingungen der EV-ESM<\/a><\/li>\n<li><a href=\"http:\/\/ev-esm.org\/wp-content\/uploads\/2025\/05\/AGB_NSA-Version-3.2-Stand-15.Mai2025.pdf\">Teilnahmebedingungen Nebenschulaktivit\u00e4ten der EV-ESM (Version 2025)<\/a><\/li>\n<li><a href=\"https:\/\/www.ev-esm.org\/de\/datenschutzerklaerung\/\" target=\"_blank\" rel=\"noopener noreferrer\">Datenschutzerkl\u00e4rung der EV-ESM<\/a><\/li>\n<\/ul>\n<p>&nbsp;<\/p>\n<p>Alte Dokumente<\/p>\n<ul>\n<li><a href=\"http:\/\/ev-esm.org\/wp-content\/uploads\/2024\/08\/ABG_NSA20240728-3-0-5.pdf\">Teilnahmebedingungen Nebenschulaktivit\u00e4ten der EV-ESM (Version 2024)<\/a><\/li>\n<\/ul>\n<\/div>\n<\/div>\n<\/div>\n<\/div>\n<\/div>\n<p>[\/vc_column_text][\/vc_column][\/vc_row]<\/p>\n<\/div>","protected":false},"excerpt":{"rendered":"<p>[vc_row css_animation=&#8220;&#8220; row_type=&#8220;row&#8220; use_row_as_full_screen_section=&#8220;no&#8220; type=&#8220;full_width&#8220; angled_section=&#8220;no&#8220; text_align=&#8220;left&#8220; background_image_as_pattern=&#8220;without_pattern&#8220;][vc_column][vc_column_text] Offizielle Dokumente der Elternvereinigung der Europ\u00e4ischen Schule M\u00fcnchen: &nbsp; Satzung der EV-ESM Gesch\u00e4ftsordnung des EV-ESM Vorstands EV-ESM Wahlordnung Allgemeine Gesch\u00e4ftsbedingungen der EV-ESM Teilnahmebedingungen Nebenschulaktivit\u00e4ten der EV-ESM (Version 2025) Datenschutzerkl\u00e4rung der EV-ESM &nbsp; Alte Dokumente Teilnahmebedingungen Nebenschulaktivit\u00e4ten der EV-ESM (Version 2024) [\/vc_column_text][\/vc_column][\/vc_row]<\/p>\n","protected":false},"author":3,"featured_media":0,"parent":17138,"menu_order":0,"comment_status":"closed","ping_status":"closed","template":"","meta":{"footnotes":""},"_links":{"self":[{"href":"https:\/\/ev-esm.org\/de\/wp-json\/wp\/v2\/pages\/18666"}],"collection":[{"href":"https:\/\/ev-esm.org\/de\/wp-json\/wp\/v2\/pages"}],"about":[{"href":"https:\/\/ev-esm.org\/de\/wp-json\/wp\/v2\/types\/page"}],"author":[{"embeddable":true,"href":"https:\/\/ev-esm.org\/de\/wp-json\/wp\/v2\/users\/3"}],"replies":[{"embeddable":true,"href":"https:\/\/ev-esm.org\/de\/wp-json\/wp\/v2\/comments?post=18666"}],"version-history":[{"count":24,"href":"https:\/\/ev-esm.org\/de\/wp-json\/wp\/v2\/pages\/18666\/revisions"}],"predecessor-version":[{"id":24596,"href":"https:\/\/ev-esm.org\/de\/wp-json\/wp\/v2\/pages\/18666\/revisions\/24596"}],"up":[{"embeddable":true,"href":"https:\/\/ev-esm.org\/de\/wp-json\/wp\/v2\/pages\/17138"}],"wp:attachment":[{"href":"https:\/\/ev-esm.org\/de\/wp-json\/wp\/v2\/media?parent=18666"}],"curies":[{"name":"wp","href":"https:\/\/api.w.org\/{rel}","templated":true}]}}