{"id":18440,"date":"2020-08-12T13:26:39","date_gmt":"2020-08-12T11:26:39","guid":{"rendered":"https:\/\/www.ev-esm.org\/?page_id=18440"},"modified":"2025-09-09T13:59:09","modified_gmt":"2025-09-09T11:59:09","slug":"vorstand","status":"publish","type":"page","link":"https:\/\/ev-esm.org\/de\/verein\/vorstand\/","title":{"rendered":"Vorstand"},"content":{"rendered":"<div class=\"wpb-content-wrapper\"><p>[vc_row css_animation=&#8220;&#8220; row_type=&#8220;row&#8220; use_row_as_full_screen_section=&#8220;no&#8220; type=&#8220;full_width&#8220; angled_section=&#8220;no&#8220; text_align=&#8220;left&#8220; background_image_as_pattern=&#8220;without_pattern&#8220;][vc_column][vc_column_text]<\/p>\n<h2>Vorstand der EV-ESM<\/h2>\n<p>&nbsp;<\/p>\n<p><span class=\"tlid-translation translation\" lang=\"de\"><span class=\"\" title=\"\">Die Vorstandsmitglieder der EV-ESM werden von der Mitgliederversammlung f\u00fcr eine Amtszeit von 2 Jahren gew\u00e4hlt.<\/span> <span class=\"\" title=\"\">Der Vorstand koordiniert und kontrolliert den Verein.<\/span><\/span><\/p>\n<p>&nbsp;<\/p>\n\n<table id=\"tablepress-2\" class=\"tablepress tablepress-id-2 tablepress-responsive\">\n<thead>\n<tr class=\"row-1 odd\">\n\t<th class=\"column-1\">Board Position<\/th><th class=\"column-2\">Name<\/th><th class=\"column-3\">Email<\/th>\n<\/tr>\n<\/thead>\n<tbody class=\"row-hover\">\n<tr class=\"row-2 even\">\n\t<td class=\"column-1\">Chairman <\/td><td class=\"column-2\">Karsten R\u00f6ski<\/td><td class=\"column-3\">vorsitzender@ev-esm.org<\/td>\n<\/tr>\n<tr class=\"row-3 odd\">\n\t<td class=\"column-1\">Deputy Chairwoman<\/td><td class=\"column-2\">Maria Mangeli<\/td><td class=\"column-3\">stellvertreterin@ev-esm.org<\/td>\n<\/tr>\n<tr class=\"row-4 even\">\n\t<td class=\"column-1\">Treasurer<\/td><td class=\"column-2\">Katia Sittler<\/td><td class=\"column-3\">schatzmeisterin@ev-esm.org<\/td>\n<\/tr>\n<tr class=\"row-5 odd\">\n\t<td class=\"column-1\">Administrative Board<\/td><td class=\"column-2\">Mihai Bogdan Luca<\/td><td class=\"column-3\">verwaltungsrat.vorstand@ev-esm.org<\/td>\n<\/tr>\n<tr class=\"row-6 even\">\n\t<td class=\"column-1\">Secretary<\/td><td class=\"column-2\">Marina Pitzinger<\/td><td class=\"column-3\">sekretariat.vorstand@ev-esm.org<\/td>\n<\/tr>\n<tr class=\"row-7 odd\">\n\t<td class=\"column-1\">Health and Security<\/td><td class=\"column-2\">Esteban Hern\u00e1ndez Castell\u00f3<\/td><td class=\"column-3\">sicherheit.vorstand@ev-esm.org<\/td>\n<\/tr>\n<tr class=\"row-8 even\">\n\t<td class=\"column-1\">Canteen<\/td><td class=\"column-2\">Fabrizio Marrone<\/td><td class=\"column-3\">kantine.vorstand@ev-esm.org<\/td>\n<\/tr>\n<tr class=\"row-9 odd\">\n\t<td class=\"column-1\">Transport<\/td><td class=\"column-2\">Frederik F\u00f6rster<\/td><td class=\"column-3\">transport.vorstand@ev-esm.org<\/td>\n<\/tr>\n<tr class=\"row-10 even\">\n\t<td class=\"column-1\">Kindergarten<\/td><td class=\"column-2\">Panagiota Lazarou<\/td><td class=\"column-3\">kiga.vorstand@ev-esm.org<\/td>\n<\/tr>\n<tr class=\"row-11 odd\">\n\t<td class=\"column-1\">Extra-curricular Activities<\/td><td class=\"column-2\">Adriana Cardos-Sonntag<\/td><td class=\"column-3\">nsa.vorstand@ev-esm.org<\/td>\n<\/tr>\n<tr class=\"row-12 even\">\n\t<td class=\"column-1\">After-school Care\/Garderie<\/td><td class=\"column-2\">D\u00e9sir\u00e9e Kandolo<\/td><td class=\"column-3\">nachmittagsbetreuung.vorstand@ev-esm.org<\/td>\n<\/tr>\n<tr class=\"row-13 odd\">\n\t<td class=\"column-1\">Category III<\/td><td class=\"column-2\">Volker M. Berger<\/td><td class=\"column-3\">kategorieIII.vorstand@ev-esm.org<\/td>\n<\/tr>\n<tr class=\"row-14 even\">\n\t<td class=\"column-1\">Interparents 1<\/td><td class=\"column-2\">Sten Harck<\/td><td class=\"column-3\">interparents.vorstand@ev-esm.org<\/td>\n<\/tr>\n<tr class=\"row-15 odd\">\n\t<td class=\"column-1\">Interparents 2<\/td><td class=\"column-2\">Themis Toumpoulidis<\/td><td class=\"column-3\">interparents.vorstand@ev-esm.org<\/td>\n<\/tr>\n<tr class=\"row-16 even\">\n\t<td class=\"column-1\">Office Manager<\/td><td class=\"column-2\">Stephanie Vogel<\/td><td class=\"column-3\">personal.vorstand@ev-esm.org\u00a0<\/td>\n<\/tr>\n<tr class=\"row-17 odd\">\n\t<td class=\"column-1\">Information Policies<\/td><td class=\"column-2\">Oliver Tonet<\/td><td class=\"column-3\">informationen.vorstand@ev-esm.org<\/td>\n<\/tr>\n<tr class=\"row-18 even\">\n\t<td class=\"column-1\">Dutch language section<\/td><td class=\"column-2\">Evert K\u00fcppers<\/td><td class=\"column-3\">nl.vorstand@ev-esm.org<\/td>\n<\/tr>\n<tr class=\"row-19 odd\">\n\t<td class=\"column-1\">English language section <\/td><td class=\"column-2\">Sandra Novales<\/td><td class=\"column-3\">en.vorstand@ev-esm.org<\/td>\n<\/tr>\n<tr class=\"row-20 even\">\n\t<td class=\"column-1\">French language section<\/td><td class=\"column-2\">D\u00e9sir\u00e9e Kandolo<\/td><td class=\"column-3\">fr.vorstand@ev-esm.org<\/td>\n<\/tr>\n<tr class=\"row-21 odd\">\n\t<td class=\"column-1\">German language section <\/td><td class=\"column-2\">Alin Stefaniu<\/td><td class=\"column-3\">de.vorstand@ev-esm.org<\/td>\n<\/tr>\n<tr class=\"row-22 even\">\n\t<td class=\"column-1\">Greek language section <\/td><td class=\"column-2\">Nikolaos Stefanidis<\/td><td class=\"column-3\">gr.vorstand@ev-esm.org<\/td>\n<\/tr>\n<tr class=\"row-23 odd\">\n\t<td class=\"column-1\">Italian language section <\/td><td class=\"column-2\">Esteban Hern\u00e1ndez Castello<\/td><td class=\"column-3\">it.vorstand@ev-esm.org<\/td>\n<\/tr>\n<tr class=\"row-24 even\">\n\t<td class=\"column-1\">Spanish language section <\/td><td class=\"column-2\">Paula Galiana<\/td><td class=\"column-3\">es.vorstand@ev-esm.org<\/td>\n<\/tr>\n<tr class=\"row-25 odd\">\n\t<td class=\"column-1\">SWALS (students without a language section)<\/td><td class=\"column-2\">In\u00e8s Lampreia<\/td><td class=\"column-3\">swals.vorstand@ev-esm.org<\/td>\n<\/tr>\n<\/tbody>\n<\/table>\n<!-- #tablepress-2 from cache -->\n<p>&nbsp;<\/p>\n<p>Die Generalversammlung ist gem\u00e4\u00df Artikel 11 der Satzung berechtigt, einen Schiedsrichter zu ernennen, der au\u00dferhalb des Vorstandes t\u00e4tig ist.<\/p>\n<p>Die Schiedsrichterin von EV-ESM ist Frau Muriel Lepage &#8211; schlichtung.vorstand@ev-esm.org.[\/vc_column_text][vc_empty_space][\/vc_column][\/vc_row]<\/p>\n<\/div>","protected":false},"excerpt":{"rendered":"<p>[vc_row css_animation=&#8220;&#8220; row_type=&#8220;row&#8220; use_row_as_full_screen_section=&#8220;no&#8220; type=&#8220;full_width&#8220; angled_section=&#8220;no&#8220; text_align=&#8220;left&#8220; background_image_as_pattern=&#8220;without_pattern&#8220;][vc_column][vc_column_text] Vorstand der EV-ESM &nbsp; Die Vorstandsmitglieder der EV-ESM werden von der Mitgliederversammlung f\u00fcr eine Amtszeit von 2 Jahren gew\u00e4hlt. Der Vorstand koordiniert und kontrolliert den Verein. &nbsp; &nbsp; Die Generalversammlung ist gem\u00e4\u00df Artikel 11 der Satzung berechtigt, einen Schiedsrichter zu ernennen, der au\u00dferhalb des Vorstandes t\u00e4tig ist. Die Schiedsrichterin von EV-ESM ist Frau Muriel Lepage &#8211; schlichtung.vorstand@ev-esm.org.[\/vc_column_text][vc_empty_space][\/vc_column][\/vc_row]<\/p>\n","protected":false},"author":3,"featured_media":0,"parent":18432,"menu_order":0,"comment_status":"closed","ping_status":"closed","template":"","meta":{"footnotes":""},"_links":{"self":[{"href":"https:\/\/ev-esm.org\/de\/wp-json\/wp\/v2\/pages\/18440"}],"collection":[{"href":"https:\/\/ev-esm.org\/de\/wp-json\/wp\/v2\/pages"}],"about":[{"href":"https:\/\/ev-esm.org\/de\/wp-json\/wp\/v2\/types\/page"}],"author":[{"embeddable":true,"href":"https:\/\/ev-esm.org\/de\/wp-json\/wp\/v2\/users\/3"}],"replies":[{"embeddable":true,"href":"https:\/\/ev-esm.org\/de\/wp-json\/wp\/v2\/comments?post=18440"}],"version-history":[{"count":7,"href":"https:\/\/ev-esm.org\/de\/wp-json\/wp\/v2\/pages\/18440\/revisions"}],"predecessor-version":[{"id":24776,"href":"https:\/\/ev-esm.org\/de\/wp-json\/wp\/v2\/pages\/18440\/revisions\/24776"}],"up":[{"embeddable":true,"href":"https:\/\/ev-esm.org\/de\/wp-json\/wp\/v2\/pages\/18432"}],"wp:attachment":[{"href":"https:\/\/ev-esm.org\/de\/wp-json\/wp\/v2\/media?parent=18440"}],"curies":[{"name":"wp","href":"https:\/\/api.w.org\/{rel}","templated":true}]}}