{"id":17156,"date":"2019-11-26T22:27:10","date_gmt":"2019-11-26T21:27:10","guid":{"rendered":"https:\/\/com21.ev-esm.org\/?page_id=17156"},"modified":"2025-07-01T11:51:46","modified_gmt":"2025-07-01T09:51:46","slug":"ruf","status":"publish","type":"page","link":"https:\/\/ev-esm.org\/de\/dienstleistungen\/nachmittagsbetreuung\/ruf\/","title":{"rendered":"R.U.F."},"content":{"rendered":"<div class=\"wpb-content-wrapper\"><p>[vc_row css_animation=&#8220;&#8220; row_type=&#8220;row&#8220; use_row_as_full_screen_section=&#8220;no&#8220; type=&#8220;full_width&#8220; angled_section=&#8220;no&#8220; text_align=&#8220;left&#8220; background_image_as_pattern=&#8220;without_pattern&#8220;][vc_column][vc_column_text]<strong>R.U.F. &#8211; Rund um die Familie<\/strong> ist Tr\u00e4ger der Nachmittagsbetreuung in Zusammenarbeit mit der Elternvereinigung der Europ\u00e4ischen Schule M\u00fcnchen.<\/p>\n<p>&nbsp;<\/p>\n<p>Das Angebot richtet sich an die Kinder der 1. bis 5. Klasse in der unterrichtsfreien Zeit der ESM und gilt als Nebenschulaktivit\u00e4t der Europ\u00e4ischen Schule. Voraussetzung f\u00fcr einen Betreuungsplatz ist die Mitgliedschaft der Eltern in der Elternvereinigung der ESM.<\/p>\n<p>&nbsp;<\/p>\n<p>Die Nachmittagsbetreuung versteht sich als familienerg\u00e4nzende Einrichtung und begleitet die Kinder beim Essen, bei den Hausaufgaben und beim freien Spiel und bietet verschiedene Workshops an.<\/p>\n<p>&nbsp;<\/p>\n<p><strong><u>Kindergarten:<\/u><\/strong><\/p>\n<p>Monatliche Geb\u00fchr pro gebuchtem Wochentag<\/p>\n<p>Montag, Mittwoch und Freitag<\/p>\n<p style=\"padding-left: 40px;\">12:05 Uhr bis 14:00 Uhr &#8211; 50 \u20ac<\/p>\n<p style=\"padding-left: 40px;\">12:05 Uhr bis 16:00 Uhr &#8211; 100 \u20ac<\/p>\n<p style=\"padding-left: 40px;\">12:05 Uhr bis 18:00 Uhr &#8211; 120 \u20ac<\/p>\n<p>Dienstag und Donnerstag<\/p>\n<p style=\"padding-left: 40px;\">15:45 Uhr bis 18:00 Uhr &#8211; 60 \u20ac<\/p>\n<p>&nbsp;<\/p>\n<p>&nbsp;<\/p>\n<p><strong><u>Grundschule P1 bis P2 mit 3 Buchungszeiten<\/u><\/strong><\/p>\n<p>Montag<\/p>\n<p style=\"padding-left: 40px;\">12:05 Uhr bis 14:00 Uhr &#8211; 50\u20ac<\/p>\n<p style=\"padding-left: 40px;\">12:05 Uhr bis 16:00 Uhr &#8211; 100 \u20ac<\/p>\n<p style=\"padding-left: 40px;\">12:05 Uhr bis 18:00 Uhr &#8211; 120 \u20ac<\/p>\n<p>&nbsp;<\/p>\n<p style=\"text-align: left;\"><strong><u>Grundschule P3 bis P5<\/u><\/strong><\/p>\n<p>Montag<\/p>\n<p style=\"padding-left: 40px;\">15:45 Uhr bis 18:00 Uhr &#8211; 60 \u20ac<\/p>\n<p>&nbsp;<\/p>\n<p><strong><u>Grundschule P1 &#8211; P5 mit 3 Buchungszeiten<\/u><\/strong><\/p>\n<p>Monatliche Geb\u00fchr pro gebuchtem Wochentag<\/p>\n<p>Mittwoch und Freitag<\/p>\n<p style=\"padding-left: 40px;\">12:05 Uhr bis 14:00 Uhr &#8211; 50 \u20ac<\/p>\n<p style=\"padding-left: 40px;\">12:05 Uhr bis 16:00 Uhr &#8211; 100 \u20ac<\/p>\n<p style=\"padding-left: 40px;\">12:05 Uhr bis 18:00 Uhr &#8211; 120 \u20ac<\/p>\n<p>Dienstag und Donnerstag<\/p>\n<p style=\"padding-left: 40px;\">15:45 Uhr bis 18:00 Uhr &#8211; 60 \u20ac<\/p>\n<p>&nbsp;<\/p>\n<p>NACHMITTAGSBETREUUNG BUCHEN<\/p>\n<div id=\"table_3919368\">\n<div id=\"table_3919368_container\">\n<p>Alle Betreuungstage und Buchungszeiten sind einzeln buchbar.<\/p>\n<p>Die Buchung erfolgt \u00fcber das <a href=\"http:\/\/www.ev-esm.booking.org\/\">EV-ESM Booking System<\/a> unter <em>Buchungen verwalten. <\/em>\u00dcberpr\u00fcfen Sie das entsprechende Schuljahr oben rechts.<\/p>\n<p>&nbsp;<\/p>\n<\/div>\n<\/div>\n<p>Hier finden Sie <a href=\"https:\/\/ev-esm.org\/de\/dienstleistungen\/nachmittagsbetreuung\/\">die Allgemeine Gesch\u00e4ftsbedingungen der R.U.F.<\/a><\/p>\n<p>&nbsp;<\/p>\n<p><strong>Ferienbetreuung:<\/strong><\/p>\n<p>Die Ferienbetreuung ist nur <strong>wochenweise <\/strong>buchbar. Die Betreuungszeiten sind t\u00e4glich von 8 bis 17 Uhr. Die Einladung zur Ferienbetreuung wird mit Programm und Anmeldeformular einige Wochen vor den jeweiligen Ferien herausgegeben. Die Mindestteilnehmerzahl sind 15 Kinder. Die Kosten f\u00fcr die Ferienbetreuung der Nachmittagsbetreuungskinder belaufen sich in der 4Tage-Woche auf 100\u20ac und in der 5Tage-Woche auf 125\u20ac. Hinzu kommen jeweils die Essensgeb\u00fchr und die Eintrittspreise.<\/p>\n<p>&nbsp;<\/p>\n<p>F\u00fcr Kinder, die nicht die Nachmittagsbetreuung regul\u00e4r besuchen, k\u00f6nnen auch die Ferienbetreuung buchen. Die Kosten belaufen sich in der 4Tage-Woche auf 180\u20ac und in der 5Tage-Woche auf 225\u20ac. Hinzu kommen jeweils die Essensgeb\u00fchr und die Eintrittspreise.[\/vc_column_text][\/vc_column][\/vc_row]<\/p>\n<\/div>","protected":false},"excerpt":{"rendered":"<p>[vc_row css_animation=&#8220;&#8220; row_type=&#8220;row&#8220; use_row_as_full_screen_section=&#8220;no&#8220; type=&#8220;full_width&#8220; angled_section=&#8220;no&#8220; text_align=&#8220;left&#8220; background_image_as_pattern=&#8220;without_pattern&#8220;][vc_column][vc_column_text]R.U.F. &#8211; Rund um die Familie ist Tr\u00e4ger der Nachmittagsbetreuung in Zusammenarbeit mit der Elternvereinigung der Europ\u00e4ischen Schule M\u00fcnchen. &nbsp; Das Angebot richtet sich an die Kinder der 1. bis 5. Klasse in der unterrichtsfreien Zeit der ESM und gilt als Nebenschulaktivit\u00e4t der Europ\u00e4ischen Schule. Voraussetzung f\u00fcr einen Betreuungsplatz ist die Mitgliedschaft der Eltern in der Elternvereinigung der ESM. &nbsp; Die Nachmittagsbetreuung versteht sich als familienerg\u00e4nzende Einrichtung und begleitet die Kinder beim Essen, bei den Hausaufgaben und beim freien Spiel und bietet verschiedene Workshops an. &nbsp; Kindergarten: Monatliche Geb\u00fchr pro gebuchtem Wochentag Montag, Mittwoch und Freitag 12:05 Uhr bis 14:00 Uhr &#8211; 50 \u20ac 12:05 Uhr bis 16:00 Uhr &#8211; 100 \u20ac 12:05 Uhr bis 18:00 Uhr &#8211; 120 \u20ac Dienstag und Donnerstag 15:45 Uhr bis 18:00 Uhr &#8211; 60 \u20ac &nbsp; &nbsp; Grundschule P1 bis P2 mit 3 Buchungszeiten Montag 12:05 Uhr&#8230;<\/p>\n","protected":false},"author":3,"featured_media":0,"parent":17147,"menu_order":0,"comment_status":"closed","ping_status":"closed","template":"","meta":{"footnotes":""},"_links":{"self":[{"href":"https:\/\/ev-esm.org\/de\/wp-json\/wp\/v2\/pages\/17156"}],"collection":[{"href":"https:\/\/ev-esm.org\/de\/wp-json\/wp\/v2\/pages"}],"about":[{"href":"https:\/\/ev-esm.org\/de\/wp-json\/wp\/v2\/types\/page"}],"author":[{"embeddable":true,"href":"https:\/\/ev-esm.org\/de\/wp-json\/wp\/v2\/users\/3"}],"replies":[{"embeddable":true,"href":"https:\/\/ev-esm.org\/de\/wp-json\/wp\/v2\/comments?post=17156"}],"version-history":[{"count":21,"href":"https:\/\/ev-esm.org\/de\/wp-json\/wp\/v2\/pages\/17156\/revisions"}],"predecessor-version":[{"id":24723,"href":"https:\/\/ev-esm.org\/de\/wp-json\/wp\/v2\/pages\/17156\/revisions\/24723"}],"up":[{"embeddable":true,"href":"https:\/\/ev-esm.org\/de\/wp-json\/wp\/v2\/pages\/17147"}],"wp:attachment":[{"href":"https:\/\/ev-esm.org\/de\/wp-json\/wp\/v2\/media?parent=17156"}],"curies":[{"name":"wp","href":"https:\/\/api.w.org\/{rel}","templated":true}]}}