{"id":17147,"date":"2019-11-26T22:05:47","date_gmt":"2019-11-26T21:05:47","guid":{"rendered":"https:\/\/com21.ev-esm.org\/?page_id=17147"},"modified":"2025-06-27T11:55:23","modified_gmt":"2025-06-27T09:55:23","slug":"nachmittagsbetreuung","status":"publish","type":"page","link":"https:\/\/ev-esm.org\/de\/dienstleistungen\/nachmittagsbetreuung\/","title":{"rendered":"Nachmittagsbetreuung"},"content":{"rendered":"<div class=\"wpb-content-wrapper\"><p>[vc_row css_animation=&#8220;&#8220; row_type=&#8220;row&#8220; use_row_as_full_screen_section=&#8220;no&#8220; type=&#8220;full_width&#8220; angled_section=&#8220;no&#8220; text_align=&#8220;left&#8220; background_image_as_pattern=&#8220;without_pattern&#8220;][vc_column][vc_column_text]<\/p>\n<h3>Nachmittagsbetreuung<\/h3>\n<p>&nbsp;<\/p>\n<p>In Nachmittagsbetreuung werden die Kinder im Kindergarten sowie die Schulkinder in der Grundschulklassen von 1. bis 5. ein erg\u00e4nzendes Programm zum regul\u00e4ren Unterricht erhalten.<\/p>\n<p>&nbsp;<\/p>\n<p class=\"TWTextebene\" style=\"margin-bottom: 0cm; tab-stops: 1.0cm 2.0cm 3.0cm 4.0cm 5.0cm 6.0cm 7.0cm 8.0cm;\"><span lang=\"DE\">R.U.F. ist Tr\u00e4ger der Nachmittagsbetreuung in Zusammenarbeit mit der Elternvereinigung der Europ\u00e4ischen Schule M\u00fcnchen.<\/span><\/p>\n<p>[\/vc_column_text][vc_row_inner row_type=&#8220;row&#8220; type=&#8220;full_width&#8220; text_align=&#8220;left&#8220; css_animation=&#8220;&#8220;][vc_column_inner][\/vc_column_inner][\/vc_row_inner][\/vc_column][\/vc_row][vc_row css_animation=&#8220;&#8220; row_type=&#8220;row&#8220; use_row_as_full_screen_section=&#8220;no&#8220; type=&#8220;full_width&#8220; angled_section=&#8220;no&#8220; text_align=&#8220;left&#8220; background_image_as_pattern=&#8220;without_pattern&#8220;][vc_column][vc_column_text]<\/p>\n<div><\/div>\n<div><\/div>\n<div><\/div>\n<div><a href=\"https:\/\/www.ev-esm.org\/de\/dienstleistungen\/nachmittagsbetreuung\/ruf\/\">R.U.F. (Rund um die Familie) &#8211; allgemeine Informationen<\/a><\/div>\n<div><span lang=\"DE\"><a href=\"http:\/\/ev-esm.org\/wp-content\/uploads\/2025\/06\/AGB-R.U.F.-Nachmittagsbetreuung-Kindergarten-Schule.docx\">R.U.F. Allgemeine Gesch\u00e4ftsbedingungen Kindergarten<\/a><\/span><\/div>\n<div><a href=\"http:\/\/ev-esm.org\/wp-content\/uploads\/2025\/06\/AGB-R.U.F.-Nachmittagsbetreuung-Schule.docx\">R.U.F. Allgemeine Gesch\u00e4ftsbedingungen Grundschule<\/a><\/div>\n<div><\/div>\n<div><\/div>\n<p>[\/vc_column_text][\/vc_column][\/vc_row]<\/p>\n<\/div>","protected":false},"excerpt":{"rendered":"<p>[vc_row css_animation=&#8220;&#8220; row_type=&#8220;row&#8220; use_row_as_full_screen_section=&#8220;no&#8220; type=&#8220;full_width&#8220; angled_section=&#8220;no&#8220; text_align=&#8220;left&#8220; background_image_as_pattern=&#8220;without_pattern&#8220;][vc_column][vc_column_text] Nachmittagsbetreuung &nbsp; In Nachmittagsbetreuung werden die Kinder im Kindergarten sowie die Schulkinder in der Grundschulklassen von 1. bis 5. ein erg\u00e4nzendes Programm zum regul\u00e4ren Unterricht erhalten. &nbsp; R.U.F. ist Tr\u00e4ger der Nachmittagsbetreuung in Zusammenarbeit mit der Elternvereinigung der Europ\u00e4ischen Schule M\u00fcnchen. [\/vc_column_text][vc_row_inner row_type=&#8220;row&#8220; type=&#8220;full_width&#8220; text_align=&#8220;left&#8220; css_animation=&#8220;&#8220;][vc_column_inner][\/vc_column_inner][\/vc_row_inner][\/vc_column][\/vc_row][vc_row css_animation=&#8220;&#8220; row_type=&#8220;row&#8220; use_row_as_full_screen_section=&#8220;no&#8220; type=&#8220;full_width&#8220; angled_section=&#8220;no&#8220; text_align=&#8220;left&#8220; background_image_as_pattern=&#8220;without_pattern&#8220;][vc_column][vc_column_text] R.U.F. (Rund um die Familie) &#8211; allgemeine Informationen R.U.F. Allgemeine Gesch\u00e4ftsbedingungen Kindergarten R.U.F. Allgemeine Gesch\u00e4ftsbedingungen Grundschule [\/vc_column_text][\/vc_column][\/vc_row]<\/p>\n","protected":false},"author":3,"featured_media":0,"parent":18933,"menu_order":0,"comment_status":"closed","ping_status":"closed","template":"","meta":{"footnotes":""},"_links":{"self":[{"href":"https:\/\/ev-esm.org\/de\/wp-json\/wp\/v2\/pages\/17147"}],"collection":[{"href":"https:\/\/ev-esm.org\/de\/wp-json\/wp\/v2\/pages"}],"about":[{"href":"https:\/\/ev-esm.org\/de\/wp-json\/wp\/v2\/types\/page"}],"author":[{"embeddable":true,"href":"https:\/\/ev-esm.org\/de\/wp-json\/wp\/v2\/users\/3"}],"replies":[{"embeddable":true,"href":"https:\/\/ev-esm.org\/de\/wp-json\/wp\/v2\/comments?post=17147"}],"version-history":[{"count":16,"href":"https:\/\/ev-esm.org\/de\/wp-json\/wp\/v2\/pages\/17147\/revisions"}],"predecessor-version":[{"id":24665,"href":"https:\/\/ev-esm.org\/de\/wp-json\/wp\/v2\/pages\/17147\/revisions\/24665"}],"up":[{"embeddable":true,"href":"https:\/\/ev-esm.org\/de\/wp-json\/wp\/v2\/pages\/18933"}],"wp:attachment":[{"href":"https:\/\/ev-esm.org\/de\/wp-json\/wp\/v2\/media?parent=17147"}],"curies":[{"name":"wp","href":"https:\/\/api.w.org\/{rel}","templated":true}]}}