{"id":17132,"date":"2019-11-26T21:43:57","date_gmt":"2019-11-26T20:43:57","guid":{"rendered":"https:\/\/com21.ev-esm.org\/?page_id=17132"},"modified":"2021-03-18T08:30:29","modified_gmt":"2021-03-18T07:30:29","slug":"mitgliedschaft","status":"publish","type":"page","link":"https:\/\/ev-esm.org\/de\/mitgliedschaft\/","title":{"rendered":"Mitgliedschaft"},"content":{"rendered":"<div class=\"wpb-content-wrapper\"><p>[vc_row css_animation=&#8220;&#8220; row_type=&#8220;row&#8220; use_row_as_full_screen_section=&#8220;no&#8220; type=&#8220;full_width&#8220; angled_section=&#8220;no&#8220; text_align=&#8220;left&#8220; background_image_as_pattern=&#8220;without_pattern&#8220;][vc_column][vc_column_text]<\/p>\n<h3 dir=\"ltr\" data-placeholder=\"\u00dcbersetzung\">MITGLIEDSCHAFT IN DER EV-ESM<\/h3>\n<p>&nbsp;<\/p>\n<p id=\"tw-target-text\" class=\"tw-data-text tw-text-large tw-ta\" dir=\"ltr\" data-placeholder=\"\u00dcbersetzung\"><span lang=\"de\" tabindex=\"0\">Die Mitgliedschaft in der Elternvereinigung ist nicht nur eine Voraussetzung f\u00fcr die Nutzung unserer Dienstleistungen, sondern bietet auch weitere Unterst\u00fctzung in einer Reihe von Fragen im Zusammenhang mit der Erziehung Ihres Kindes. Wir sind besonders aktiv in der regelm\u00e4\u00dfigen Kommunikation mit dem ESM-Management im Bildungsbereich, sowohl im Erziehungsrat als auch im Verwaltungsrat.<\/span><\/p>\n<p>&nbsp;<\/p>\n<p class=\"tw-data-text tw-text-large tw-ta\" dir=\"ltr\" data-placeholder=\"\u00dcbersetzung\"><span lang=\"de\" tabindex=\"0\">International arbeiten wir mit verschiedenen Gremien des Europ\u00e4ischen Schulsystems in Br\u00fcssel zusammen, beispielsweise mit <a href=\"https:\/\/www.ev-esm.org\/de\/interparents\/\">Interparents<\/a> (Dachverband aller Elternverb\u00e4nde der Europ\u00e4ischen Schulen).<\/span><\/p>\n<p>[\/vc_column_text][vc_empty_space]<a  itemprop=\"url\" href=\"https:\/\/ev-esm-booking.org\/signup\/new\" target=\"_self\"  class=\"qbutton  default\" style=\"\">Mitgliedschaft beantragen<\/a>[vc_empty_space][\/vc_column][\/vc_row][vc_row css_animation=&#8220;&#8220; row_type=&#8220;row&#8220; use_row_as_full_screen_section=&#8220;no&#8220; type=&#8220;full_width&#8220; angled_section=&#8220;no&#8220; text_align=&#8220;left&#8220; background_image_as_pattern=&#8220;without_pattern&#8220;][vc_column][vc_column_text]<\/p>\n<div>Der Mitgliedsbeitrag f\u00fcr EV-ESM betr\u00e4gt 50 EUR pro Schuljahr und Familie, unabh\u00e4ngig von der Anzahl der Kinder, die die ESM besuchen.<\/div>\n<p>[\/vc_column_text][\/vc_column][\/vc_row]<\/p>\n<\/div>","protected":false},"excerpt":{"rendered":"<p>[vc_row css_animation=&#8220;&#8220; row_type=&#8220;row&#8220; use_row_as_full_screen_section=&#8220;no&#8220; type=&#8220;full_width&#8220; angled_section=&#8220;no&#8220; text_align=&#8220;left&#8220; background_image_as_pattern=&#8220;without_pattern&#8220;][vc_column][vc_column_text] MITGLIEDSCHAFT IN DER EV-ESM &nbsp; Die Mitgliedschaft in der Elternvereinigung ist nicht nur eine Voraussetzung f\u00fcr die Nutzung unserer Dienstleistungen, sondern bietet auch weitere Unterst\u00fctzung in einer Reihe von Fragen im Zusammenhang mit der Erziehung Ihres Kindes. Wir sind besonders aktiv in der regelm\u00e4\u00dfigen Kommunikation mit dem ESM-Management im Bildungsbereich, sowohl im Erziehungsrat als auch im Verwaltungsrat. &nbsp; International arbeiten wir mit verschiedenen Gremien des Europ\u00e4ischen Schulsystems in Br\u00fcssel zusammen, beispielsweise mit Interparents (Dachverband aller Elternverb\u00e4nde der Europ\u00e4ischen Schulen). [\/vc_column_text][vc_empty_space][vc_empty_space][\/vc_column][\/vc_row][vc_row css_animation=&#8220;&#8220; row_type=&#8220;row&#8220; use_row_as_full_screen_section=&#8220;no&#8220; type=&#8220;full_width&#8220; angled_section=&#8220;no&#8220; text_align=&#8220;left&#8220; background_image_as_pattern=&#8220;without_pattern&#8220;][vc_column][vc_column_text] Der Mitgliedsbeitrag f\u00fcr EV-ESM betr\u00e4gt 50 EUR pro Schuljahr und Familie, unabh\u00e4ngig von der Anzahl der Kinder, die die ESM besuchen. [\/vc_column_text][\/vc_column][\/vc_row]<\/p>\n","protected":false},"author":3,"featured_media":0,"parent":0,"menu_order":0,"comment_status":"closed","ping_status":"closed","template":"","meta":{"footnotes":""},"_links":{"self":[{"href":"https:\/\/ev-esm.org\/de\/wp-json\/wp\/v2\/pages\/17132"}],"collection":[{"href":"https:\/\/ev-esm.org\/de\/wp-json\/wp\/v2\/pages"}],"about":[{"href":"https:\/\/ev-esm.org\/de\/wp-json\/wp\/v2\/types\/page"}],"author":[{"embeddable":true,"href":"https:\/\/ev-esm.org\/de\/wp-json\/wp\/v2\/users\/3"}],"replies":[{"embeddable":true,"href":"https:\/\/ev-esm.org\/de\/wp-json\/wp\/v2\/comments?post=17132"}],"version-history":[{"count":14,"href":"https:\/\/ev-esm.org\/de\/wp-json\/wp\/v2\/pages\/17132\/revisions"}],"predecessor-version":[{"id":20144,"href":"https:\/\/ev-esm.org\/de\/wp-json\/wp\/v2\/pages\/17132\/revisions\/20144"}],"wp:attachment":[{"href":"https:\/\/ev-esm.org\/de\/wp-json\/wp\/v2\/media?parent=17132"}],"curies":[{"name":"wp","href":"https:\/\/api.w.org\/{rel}","templated":true}]}}