{"id":17121,"date":"2021-01-22T10:49:18","date_gmt":"2021-01-22T09:49:18","guid":{"rendered":"https:\/\/com21.ev-esm.org\/?page_id=17121"},"modified":"2024-11-19T18:38:52","modified_gmt":"2024-11-19T17:38:52","slug":"nebenschulaktivitaeten","status":"publish","type":"page","link":"https:\/\/ev-esm.org\/de\/dienstleistungen\/nebenschulaktivitaeten\/","title":{"rendered":"Nebenschulaktivit\u00e4ten"},"content":{"rendered":"<div class=\"wpb-content-wrapper\"><p>[vc_row css_animation=&#8220;&#8220; row_type=&#8220;row&#8220; use_row_as_full_screen_section=&#8220;no&#8220; type=&#8220;full_width&#8220; angled_section=&#8220;no&#8220; text_align=&#8220;left&#8220; background_image_as_pattern=&#8220;without_pattern&#8220;][vc_column][vc_column_text]<\/p>\n<h3>NEBENSCHULAKTIVIT\u00c4TEN<\/h3>\n<p>&nbsp;<\/p>\n<p>&nbsp;<\/p>\n<p>Die Elternvereinigung organisiert eine Vielzahl von Aktivit\u00e4ten und Kursen. Sie k\u00f6nnen verschiedene Sprach-, Musik, Sport-, Kreativ- und sonstige Kurse je nach Alter und den Interessen Ihres Kindes w\u00e4hlen.<\/p>\n<div class=\"n module-type-text diyfeLiveArea \">\n<p class=\"x_ContentPasted1\">Die meisten Nebenschulaktivit\u00e4ten finden w\u00e4hrend des gesamten Schuljahres statt, sie starten in der Regel ab September\/Oktober, mit 25 bis 30 Kurstagen. Es gibt auch einige Semesterkurse oder monatliche Aktivit\u00e4ten. W\u00e4hrend der Schulferien und an den Tagen, an denen die Schule geschlossen ist, finden keine Kurse statt.<\/p>\n<p class=\"x_ContentPasted1\">Der Gro\u00dfteil der Aktivit\u00e4ten und Kurse findet auf dem Schulgel\u00e4nde im Anschluss an den regul\u00e4ren Unterricht statt. Kurse f\u00fcr Kinder des Kindertagens oder der Grundschule \u00a0finden im Fasangarten statt. Kurse f\u00fcr die Sch\u00fcler der h\u00f6heren Schule finden in Neuperlach statt. Sie k\u00f6nnen nur Kurse buchen, die dem Alter\/Schulniveau Ihres Kindes entsprechen.<\/p>\n<p class=\"x_ContentPasted1\">Manche Kurse finden an anderen Orten statt, wie z. B. Schwimmen, Klettern\/Bouldern oder Tennis. Der Transport erfolgt entweder innerhalb des Kurses oder muss von Ihnen durchgef\u00fchrt werden. Die Details dazu entnehmen Sie bitte der Kursbeschreibung.<\/p>\n<p>&nbsp;<\/p>\n<\/div>\n<p>Mehr Informationen zur Buchung und den Kursen finden Sie <a href=\"https:\/\/www.ev-esm.org\/de\/dienstleistungen\/nebenschulaktivitaeten\/programm\/\">hier<\/a>.[\/vc_column_text][\/vc_column][\/vc_row]<\/p>\n<\/div>","protected":false},"excerpt":{"rendered":"<p>[vc_row css_animation=&#8220;&#8220; row_type=&#8220;row&#8220; use_row_as_full_screen_section=&#8220;no&#8220; type=&#8220;full_width&#8220; angled_section=&#8220;no&#8220; text_align=&#8220;left&#8220; background_image_as_pattern=&#8220;without_pattern&#8220;][vc_column][vc_column_text] NEBENSCHULAKTIVIT\u00c4TEN &nbsp; &nbsp; Die Elternvereinigung organisiert eine Vielzahl von Aktivit\u00e4ten und Kursen. Sie k\u00f6nnen verschiedene Sprach-, Musik, Sport-, Kreativ- und sonstige Kurse je nach Alter und den Interessen Ihres Kindes w\u00e4hlen. Die meisten Nebenschulaktivit\u00e4ten finden w\u00e4hrend des gesamten Schuljahres statt, sie starten in der Regel ab September\/Oktober, mit 25 bis 30 Kurstagen. Es gibt auch einige Semesterkurse oder monatliche Aktivit\u00e4ten. W\u00e4hrend der Schulferien und an den Tagen, an denen die Schule geschlossen ist, finden keine Kurse statt. Der Gro\u00dfteil der Aktivit\u00e4ten und Kurse findet auf dem Schulgel\u00e4nde im Anschluss an den regul\u00e4ren Unterricht statt. Kurse f\u00fcr Kinder des Kindertagens oder der Grundschule \u00a0finden im Fasangarten statt. Kurse f\u00fcr die Sch\u00fcler der h\u00f6heren Schule finden in Neuperlach statt. Sie k\u00f6nnen nur Kurse buchen, die dem Alter\/Schulniveau Ihres Kindes entsprechen. Manche Kurse finden an anderen Orten statt, wie z. B. Schwimmen, Klettern\/Bouldern oder Tennis&#8230;.<\/p>\n","protected":false},"author":3,"featured_media":0,"parent":18933,"menu_order":0,"comment_status":"closed","ping_status":"closed","template":"","meta":{"footnotes":""},"_links":{"self":[{"href":"https:\/\/ev-esm.org\/de\/wp-json\/wp\/v2\/pages\/17121"}],"collection":[{"href":"https:\/\/ev-esm.org\/de\/wp-json\/wp\/v2\/pages"}],"about":[{"href":"https:\/\/ev-esm.org\/de\/wp-json\/wp\/v2\/types\/page"}],"author":[{"embeddable":true,"href":"https:\/\/ev-esm.org\/de\/wp-json\/wp\/v2\/users\/3"}],"replies":[{"embeddable":true,"href":"https:\/\/ev-esm.org\/de\/wp-json\/wp\/v2\/comments?post=17121"}],"version-history":[{"count":16,"href":"https:\/\/ev-esm.org\/de\/wp-json\/wp\/v2\/pages\/17121\/revisions"}],"predecessor-version":[{"id":24244,"href":"https:\/\/ev-esm.org\/de\/wp-json\/wp\/v2\/pages\/17121\/revisions\/24244"}],"up":[{"embeddable":true,"href":"https:\/\/ev-esm.org\/de\/wp-json\/wp\/v2\/pages\/18933"}],"wp:attachment":[{"href":"https:\/\/ev-esm.org\/de\/wp-json\/wp\/v2\/media?parent=17121"}],"curies":[{"name":"wp","href":"https:\/\/api.w.org\/{rel}","templated":true}]}}