{"id":17103,"date":"2019-11-26T20:29:38","date_gmt":"2019-11-26T19:29:38","guid":{"rendered":"https:\/\/com21.ev-esm.org\/?page_id=17103"},"modified":"2025-12-12T11:46:05","modified_gmt":"2025-12-12T10:46:05","slug":"kantine","status":"publish","type":"page","link":"https:\/\/ev-esm.org\/de\/dienstleistungen\/kantine\/","title":{"rendered":"Kantine"},"content":{"rendered":"<div class=\"wpb-content-wrapper\"><p>[vc_row css_animation=&#8220;&#8220; row_type=&#8220;row&#8220; use_row_as_full_screen_section=&#8220;no&#8220; type=&#8220;full_width&#8220; angled_section=&#8220;no&#8220; text_align=&#8220;left&#8220; background_image_as_pattern=&#8220;without_pattern&#8220;][vc_column][vc_column_text]<\/p>\n<div class=\"n module-type-text diyfeLiveArea \">\n<h3>KANTINE<\/h3>\n<p>&nbsp;<\/p>\n<\/div>\n<p>Die EV ist verantwortlich f\u00fcr die Einrichtung des Schulmensaservices. Dar\u00fcber hinaus unterst\u00fctzt die EV das Ziel, gesunde und nachhaltige Ern\u00e4hrung in der Schule durch die Zusammenarbeit mit der Schulleitung und Lehrkr\u00e4ften \u00a0zu gew\u00e4hrleisten. Sie besch\u00e4ftigt die ortsans\u00e4ssige <a href=\"https:\/\/www.groebl-catering.de\/\">Catering-Firma \u201eGr\u00f6bl Catering\u201c<\/a>, die die Mensen an den Standorten Fasangarten und Neuperlach sowie die Cafeteria am Standort Neuperlach betreibt.<\/p>\n<p>&nbsp;<\/p>\n<p>Die Kosten einer Mittagsmen\u00fcs sind wie folgt:<\/p>\n<ul>\n<li style=\"list-style-type: none;\">\n<ul>\n<li>Kindergarten: 5,50 \u20ac (Nur Abo);<\/li>\n<li>Grundschule: 6,60 \u20ac (Nur Abo);<\/li>\n<li>H\u00f6here Schule: 6,90 \u20ac (Abo);<\/li>\n<li>H\u00f6here Schule: 7,20 \u20ac (Spontanesser).<\/li>\n<\/ul>\n<\/li>\n<\/ul>\n<p>&nbsp;<\/p>\n<p>Die Einnahmen werden bargeldlos gebucht.<\/p>\n<p>&nbsp;<\/p>\n<p>In Kindergarten und Grundschule ist es ausschlie\u00dflich ein Jahresabonnement vorgesehen.<\/p>\n<p>Das Jahresabonnement\u00a0kann\u00a0halbj\u00e4hrlich (d.h. Ende Januar) gek\u00fcndigt werden. Bei nachweislichem Verlassen der Schule im Laufe des Jahres ist eine K\u00fcndigung des Abonnements mit sofortiger Wirkung m\u00f6glich. Die Abonnementtage k\u00f6nnen ge\u00e4ndert werden, jedoch muss mindestens ein Tag pro Woche bestehen bleiben.<\/p>\n<div class=\"n module-type-text diyfeLiveArea \">\n<p>&nbsp;<\/p>\n<\/div>\n<p>KANTINENDIENSTLEISTUNG \u00a0BUCHEN<\/p>\n<p>&nbsp;<\/p>\n<p>Melden Sie sich in unserem EV-ESM Booking System auf <a href=\"http:\/\/www.ev-esm-booking.org\">www.ev-esm-booking.org<\/a> an.<\/p>\n<p>Unter Dienstleistungen im linken Men\u00fc gehen Sie bitte zu <em>Buchungen verwalten<\/em> und w\u00e4hlen Sie die <em>Kantine <\/em>aus. Bitte stellen Sie sicher, dass Sie in der oberen rechten Ecke auf das richtige Schuljahr umstellen \u2013 2025\/26.<\/p>\n<p>Nachdem Sie die Buchung abschlie\u00dfen, bekommen Sie auch eine automatische Benachrichtigung per E-Mail.<\/p>\n<p>Sie k\u00f6nnen den Status Ihrer Buchung jederzeit im EV-ESM Booking System \u00fcberpr\u00fcfen.[\/vc_column_text][\/vc_column][\/vc_row]<\/p>\n<\/div>","protected":false},"excerpt":{"rendered":"<p>[vc_row css_animation=&#8220;&#8220; row_type=&#8220;row&#8220; use_row_as_full_screen_section=&#8220;no&#8220; type=&#8220;full_width&#8220; angled_section=&#8220;no&#8220; text_align=&#8220;left&#8220; background_image_as_pattern=&#8220;without_pattern&#8220;][vc_column][vc_column_text] KANTINE &nbsp; Die EV ist verantwortlich f\u00fcr die Einrichtung des Schulmensaservices. Dar\u00fcber hinaus unterst\u00fctzt die EV das Ziel, gesunde und nachhaltige Ern\u00e4hrung in der Schule durch die Zusammenarbeit mit der Schulleitung und Lehrkr\u00e4ften \u00a0zu gew\u00e4hrleisten. Sie besch\u00e4ftigt die ortsans\u00e4ssige Catering-Firma \u201eGr\u00f6bl Catering\u201c, die die Mensen an den Standorten Fasangarten und Neuperlach sowie die Cafeteria am Standort Neuperlach betreibt. &nbsp; Die Kosten einer Mittagsmen\u00fcs sind wie folgt: Kindergarten: 5,50 \u20ac (Nur Abo); Grundschule: 6,60 \u20ac (Nur Abo); H\u00f6here Schule: 6,90 \u20ac (Abo); H\u00f6here Schule: 7,20 \u20ac (Spontanesser). &nbsp; Die Einnahmen werden bargeldlos gebucht. &nbsp; In Kindergarten und Grundschule ist es ausschlie\u00dflich ein Jahresabonnement vorgesehen. Das Jahresabonnement\u00a0kann\u00a0halbj\u00e4hrlich (d.h. Ende Januar) gek\u00fcndigt werden. Bei nachweislichem Verlassen der Schule im Laufe des Jahres ist eine K\u00fcndigung des Abonnements mit sofortiger Wirkung m\u00f6glich. Die Abonnementtage k\u00f6nnen ge\u00e4ndert werden, jedoch muss mindestens ein Tag pro Woche bestehen bleiben&#8230;.<\/p>\n","protected":false},"author":3,"featured_media":0,"parent":18933,"menu_order":0,"comment_status":"closed","ping_status":"closed","template":"","meta":{"footnotes":""},"_links":{"self":[{"href":"https:\/\/ev-esm.org\/de\/wp-json\/wp\/v2\/pages\/17103"}],"collection":[{"href":"https:\/\/ev-esm.org\/de\/wp-json\/wp\/v2\/pages"}],"about":[{"href":"https:\/\/ev-esm.org\/de\/wp-json\/wp\/v2\/types\/page"}],"author":[{"embeddable":true,"href":"https:\/\/ev-esm.org\/de\/wp-json\/wp\/v2\/users\/3"}],"replies":[{"embeddable":true,"href":"https:\/\/ev-esm.org\/de\/wp-json\/wp\/v2\/comments?post=17103"}],"version-history":[{"count":20,"href":"https:\/\/ev-esm.org\/de\/wp-json\/wp\/v2\/pages\/17103\/revisions"}],"predecessor-version":[{"id":24975,"href":"https:\/\/ev-esm.org\/de\/wp-json\/wp\/v2\/pages\/17103\/revisions\/24975"}],"up":[{"embeddable":true,"href":"https:\/\/ev-esm.org\/de\/wp-json\/wp\/v2\/pages\/18933"}],"wp:attachment":[{"href":"https:\/\/ev-esm.org\/de\/wp-json\/wp\/v2\/media?parent=17103"}],"curies":[{"name":"wp","href":"https:\/\/api.w.org\/{rel}","templated":true}]}}