{"id":17094,"date":"2019-11-26T19:50:12","date_gmt":"2019-11-26T18:50:12","guid":{"rendered":"https:\/\/com21.ev-esm.org\/?page_id=17094"},"modified":"2026-05-05T14:25:23","modified_gmt":"2026-05-05T12:25:23","slug":"schulbus","status":"publish","type":"page","link":"https:\/\/ev-esm.org\/de\/dienstleistungen\/transport-german\/schulbus\/","title":{"rendered":"Schulbus \/ Personenbef\u00f6rderung"},"content":{"rendered":"<div class=\"wpb-content-wrapper\"><p>[vc_row css_animation=&#8220;&#8220; row_type=&#8220;row&#8220; use_row_as_full_screen_section=&#8220;no&#8220; type=&#8220;full_width&#8220; angled_section=&#8220;no&#8220; text_align=&#8220;left&#8220; background_image_as_pattern=&#8220;without_pattern&#8220;][vc_column][vc_column_text]<\/p>\n<h2>Schulbus \/ Personenbef\u00f6rderung<\/h2>\n<p>&nbsp;<\/p>\n<p>Der Schulbus ist f\u00fcr viele Familien eine wichtige und verl\u00e4ssliche L\u00f6sung f\u00fcr den t\u00e4glichen Schulweg.<\/p>\n<p>&nbsp;<\/p>\n<p>&nbsp;<\/p>\n<h3 data-section-id=\"1ipmhul\" data-start=\"2793\" data-end=\"2820\">Anspruch auf Bef\u00f6rderung:<\/h3>\n<p>&nbsp;<\/p>\n<h4 data-start=\"2821\" data-end=\"2864\">Grunds\u00e4tzlich gelten folgende Entfernungen:<\/h4>\n<p>&nbsp;<\/p>\n<p><strong>Kinder der 1. bis zur 4. Grundschulklasse (P1 bis P4) mit <\/strong>mehr als 2 km Schulwegl\u00e4nge in einfacher Richtung (k\u00fcrzester fu\u00dfl\u00e4ufige Fu\u00dfweg, gemessen mit Google Maps oder mit dem Rauminformationssystem Bayern\u00a0 &#8211; RISBy).<\/p>\n<p>&nbsp;<\/p>\n<p>&nbsp;<\/p>\n<h4>Kindergarten (KG1 und KG2):<\/h4>\n<p>&nbsp;<\/p>\n<p data-start=\"2952\" data-end=\"3016\">F\u00fcr KG1 und KG2 besteht <span style=\"text-decoration: underline;\">kein regul\u00e4rer<\/span> Anspruch auf Bef\u00f6rderung.<\/p>\n<p data-start=\"3018\" data-end=\"3064\">Eine Bef\u00f6rderung kann erm\u00f6glicht werden, wenn:<\/p>\n<ul data-start=\"3066\" data-end=\"3151\">\n<li data-section-id=\"17h7fzx\" data-start=\"3066\" data-end=\"3116\">bereits ein Geschwisterkind bef\u00f6rdert wird und<\/li>\n<li data-section-id=\"1e36a9h\" data-start=\"3117\" data-end=\"3151\">ein freier Platz verf\u00fcgbar ist<\/li>\n<\/ul>\n<p>&nbsp;<\/p>\n<p>Bitte stellen Sie die Antr\u00e4ge zeitgleich. Wir weisen darauf hin, dass Kindergartenkinder w\u00e4hrend des Schuljahres ihren Platz gegebenenfalls an berechtigte Sch\u00fcler*innen (P1 bis P4) abtreten m\u00fcssen, sofern dieser f\u00fcr deren Bef\u00f6rderung erforderlich ist. Ein Anspruch auf Mitnahme besteht nicht.<\/p>\n<p>&nbsp;<\/p>\n<p>&nbsp;<\/p>\n<h4 data-section-id=\"1mnytc\" data-start=\"3158\" data-end=\"3163\">P5 Kinder:<\/h4>\n<p>&nbsp;<\/p>\n<p data-start=\"3164\" data-end=\"3217\">F\u00fcr P5 Kinder besteht <span style=\"text-decoration: underline;\">kein<\/span> Anspruch auf Transportbef\u00f6rderung.<\/p>\n<ul data-start=\"177\" data-end=\"567\">\n<li data-section-id=\"7tuhu\" data-start=\"177\" data-end=\"244\">Mitnahme von P5-Sch\u00fcler*innen nur in <strong data-start=\"216\" data-end=\"234\">Ausnahmef\u00e4llen<\/strong> m\u00f6glich<\/li>\n<li data-section-id=\"18ndzxl\" data-start=\"245\" data-end=\"338\"><strong data-start=\"283\" data-end=\"316\">Nur mit Geschwistern in P1\u2013P4<\/strong>, die den Bus nutzen<\/li>\n<li data-section-id=\"1aw78l3\" data-start=\"339\" data-end=\"419\">Entscheidung erst nach Festlegung von Routen und Kapazit\u00e4ten durch die Stadt<\/li>\n<li data-section-id=\"5bkb2w\" data-start=\"420\" data-end=\"463\">R\u00fcckmeldung erfolgt <strong data-start=\"442\" data-end=\"461\">im Oktober 2026<\/strong><\/li>\n<li data-section-id=\"t8ydg4\" data-start=\"464\" data-end=\"513\">Bef\u00f6rderung ggf. ab <strong data-start=\"486\" data-end=\"503\">November 2026<\/strong>\u00a0m\u00f6glich<\/li>\n<li data-section-id=\"1tdyhg9\" data-start=\"514\" data-end=\"567\">Bei Mitnahme: <strong data-start=\"530\" data-end=\"567\">365-Euro-Ticket ist zur\u00fcckzugeben<\/strong><\/li>\n<\/ul>\n<p>&nbsp;<\/p>\n<p data-start=\"3219\" data-end=\"3367\">Soweit Pl\u00e4tze verf\u00fcgbar sind, bem\u00fchen wir uns dennoch um eine L\u00f6sung.<br data-start=\"3288\" data-end=\"3291\" \/>Kinder mit bereits bef\u00f6rderten Geschwistern werden bevorzugt ber\u00fccksichtigt.<\/p>\n<p>&nbsp;<\/p>\n<ul>\n<li>P5-Sch\u00fcler<em data-start=\"609\" data-end=\"689\">innen m\u00fcssen ihren Platz ggf. w\u00e4hrend des Schuljahres an <\/em><em data-start=\"609\" data-end=\"689\">berechtigte Sch\u00fcler<\/em>innen (P1\u2013P4) abgeben.<\/li>\n<\/ul>\n<p>&nbsp;<\/p>\n<p data-start=\"3219\" data-end=\"3367\">Interessierte Eltern f\u00fcr P5 Transport, wenden sich bitte per E-Mail: <span style=\"color: #0000ff;\">office@ev-esm.org<\/span> an das Transport-Team.<\/p>\n<p>&nbsp;<\/p>\n<p>&nbsp;<\/p>\n<h4 data-section-id=\"1p4g8os\" data-start=\"3374\" data-end=\"3412\">Familien au\u00dferhalb des Stadtgebiets:<\/h4>\n<p>&nbsp;<\/p>\n<p data-start=\"3413\" data-end=\"3498\">Hier kommen, je nach Entscheidung der Stadt, unterschiedliche L\u00f6sungen in Betracht:<\/p>\n<ul data-start=\"3500\" data-end=\"3588\">\n<li data-section-id=\"1lputl9\" data-start=\"3500\" data-end=\"3512\">Schulbus<\/li>\n<li data-section-id=\"1tvq6o\" data-start=\"3513\" data-end=\"3568\">alternative Bef\u00f6rderung (z.B. Taxi oder Fahrdienst)<\/li>\n<li data-section-id=\"ioz1yp\" data-start=\"3569\" data-end=\"3588\">MVV \/ 365-Euro-Ticket<\/li>\n<\/ul>\n<p>&nbsp;<\/p>\n<p>&nbsp;<\/p>\n<h3 data-section-id=\"1sjjir3\" data-start=\"3595\" data-end=\"3635\">Wer entscheidet \u00fcber die Bef\u00f6rderung?<\/h3>\n<p>&nbsp;<\/p>\n<p data-start=\"3636\" data-end=\"3720\">Die Entscheidung \u00fcber Art und Organisation der Bef\u00f6rderung trifft die Stadt M\u00fcnchen.<br \/>\nDie Elternvereinigung unterst\u00fctzt organisatorisch, hat auf diese Entscheidungen jedoch keinen Einfluss. Bei der Planung der Bef\u00f6rderung wird eine\u202f<strong>MVG-Haltestelle<\/strong>\u202fim Umkreis\u202f<span style=\"text-decoration: underline;\"><strong>bis zu 1 km<\/strong><\/span>\u202fvon der Meldeadresse gesucht.<\/p>\n<p>&nbsp;<\/p>\n<p>&nbsp;<\/p>\n<h3 data-section-id=\"1cenv60\" data-start=\"3832\" data-end=\"3849\">Kostenregelung:<\/h3>\n<p>&nbsp;<\/p>\n<p>F\u00fcr Familien innerhalb des Stadtgebiets werden die Kosten des Transports im Rahmen der gesetzlichen Vorgaben \u00fcbernommen und es entstehen den Familien keine Kosten.<\/p>\n<p>&nbsp;<\/p>\n<p data-start=\"3850\" data-end=\"3925\">F\u00fcr Familien <span style=\"text-decoration: underline;\"><strong>au\u00dferhalb des Stadtgebiets<\/strong><\/span> gilt eine Beteiligung von <span style=\"text-decoration: underline;\"><strong data-start=\"3916\" data-end=\"3924\">20 %<\/strong><\/span> <strong data-start=\"3916\" data-end=\"3924\">an den Transportkosten<\/strong><span style=\"text-decoration: underline;\">.<\/span><br \/>\nDie Abrechnung erfolgt auf Basis der durch die Stadt M\u00fcnchen ermittelten Kosten.<br \/>\nWenn die Stadt einen Schulbus einsetzt, entstehen hierf\u00fcr voraussichtlich <strong>keine Kosten.<\/strong><\/p>\n<p>&nbsp;<\/p>\n<p>&nbsp;<\/p>\n<h3 data-section-id=\"6c0ei6\" data-start=\"4096\" data-end=\"4126\">Orientierung bei Taxikosten:<\/h3>\n<p>&nbsp;<\/p>\n<p data-start=\"4127\" data-end=\"4221\">Wenn eine Bef\u00f6rderung per z.B. Taxi in Frage kommt, kann eine grobe Kostensch\u00e4tzung hilfreich sein:<br \/>\n<a href=\"https:\/\/www.taxi-rechner.de\/taxikosten\" target=\"_blank\" rel=\"noopener\">https:\/\/www.taxi-rechner.de\/taxikosten<\/a> (Diese Angaben dienen nur zur Orientierung.)<\/p>\n<p>&nbsp;<\/p>\n<p>&nbsp;<\/p>\n<h3 data-section-id=\"1to98pg\" data-start=\"4309\" data-end=\"4326\">Antrag \u00fcber die Elternvereinigung (EV-ESM):<\/h3>\n<p>&nbsp;<\/p>\n<p data-section-id=\"1to98pg\" data-start=\"4309\" data-end=\"4326\"><span style=\"text-decoration: underline;\">Eine Online-Buchung ist f\u00fcr alle Sch\u00fcler*innen \u202fim\u202f<span style=\"color: #0000ff; text-decoration: underline;\"><a style=\"color: #0000ff; text-decoration: underline;\" href=\"http:\/\/ev-esm-booking.org\/\" target=\"_blank\" rel=\"noopener\">EV-ESM Booking System<\/a>\u202f<\/span>verpflichtend, die die Dienstleistung f\u00fcr das kommende Schuljahr 2026\/2027 in Anspruch nehmen wollen. Dies gilt auch f\u00fcr die Sch\u00fcler*innen, die schon im aktuellen Schuljahr (2025\/2026) die Bef\u00f6rderungsleistung in Anspruch genommen hatten.<\/span><\/p>\n<p>&nbsp;<\/p>\n<p data-start=\"4327\" data-end=\"4354\"><span style=\"color: #0000ff;\"><a style=\"color: #0000ff;\" href=\"https:\/\/ev-esm-booking.org\/\" target=\"_blank\" rel=\"noopener\" data-start=\"4327\" data-end=\"4354\">https:\/\/ev-esm-booking.org\/<\/a><\/span><\/p>\n<p>&nbsp;<\/p>\n<p><em><span style=\"text-decoration: underline;\">(Falls Ihr Kind neu an der ESM ist oder Sie das Transportmittel wechseln, lesen Sie bitte die folgenden RBS-Abschnitte.)<\/span><\/em><\/p>\n<p>&nbsp;<\/p>\n<p>Unter Dienstleistungen im linken Men\u00fc gehen Sie bitte zu\u202f<em>Buchungen verwalten<\/em>\u202fund w\u00e4hlen Sie die Transportoption aus, die Sie buchen m\u00f6chten.<\/p>\n<ul>\n<li data-section-id=\"ryemm5\" data-start=\"106\" data-end=\"221\">Bitte stellen Sie sicher, dass in der <span style=\"text-decoration: underline;\"><strong data-start=\"146\" data-end=\"204\">oberen rechten Ecke das richtige Schuljahr (2026\/2027)<\/strong><\/span> ausgew\u00e4hlt ist<\/li>\n<li data-section-id=\"vzejnz\" data-start=\"222\" data-end=\"310\">Nach Abschluss der Buchung erhalten Sie eine <strong data-start=\"269\" data-end=\"308\">automatische Best\u00e4tigung per E-Mail<\/strong><\/li>\n<li data-section-id=\"1ej59a2\" data-start=\"311\" data-end=\"396\">Den Status Ihrer Buchung k\u00f6nnen Sie <strong data-start=\"349\" data-end=\"396\">jederzeit im EV-ESM Booking System einsehen<\/strong><\/li>\n<\/ul>\n<p>&nbsp;<\/p>\n<p>&nbsp;<\/p>\n<h3>Antrag \u00fcber die Stadt M\u00fcnchen (RBS) !!<span style=\"color: #0000ff;\">WICHTIG<\/span>!!:<\/h3>\n<p>&nbsp;<\/p>\n<p>Folgende Personen m\u00fcssen den Schulbusantrag auch im Portal der Landeshauptstadt M\u00fcnchen stellen:<\/p>\n<ul>\n<li>Alle <span style=\"text-decoration: underline;\">neuen<\/span> Sch\u00fclerinnen und Sch\u00fcler der ESM<\/li>\n<li>Sch\u00fclerinnen und Sch\u00fcler der ESM, die auf ein neues Verkehrsmittel (Bus &lt;=&gt; MVV-Karte) umsteigen<\/li>\n<li>Sch\u00fclerinnen und Sch\u00fcler der ESM bei jedem Umzug\/Adresswechsel<\/li>\n<\/ul>\n<p>&nbsp;<\/p>\n<p><span style=\"color: #0000ff;\"><strong><a style=\"color: #0000ff;\" href=\"https:\/\/stadt.muenchen.de\/service\/info\/gast-und-vertragsschulwesen-kostenfreiheit-des-schulweges\/1078362\/\" target=\"_blank\" rel=\"noopener\">Fahrtkostenerstattung Schulweg &#8211; Gast- und Vertragsschulwesen, Kostenfreiheit des Schulweges \u2013 Landeshauptstadt M\u00fcnchen<\/a><\/strong><\/span><\/p>\n<p>&nbsp;<\/p>\n<p>&nbsp;<\/p>\n<p>&nbsp;<\/p>\n<h3 data-start=\"4356\" data-end=\"4385\"><strong data-start=\"4356\" data-end=\"4385\">Frist: <span style=\"color: #0000ff;\">05 &#8211; 22. Mai 2026<\/span><\/strong><\/h3>\n<p>&nbsp;<\/p>\n<p data-start=\"4387\" data-end=\"4476\">Versp\u00e4tete Anmeldungen k\u00f6nnen nur ber\u00fccksichtigt werden, wenn noch Pl\u00e4tze verf\u00fcgbar sind.<\/p>\n<p>&nbsp;<\/p>\n<p>&nbsp;<\/p>\n<h3>Verwaltungskostenbeitrag:<\/h3>\n<p>&nbsp;<\/p>\n<p data-start=\"6559\" data-end=\"6640\">F\u00fcr die Bearbeitung f\u00e4llt ein Beitrag von <strong data-start=\"6617\" data-end=\"6636\">15 \u20ac pro Antrag<\/strong> an.<\/p>\n<p>&nbsp;<\/p>\n<p>&nbsp;<\/p>\n<h3 data-section-id=\"8d5duh\" data-start=\"104\" data-end=\"142\">Hinweis f\u00fcr getrenntlebende Eltern:<\/h3>\n<p>&nbsp;<\/p>\n<ul data-start=\"144\" data-end=\"357\">\n<li data-section-id=\"1u5pv2q\" data-start=\"144\" data-end=\"278\"><strong data-start=\"146\" data-end=\"182\">Keine doppelte Anmeldung m\u00f6glich<\/strong>, da das Gesetz zur Kostenfreiheit des Schulwegs das Doppelresidenzmodell nicht ber\u00fccksichtigt<\/li>\n<li data-section-id=\"1luq72k\" data-start=\"279\" data-end=\"357\">Die zweite Wohnadresse kann dem EV-ESM B\u00fcro <strong data-start=\"325\" data-end=\"357\">freiwillig mitgeteilt werden<\/strong><\/li>\n<li data-section-id=\"160wsni\" data-start=\"395\" data-end=\"518\">In Einzelf\u00e4llen kann die Stadt <span class=\"hover:entity-accent entity-underline inline cursor-pointer align-baseline\"><span class=\"whitespace-normal\">M\u00fcnchen<\/span><\/span> Kinder <strong data-start=\"473\" data-end=\"516\">aus Kulanz in zwei Schulbusse einplanen<\/strong><\/li>\n<li data-section-id=\"1jg2alj\" data-start=\"519\" data-end=\"625\">Voraussetzung:\n<ul data-start=\"540\" data-end=\"625\">\n<li data-section-id=\"81lfio\" data-start=\"540\" data-end=\"584\">Schulbusroute l\u00e4sst dies zu <strong data-start=\"570\" data-end=\"582\">und\/oder<\/strong><\/li>\n<li data-section-id=\"aiwjgt\" data-start=\"587\" data-end=\"625\">Es sind <strong data-start=\"597\" data-end=\"623\">freie Pl\u00e4tze verf\u00fcgbar<\/strong><\/li>\n<\/ul>\n<\/li>\n<li data-section-id=\"1ir04qp\" data-start=\"626\" data-end=\"690\">Bitte informieren Sie das EV-ESM B\u00fcro aktiv \u00fcber diesen Wunsch<\/li>\n<li data-section-id=\"zyzxpp\" data-start=\"729\" data-end=\"831\">Zweite Adresse im System hinterlegen unter: <strong data-start=\"779\" data-end=\"829\">\u201eMein Profil\u201c \u2192 \u201eZus\u00e4tzlicher Ansprechpartner\u201c<\/strong><\/li>\n<li data-section-id=\"m3ppvh\" data-start=\"832\" data-end=\"883\">Angaben <strong data-start=\"842\" data-end=\"881\">vollst\u00e4ndig eintragen und speichern<\/strong><\/li>\n<li data-section-id=\"cptlxf\" data-start=\"884\" data-end=\"964\">Die hinterlegte Adresse dient als Grundlage f\u00fcr eine m\u00f6gliche Ber\u00fccksichtigung<\/li>\n<\/ul>\n<p>&nbsp;<\/p>\n<p>&nbsp;<\/p>\n<h3>Busregeln:<\/h3>\n<p>&nbsp;<\/p>\n<p>Es gelten folgende <span style=\"color: #0000ff;\"><a style=\"color: #0000ff;\" href=\"https:\/\/ev-esm.org\/wp-content\/uploads\/2021\/03\/Schulbusregeln_2020.pdf\" target=\"_blank\" rel=\"noopener\">Busregeln!<\/a><\/span><\/p>\n<p>&nbsp;<\/p>\n<p>&nbsp;<\/p>\n<h3>Wichtige Hinweise:<\/h3>\n<p>&nbsp;<\/p>\n<ul>\n<li>Die Elternvereinigung der ESM (EV-ESM) hat\u00a0<span style=\"text-decoration: underline;\"><strong>KEINEN<\/strong><\/span>\u202fEinfluss auf die Auswahl der von der Landeshauptstadt M\u00fcnchen beauftragten Bef\u00f6rderungsunternehmen. Die Vergabe erfolgt im Rahmen einer Europaweiten Ausschreibung.<\/li>\n<li>Dar\u00fcber hinaus werden sowohl die Routen als auch die Einteilung der Sch\u00fcler*innen in die Busse gegebenenfalls in die Schultaxis usw., wie jedes Jahr, von der Landeshauptstadt M\u00fcnchen und\u202f<span style=\"text-decoration: underline;\"><strong>NICHT<\/strong><\/span>\u202fvon der Elternvereinigung durchgef\u00fchrt.<\/li>\n<li>Falls ein*e Sch\u00fcler*in in ein Taxi eingeteilt werden, ist die\u202f<span style=\"color: #0000ff;\"><a style=\"color: #0000ff;\" href=\"https:\/\/www.adac.de\/rund-ums-fahrzeug\/ausstattung-technik-zubehoer\/kindersitze\/kindersitzberater\/kindersitzpflicht\/\" target=\"_blank\" rel=\"noopener\"><em>Kindersitzpflicht<\/em><\/a>\u202f<\/span> zu beachten. Diese eigene Kindersitzerh\u00f6hung sollte mit in die Schule und dann auf die R\u00fcckfahrt nach Hause mitgenommen werden.<\/li>\n<li>Die Haltestellen und die Abfahrtszeiten k\u00f6nnen jederzeit durch die Landeshauptstadt M\u00fcnchen ge\u00e4ndert werden.<\/li>\n<li>Im Schuljahr\u202f2026\/2027 k\u00f6nnen sich die Schulwegfahrtzeiten verl\u00e4ngern, aus Gr\u00fcnden, die au\u00dferhalb der Kontrolle von uns oder der Landeshauptstadt M\u00fcnchen liegen. Die Schulwegfahrtzeiten sollten jedoch 1 Stunde nicht \u00fcberschreiten.<\/li>\n<li>Im Schuljahr\u202f2026\/2027 k\u00f6nnen Abhol- und Bringhaltestellen organisiert werden, die nicht in einer unmittelbaren N\u00e4he der Wohnadressen liegen werden.<\/li>\n<li>Weiterhin m\u00f6chten wir Sie noch einmal darauf aufmerksam machen, dass die Fahrer keine Kinderbetreuung leisten, d.h. die Eltern m\u00fcssen rechtzeitig an der Haltestelle sein, wenn sie sicherstellen wollen, dass ihre Kinder nicht allein auf der Stra\u00dfe zur\u00fcckbleiben. Dies gilt auch f\u00fcr die Kindergartenkinder.<\/li>\n<li>Die Bef\u00f6rderungsunternehmen informieren in besonderen F\u00e4llen (deutliche Versp\u00e4tungen bzw. Komplettausf\u00e4lle) die EV-ESM\u202fund \/oder die Schule, so dass die betroffenen Eltern und die Schule zeitnah, z.B. per E-Mail\u202foder Telefon, informiert werden k\u00f6nnen.<\/li>\n<li>Beachten Sie bitte auch, dass die R\u00fcckfahrt der Schulbusse\/Taxis der Landeshauptstadt M\u00fcnchen im Anschluss an den Schulunterricht vorgesehen ist.<\/li>\n<\/ul>\n<p>[\/vc_column_text][\/vc_column][\/vc_row]<\/p>\n<\/div>","protected":false},"excerpt":{"rendered":"<p>[vc_row css_animation=&#8220;&#8220; row_type=&#8220;row&#8220; use_row_as_full_screen_section=&#8220;no&#8220; type=&#8220;full_width&#8220; angled_section=&#8220;no&#8220; text_align=&#8220;left&#8220; background_image_as_pattern=&#8220;without_pattern&#8220;][vc_column][vc_column_text] Schulbus \/ Personenbef\u00f6rderung &nbsp; Der Schulbus ist f\u00fcr viele Familien eine wichtige und verl\u00e4ssliche L\u00f6sung f\u00fcr den t\u00e4glichen Schulweg. &nbsp; &nbsp; Anspruch auf Bef\u00f6rderung: &nbsp; Grunds\u00e4tzlich gelten folgende Entfernungen: &nbsp; Kinder der 1. bis zur 4. Grundschulklasse (P1 bis P4) mit mehr als 2 km Schulwegl\u00e4nge in einfacher Richtung (k\u00fcrzester fu\u00dfl\u00e4ufige Fu\u00dfweg, gemessen mit Google Maps oder mit dem Rauminformationssystem Bayern\u00a0 &#8211; RISBy). &nbsp; &nbsp; Kindergarten (KG1 und KG2): &nbsp; F\u00fcr KG1 und KG2 besteht kein regul\u00e4rer Anspruch auf Bef\u00f6rderung. Eine Bef\u00f6rderung kann erm\u00f6glicht werden, wenn: bereits ein Geschwisterkind bef\u00f6rdert wird und ein freier Platz verf\u00fcgbar ist &nbsp; Bitte stellen Sie die Antr\u00e4ge zeitgleich. Wir weisen darauf hin, dass Kindergartenkinder w\u00e4hrend des Schuljahres ihren Platz gegebenenfalls an berechtigte Sch\u00fcler*innen (P1 bis P4) abtreten m\u00fcssen, sofern dieser f\u00fcr deren Bef\u00f6rderung erforderlich ist. Ein Anspruch auf Mitnahme besteht nicht. &nbsp; &nbsp; P5 Kinder: &nbsp;&#8230;<\/p>\n","protected":false},"author":3,"featured_media":0,"parent":15858,"menu_order":0,"comment_status":"closed","ping_status":"closed","template":"","meta":{"footnotes":""},"_links":{"self":[{"href":"https:\/\/ev-esm.org\/de\/wp-json\/wp\/v2\/pages\/17094"}],"collection":[{"href":"https:\/\/ev-esm.org\/de\/wp-json\/wp\/v2\/pages"}],"about":[{"href":"https:\/\/ev-esm.org\/de\/wp-json\/wp\/v2\/types\/page"}],"author":[{"embeddable":true,"href":"https:\/\/ev-esm.org\/de\/wp-json\/wp\/v2\/users\/3"}],"replies":[{"embeddable":true,"href":"https:\/\/ev-esm.org\/de\/wp-json\/wp\/v2\/comments?post=17094"}],"version-history":[{"count":74,"href":"https:\/\/ev-esm.org\/de\/wp-json\/wp\/v2\/pages\/17094\/revisions"}],"predecessor-version":[{"id":25136,"href":"https:\/\/ev-esm.org\/de\/wp-json\/wp\/v2\/pages\/17094\/revisions\/25136"}],"up":[{"embeddable":true,"href":"https:\/\/ev-esm.org\/de\/wp-json\/wp\/v2\/pages\/15858"}],"wp:attachment":[{"href":"https:\/\/ev-esm.org\/de\/wp-json\/wp\/v2\/media?parent=17094"}],"curies":[{"name":"wp","href":"https:\/\/api.w.org\/{rel}","templated":true}]}}