{"id":17087,"date":"2019-11-26T18:30:44","date_gmt":"2019-11-26T17:30:44","guid":{"rendered":"https:\/\/com21.ev-esm.org\/?page_id=17087"},"modified":"2025-10-21T13:52:33","modified_gmt":"2025-10-21T11:52:33","slug":"kontakt-2","status":"publish","type":"page","link":"https:\/\/ev-esm.org\/de\/kontakt-2\/","title":{"rendered":"Sekretariat"},"content":{"rendered":"<div class=\"wpb-content-wrapper\"><p>[vc_row css_animation=&#8220;&#8220; row_type=&#8220;row&#8220; use_row_as_full_screen_section=&#8220;no&#8220; type=&#8220;full_width&#8220; angled_section=&#8220;no&#8220; text_align=&#8220;left&#8220; background_image_as_pattern=&#8220;without_pattern&#8220;][vc_column][vc_column_text]<\/p>\n<h3><strong>Sekretariat der EV-ESM<br \/>\n<\/strong><\/h3>\n<p>&nbsp;<\/p>\n<p>&nbsp;<\/p>\n<h4><strong>Elternvereinigung der Europ\u00e4ischen Schule M\u00fcnchen e.V.<\/strong><\/h4>\n<p>Auguste-Kent-Platz 3<br \/>\n81549 M\u00fcnchen<\/p>\n<p>+49 (0)89 628 164 310 &#8211; Transport, generell<\/p>\n<p>+49 (0)89 628 164 311 &#8211; Nebenschulaktivit\u00e4ten, generell<\/p>\n<p>&nbsp;<\/p>\n<h4><strong>\u00d6ffnungszeiten<\/strong><\/h4>\n<p>Montag bis Freitag\u00a0 9:30 Uhr \u2013 11:30 Uhr. W\u00e4hrend der Schulferien ist das B\u00fcro geschlossen.<\/p>\n<p>&nbsp;<\/p>\n<h4><strong>Mitarbeiterinnen des Sekretariats<\/strong><\/h4>\n<p>&nbsp;<\/p>\n\n<table id=\"tablepress-19\" class=\"tablepress tablepress-id-19 tablepress-responsive\">\n<tbody class=\"row-hover\">\n<tr class=\"row-1 odd\">\n\t<td class=\"column-1\"><img decoding=\"async\" src=\"https:\/\/www.ev-esm.org\/wp-content\/uploads\/2021\/09\/Valerie-225x300.jpg\" alt=\"\" width=\"145\" height=\"200\" class=\"alignnone size-medium wp-image-21289\" \/><\/td><td class=\"column-2\">Valerie Feldmann<\/td>\n<\/tr>\n<tr class=\"row-2 even\">\n\t<td class=\"column-1\"><\/td><td class=\"column-2\">C\u00e9line Noevig<\/td>\n<\/tr>\n<tr class=\"row-3 odd\">\n\t<td class=\"column-1\"><img decoding=\"async\" src=\"https:\/\/www.ev-esm.org\/wp-content\/uploads\/2021\/09\/Pilar-Marti\u0301nez-200x300.png\" alt=\"\" width=\"140\" height=\"200\" class=\"alignnone size-medium wp-image-21292\" \/><\/td><td class=\"column-2\">Pilar Martinez<\/td>\n<\/tr>\n<tr class=\"row-4 even\">\n\t<td class=\"column-1\"><img decoding=\"async\" src=\"https:\/\/www.ev-esm.org\/wp-content\/uploads\/2021\/09\/Nathalie-217x300.jpg\" alt=\"\" width=\"150\" height=\"200\" class=\"alignnone size-medium wp-image-21293\" \/><\/td><td class=\"column-2\">Nathalie Scheib<\/td>\n<\/tr>\n<tr class=\"row-5 odd\">\n\t<td class=\"column-1\"><img decoding=\"async\" src=\"https:\/\/www.ev-esm.org\/wp-content\/uploads\/2021\/09\/Delia-214x300.png\" alt=\"\" width=\"150\" height=\"200\" class=\"alignnone size-medium wp-image-21299\" \/><br \/>\n<\/td><td class=\"column-2\">Delia Vincze<\/td>\n<\/tr>\n<tr class=\"row-6 even\">\n\t<td class=\"column-1\"><\/td><td class=\"column-2\">Britta Sandmann<\/td>\n<\/tr>\n<tr class=\"row-7 odd\">\n\t<td class=\"column-1\"><\/td><td class=\"column-2\">Laurette Aug\u00e9<\/td>\n<\/tr>\n<tr class=\"row-8 even\">\n\t<td class=\"column-1\"><\/td><td class=\"column-2\"><\/td>\n<\/tr>\n<\/tbody>\n<\/table>\n<!-- #tablepress-19 from cache -->\n<p>&nbsp;<\/p>\n<h4><strong>Buchhaltung<\/strong><\/h4>\n<p>Jens Gerhardt<br \/>\n<a href=\"mailto:buchhaltung@ev-esm.org\" target=\"_self\" rel=\"noopener noreferrer\">buchhaltung@ev-esm.org<\/a><\/p>\n<p>&nbsp;<\/p>\n<h4><strong>Website Manager<\/strong><\/h4>\n<p>Oliver Tonet<br \/>\n<a href=\"mailto:informationen.vorstand@ev-esm.org\" target=\"_self\" rel=\"noopener noreferrer\">informationen.vorstand@ev-esm.org<\/a><\/p>\n<p>&nbsp;<\/p>\n<h4>Datenschutz Beantragter<\/h4>\n<p>Karsten R\u00f6ski<br \/>\n<a href=\"mailto:datenschutz@ev-esm.org\">vorsitzender@ev-esm.org<\/a>[\/vc_column_text][\/vc_column][\/vc_row]<\/p>\n<\/div>","protected":false},"excerpt":{"rendered":"<p>[vc_row css_animation=&#8220;&#8220; row_type=&#8220;row&#8220; use_row_as_full_screen_section=&#8220;no&#8220; type=&#8220;full_width&#8220; angled_section=&#8220;no&#8220; text_align=&#8220;left&#8220; background_image_as_pattern=&#8220;without_pattern&#8220;][vc_column][vc_column_text] Sekretariat der EV-ESM &nbsp; &nbsp; Elternvereinigung der Europ\u00e4ischen Schule M\u00fcnchen e.V. Auguste-Kent-Platz 3 81549 M\u00fcnchen +49 (0)89 628 164 310 &#8211; Transport, generell +49 (0)89 628 164 311 &#8211; Nebenschulaktivit\u00e4ten, generell &nbsp; \u00d6ffnungszeiten Montag bis Freitag\u00a0 9:30 Uhr \u2013 11:30 Uhr. W\u00e4hrend der Schulferien ist das B\u00fcro geschlossen. &nbsp; Mitarbeiterinnen des Sekretariats &nbsp; &nbsp; Buchhaltung Jens Gerhardt buchhaltung@ev-esm.org &nbsp; Website Manager Oliver Tonet informationen.vorstand@ev-esm.org &nbsp; Datenschutz Beantragter Karsten R\u00f6ski vorsitzender@ev-esm.org[\/vc_column_text][\/vc_column][\/vc_row]<\/p>\n","protected":false},"author":3,"featured_media":0,"parent":0,"menu_order":0,"comment_status":"closed","ping_status":"closed","template":"","meta":{"footnotes":""},"_links":{"self":[{"href":"https:\/\/ev-esm.org\/de\/wp-json\/wp\/v2\/pages\/17087"}],"collection":[{"href":"https:\/\/ev-esm.org\/de\/wp-json\/wp\/v2\/pages"}],"about":[{"href":"https:\/\/ev-esm.org\/de\/wp-json\/wp\/v2\/types\/page"}],"author":[{"embeddable":true,"href":"https:\/\/ev-esm.org\/de\/wp-json\/wp\/v2\/users\/3"}],"replies":[{"embeddable":true,"href":"https:\/\/ev-esm.org\/de\/wp-json\/wp\/v2\/comments?post=17087"}],"version-history":[{"count":16,"href":"https:\/\/ev-esm.org\/de\/wp-json\/wp\/v2\/pages\/17087\/revisions"}],"predecessor-version":[{"id":24913,"href":"https:\/\/ev-esm.org\/de\/wp-json\/wp\/v2\/pages\/17087\/revisions\/24913"}],"wp:attachment":[{"href":"https:\/\/ev-esm.org\/de\/wp-json\/wp\/v2\/media?parent=17087"}],"curies":[{"name":"wp","href":"https:\/\/api.w.org\/{rel}","templated":true}]}}