{"id":15858,"date":"2019-05-10T15:32:25","date_gmt":"2019-05-10T13:32:25","guid":{"rendered":"https:\/\/com21.ev-esm.org\/?page_id=15858"},"modified":"2025-09-01T22:04:36","modified_gmt":"2025-09-01T20:04:36","slug":"transport-german","status":"publish","type":"page","link":"https:\/\/ev-esm.org\/de\/dienstleistungen\/transport-german\/","title":{"rendered":"Transport"},"content":{"rendered":"<div class=\"wpb-content-wrapper\"><p>[vc_row css_animation=&#8220;&#8220; row_type=&#8220;row&#8220; use_row_as_full_screen_section=&#8220;no&#8220; type=&#8220;full_width&#8220; angled_section=&#8220;no&#8220; text_align=&#8220;left&#8220; background_image_as_pattern=&#8220;without_pattern&#8220;][vc_column][vc_column_text]<strong>Unser Ziel ist einfach:<\/strong>\u202fEine sichere Bef\u00f6rderung\u202faller Sch\u00fcler*innen von Zuhause zur Schule und zur\u00fcck.<\/p>\n<p>&nbsp;<\/p>\n<p>Die Landeshauptstadt M\u00fcnchen verpflichtet sich aufgrund des Vertrages mit dem Freistaat Bayern, vertreten durch das Bayerische Staatsministerium f\u00fcr Unterricht und Kultus in entsprechender Anwendung der Bestimmungen des Gesetzes \u00fcber die Kostenfreiheit des Schulweges die \u00dcbernahme der Bef\u00f6rderung zur Europ\u00e4ischen Schule M\u00fcnchen (ESM) zu organisieren und den damit verbundenen Verwaltungsaufwand zu tragen.<\/p>\n<p>&nbsp;<\/p>\n<p>Wir arbeiten mit der Landeshauptstadt M\u00fcnchen und einer Reihe anderer Anbieter*innen partnerschaftlich zusammen, um eine reibungslose und zuverl\u00e4ssige Bef\u00f6rderung aller anspruchsberechtigter Sch\u00fcler*innen zu gew\u00e4hrleisten.<\/p>\n<p>Die Landeshauptstadt M\u00fcnchen gew\u00e4hrt allen Sch\u00fcler*innen mit Wohnsitz im Stadtgebiet bis einschlie\u00dflich der Jahrgangsstufe S5 die kostenlose Sch\u00fcler*innenbef\u00f6rderung im Sinne des Gesetzes \u00fcber die Kostenfreiheit des Schulwegs (SchKfrG). Die Bef\u00f6rderung erfolgt zum Auguste-Kent-Platz 3 in M\u00fcnchen als auch zur Elise-Aulinger-Stra\u00dfe 21 in M\u00fcnchen. Das Stadtgebiet umfasst die Postleitzahlen 80000 bis 81999.<\/p>\n<p>&nbsp;<\/p>\n<p>F\u00fcr Sch\u00fcler*innen mit Wohnsitz au\u00dferhalb des Stadtgebiets M\u00fcnchen sind aufgrund des Vertrages zwischen dem Freistaat Bayern und der Landeshauptstadt M\u00fcnchen die notwendigen Bef\u00f6rderungskosten von 20 von Hundert von den Eltern selber zu tragen. Diese Regelung gilt f\u00fcr beide Schulstandorte.<\/p>\n<p>&nbsp;<\/p>\n<ul>\n<li>Einen m\u00f6glichen Anspruch auf Kostenfreiheit des Schulweges regelt dasGesetz \u00fcber die Kostenfreiheit des Schulweges (SchKfrG): <a href=\"https:\/\/www.gesetze-bayern.de\/Content\/Document\/BaySchulKostG\/true\">https:\/\/www.gesetze-bayern.de\/Content\/Document\/BaySchulKostG\/tru<\/a><\/li>\n<\/ul>\n<p>&nbsp;<\/p>\n<p>sowie die<\/p>\n<p>&nbsp;<\/p>\n<ul>\n<li>Verordnung \u00fcber Sch\u00fclerbef\u00f6rderung (SchBefV): <a href=\"https:\/\/www.gesetze-bayern.de\/Content\/Document\/BaySchBefV\/true\">https:\/\/www.gesetze-bayern.de\/Content\/Document\/BaySchBefV\/true<\/a><\/li>\n<\/ul>\n<p>&nbsp;<\/p>\n<p>Kindergartenkinder haben grunds\u00e4tzlich die M\u00f6glichkeit zur Mitfahrt, sofern im eingesetzten Schulbus freie Pl\u00e4tze zur Verf\u00fcgung stehen. Ein Anspruch auf Verpflichtung zur Mitnahme besteht nicht.<\/p>\n<p>&nbsp;<\/p>\n<p>In der Rubrik<a href=\"https:\/\/www.ev-esm.org\/de\/dienstleistungen\/transport-german\/schulbus\/\"> Schulbus<\/a> finden Sie dazu weitere Informationen.<\/p>\n<p>&nbsp;<\/p>\n<p>Die Erfahrungen der letzten Schuljahre zeigten, dass die Bef\u00f6rderung in einem Schulbus immer sehr begehrt ist. Wir bitten um Verst\u00e4ndnis, dass sich die Anzahl der Sitzpl\u00e4tze in den Schulbussen nur an der Anzahl der anspruchsberechtigen Sch\u00fcler*innen orientiert.<\/p>\n<p>&nbsp;<\/p>\n<p>In der Rubrik <a href=\"https:\/\/www.ev-esm.org\/de\/dienstleistungen\/transport-german\/mvv-karte\/\">MVV-Karte<\/a> finden Sie dazu weitere Informationen.<\/p>\n<p>&nbsp;<\/p>\n<p>Nach \u00a7 3 Abs. 2 SchBefV hat die Bef\u00f6rderung vorrangig mit Hilfe des \u00f6ffentlichen Personennahverkehrs zu erf\u00fcllen.<\/p>\n<p>&nbsp;<\/p>\n<p>Bitte \u00fcberpr\u00fcfen Sie, ob Ihr Kind m\u00f6glicherweise mit den \u00f6ffentlichen Verkehrsmitteln fahren kann (weitere Informationen finden Sie unter\u202f <a href=\"https:\/\/www.ev-esm.org\/de\/dienstleistungen\/transport-german\/mvv-karte\/\">MVV-Karte<\/a> ).<\/p>\n<p>&nbsp;<\/p>\n<p>Die Sch\u00fcler*innen der Grundschule (Klassen P1 bis P5) und die Sch\u00fcler*innen der H\u00f6heren Schule bis zur Jahrgangsstufe S5 sind berechtigt das 365-Euro-Ticket zu beantragen. F\u00fcr die Sch\u00fcler*innen der H\u00f6heren Schule in den Jahrgangsstufen S6 und S7 gelten dar\u00fcber hinaus gehende Voraussetzungen.<\/p>\n<p>In der Rubrik <a href=\"https:\/\/www.ev-esm.org\/de\/dienstleistungen\/transport-german\/mvv-karte\/\">MVV-Karte<\/a> k\u00f6nnen Sie weitere Information nachlesen.<\/p>\n<p>&nbsp;<\/p>\n<p>Bitte beachten Sie, dass\u202fnur ein Anspruch entweder auf einen Schulbus oder auf die Aush\u00e4ndigung des 365-Euro-Tickets \u202fbesteht. Ein Anspruch auf Bef\u00f6rderung mit dem Schulbus und auf das 365-Euro-Ticket besteht hingegen nicht.<\/p>\n<p>&nbsp;<\/p>\n<p>Im Schuljahr 2025\/2026 wird KEIN zus\u00e4tzlicher Transportservice \u2013 <a href=\"https:\/\/www.ev-esm.org\/de\/dienstleistungen\/transport-german\/shuttlebus-esm-epa\/\">EV-ESM Shuttle<\/a>\u00a0 \u2013 von der EV-ESM organisiert.<\/p>\n<p>&nbsp;<\/p>\n<p>Gem\u00e4\u00df den gesetzlichen Vorgaben ist die Bef\u00f6rderung vorrangig mit Hilfe des \u00f6ffentlichen Personennahverkehr (\u00d6PNV) durchzuf\u00fchren. Ein Schulbus ist nur dann einzusetzen, sofern deren Einsatz notwendig oder insgesamt wirtschaftlicher ist. Aufgrund der sehr guten Anbindung der Grundschule (S-Bahnstation Fasangarten) sollen Sch\u00fcler*innen der Jahrgangsstufen P3 und Jahrgangsstufe P4 verst\u00e4rkt mit dem 365-Euro-Ticket zu Schule fahren.<\/p>\n<p>&nbsp;<\/p>\n<p>Eine Online-Buchung ist f\u00fcr alle Sch\u00fcler*innen \u202fim\u202f<a href=\"http:\/\/ev-esm-booking.org\/\">EV-ESM Booking System<\/a>\u202fverpflichtend, die die Dienstleistung f\u00fcr das kommende Schuljahr 2025\/2026 in Anspruch nehmen wollen. Dies gilt auch f\u00fcr die Sch\u00fcler*innen, die schon im aktuellen Schuljahr 2024\/2025 die Bef\u00f6rderungsleistung in Anspruch genommen hatten.<\/p>\n<p>&nbsp;<\/p>\n<h5><strong>WICHTIG<\/strong>:<\/h5>\n<p>F\u00fcr die neuen Sch\u00fcler*innen an der ESM oder <strong>ODER<\/strong> diejenigen, die die Bef\u00f6rderungsleistungen\u00a0 (KG1, KG2, P1 bis P4 &gt;&gt;Schulbus oder MVV Karte, oder P1 bis P5 und S1 bis S5 &gt;&gt;MVV Karte) im\u202f<strong>Schuljahr 2024\/2025, nicht in Anspruch genommen haben<\/strong>, ist \u202f<strong>zus\u00e4tzlich<\/strong>\u202f<strong>unbedingt<\/strong>\u202fder Antrag im Portal der Landeshauptstadt M\u00fcnchen zu stellen.<\/p>\n<p>&nbsp;<\/p>\n<p>Dies ist unter folgenden Link m\u00f6glich:<\/p>\n<p>&nbsp;<\/p>\n<p><a href=\"https:\/\/service.muenchen.de\/intelliform\/forms\/01\/05\/05\/kostenfreiheit\/index\">https:\/\/service.muenchen.de\/intelliform\/forms\/01\/05\/05\/kostenfreiheit\/index<\/a><\/p>\n<p>&nbsp;<\/p>\n<p>In Absprache mit dem Referat f\u00fcr Bildung und Sport, Abteilung Gast- und Vertragsschulwesen, Sachgebiet Kostenfreiheit des Schulwegs ist es\u202f<strong>NICHT<\/strong>\u202fnotwendig, das PDF oder die Nachweise (Zugeh\u00f6rigkeit zur Schule) zus\u00e4tzlich per Post oder elektronisch zu versenden. Den Familien wird empfohlen, das automatisch generierte PDF auszudrucken und die hochgeladenen Dokumente f\u00fcr sich zu behalten.\u00a0Hierf\u00fcr kontaktieren Sie bitte gerne unser EV-B\u00fcro f\u00fcr die weiteren Fragen oder Hilfe (<a href=\"mailto:office@ev-esm.org\">office@ev-esm.org<\/a>).<\/p>\n<p>&nbsp;<\/p>\n<p><span style=\"color: #0000ff;\"><a style=\"color: #0000ff;\" href=\"https:\/\/www.ev-esm.org\/de\/dienstleistungen\/transport-german\/schulbus\/\">Schulbus<\/a><\/span><\/p>\n<p><span style=\"color: #0000ff;\"><a style=\"color: #0000ff;\" href=\"https:\/\/www.ev-esm.org\/de\/dienstleistungen\/transport-german\/mvv-karte\/\">MVV-Karte<\/a><\/span><\/p>\n<p><span style=\"color: #0000ff;\"><a style=\"color: #0000ff;\" href=\"https:\/\/www.ev-esm.org\/de\/dienstleistungen\/transport-german\/shuttlebus-esm-epa\/\">EV-ESM Shuttle\u00a0<\/a><\/span>[\/vc_column_text][\/vc_column][\/vc_row]<\/p>\n<\/div>","protected":false},"excerpt":{"rendered":"<p>[vc_row css_animation=&#8220;&#8220; row_type=&#8220;row&#8220; use_row_as_full_screen_section=&#8220;no&#8220; type=&#8220;full_width&#8220; angled_section=&#8220;no&#8220; text_align=&#8220;left&#8220; background_image_as_pattern=&#8220;without_pattern&#8220;][vc_column][vc_column_text]Unser Ziel ist einfach:\u202fEine sichere Bef\u00f6rderung\u202faller Sch\u00fcler*innen von Zuhause zur Schule und zur\u00fcck. &nbsp; Die Landeshauptstadt M\u00fcnchen verpflichtet sich aufgrund des Vertrages mit dem Freistaat Bayern, vertreten durch das Bayerische Staatsministerium f\u00fcr Unterricht und Kultus in entsprechender Anwendung der Bestimmungen des Gesetzes \u00fcber die Kostenfreiheit des Schulweges die \u00dcbernahme der Bef\u00f6rderung zur Europ\u00e4ischen Schule M\u00fcnchen (ESM) zu organisieren und den damit verbundenen Verwaltungsaufwand zu tragen. &nbsp; Wir arbeiten mit der Landeshauptstadt M\u00fcnchen und einer Reihe anderer Anbieter*innen partnerschaftlich zusammen, um eine reibungslose und zuverl\u00e4ssige Bef\u00f6rderung aller anspruchsberechtigter Sch\u00fcler*innen zu gew\u00e4hrleisten. Die Landeshauptstadt M\u00fcnchen gew\u00e4hrt allen Sch\u00fcler*innen mit Wohnsitz im Stadtgebiet bis einschlie\u00dflich der Jahrgangsstufe S5 die kostenlose Sch\u00fcler*innenbef\u00f6rderung im Sinne des Gesetzes \u00fcber die Kostenfreiheit des Schulwegs (SchKfrG). Die Bef\u00f6rderung erfolgt zum Auguste-Kent-Platz 3 in M\u00fcnchen als auch zur Elise-Aulinger-Stra\u00dfe 21 in M\u00fcnchen. Das Stadtgebiet umfasst die Postleitzahlen 80000 bis 81999. &nbsp; F\u00fcr&#8230;<\/p>\n","protected":false},"author":2,"featured_media":0,"parent":18933,"menu_order":0,"comment_status":"closed","ping_status":"closed","template":"","meta":{"footnotes":""},"_links":{"self":[{"href":"https:\/\/ev-esm.org\/de\/wp-json\/wp\/v2\/pages\/15858"}],"collection":[{"href":"https:\/\/ev-esm.org\/de\/wp-json\/wp\/v2\/pages"}],"about":[{"href":"https:\/\/ev-esm.org\/de\/wp-json\/wp\/v2\/types\/page"}],"author":[{"embeddable":true,"href":"https:\/\/ev-esm.org\/de\/wp-json\/wp\/v2\/users\/2"}],"replies":[{"embeddable":true,"href":"https:\/\/ev-esm.org\/de\/wp-json\/wp\/v2\/comments?post=15858"}],"version-history":[{"count":51,"href":"https:\/\/ev-esm.org\/de\/wp-json\/wp\/v2\/pages\/15858\/revisions"}],"predecessor-version":[{"id":24751,"href":"https:\/\/ev-esm.org\/de\/wp-json\/wp\/v2\/pages\/15858\/revisions\/24751"}],"up":[{"embeddable":true,"href":"https:\/\/ev-esm.org\/de\/wp-json\/wp\/v2\/pages\/18933"}],"wp:attachment":[{"href":"https:\/\/ev-esm.org\/de\/wp-json\/wp\/v2\/media?parent=15858"}],"curies":[{"name":"wp","href":"https:\/\/api.w.org\/{rel}","templated":true}]}}